{"id":939,"date":"2023-05-11T23:23:43","date_gmt":"2023-05-11T21:23:43","guid":{"rendered":"https:\/\/signum.pb.edu.pl\/usmiech\/?page_id=939"},"modified":"2023-05-14T01:29:30","modified_gmt":"2023-05-13T23:29:30","slug":"nadeslane-prace-2023","status":"publish","type":"page","link":"https:\/\/signum.pb.edu.pl\/usmiech\/?page_id=939","title":{"rendered":"Nades\u0142ane prace 2023"},"content":{"rendered":"<hr>\n<hr>\n<h2 style=\"text-align: center;\"><strong>Szko\u0142a podstawowa (klasy 6-8)<\/strong><\/h2>\n<hr>\n\n\n<figure class=\"wp-block-gallery has-nested-images columns-default is-cropped wp-block-gallery-1 is-layout-flex wp-block-gallery-is-layout-flex\">\n<figure class=\"wp-block-image size-large\"><a href=\"https:\/\/signum.pb.edu.pl\/usmiech\/wp-content\/uploads\/2023\/05\/P001.jpg\"><img loading=\"lazy\" decoding=\"async\" width=\"800\" height=\"599\" data-id=\"942\" src=\"https:\/\/signum.pb.edu.pl\/usmiech\/wp-content\/uploads\/2023\/05\/P001.jpg\" alt=\"1. Inny punkt widzenia\" class=\"wp-image-942\" srcset=\"https:\/\/signum.pb.edu.pl\/usmiech\/wp-content\/uploads\/2023\/05\/P001.jpg 800w, https:\/\/signum.pb.edu.pl\/usmiech\/wp-content\/uploads\/2023\/05\/P001-300x225.jpg 300w, https:\/\/signum.pb.edu.pl\/usmiech\/wp-content\/uploads\/2023\/05\/P001-768x575.jpg 768w\" sizes=\"auto, (max-width: 800px) 100vw, 800px\" \/><\/a><figcaption class=\"wp-element-caption\">1. Inny punkt widzenia<\/figcaption><\/figure>\n\n\n\n<figure class=\"wp-block-image size-full\"><a href=\"https:\/\/signum.pb.edu.pl\/usmiech\/wp-content\/uploads\/2023\/05\/P002.jpg\"><img loading=\"lazy\" decoding=\"async\" width=\"600\" height=\"800\" data-id=\"943\" src=\"https:\/\/signum.pb.edu.pl\/usmiech\/wp-content\/uploads\/2023\/05\/P002.jpg\" alt=\"2. Matematyczna dieta\" class=\"wp-image-943\" srcset=\"https:\/\/signum.pb.edu.pl\/usmiech\/wp-content\/uploads\/2023\/05\/P002.jpg 600w, https:\/\/signum.pb.edu.pl\/usmiech\/wp-content\/uploads\/2023\/05\/P002-225x300.jpg 225w\" sizes=\"auto, (max-width: 600px) 100vw, 600px\" \/><\/a><figcaption class=\"wp-element-caption\">2. Matematyczna dieta<\/figcaption><\/figure>\n\n\n\n<figure class=\"wp-block-image size-large\"><a href=\"https:\/\/signum.pb.edu.pl\/usmiech\/wp-content\/uploads\/2023\/05\/P003.jpg\"><img loading=\"lazy\" decoding=\"async\" width=\"598\" height=\"800\" data-id=\"944\" src=\"https:\/\/signum.pb.edu.pl\/usmiech\/wp-content\/uploads\/2023\/05\/P003.jpg\" alt=\"3. Niesko\u0144czono\u015b\u0107\" class=\"wp-image-944\" srcset=\"https:\/\/signum.pb.edu.pl\/usmiech\/wp-content\/uploads\/2023\/05\/P003.jpg 598w, https:\/\/signum.pb.edu.pl\/usmiech\/wp-content\/uploads\/2023\/05\/P003-224x300.jpg 224w\" sizes=\"auto, (max-width: 598px) 100vw, 598px\" \/><\/a><figcaption class=\"wp-element-caption\">3. Niesko\u0144czono\u015b\u0107<\/figcaption><\/figure>\n\n\n\n<figure class=\"wp-block-image size-large\"><a href=\"https:\/\/signum.pb.edu.pl\/usmiech\/wp-content\/uploads\/2023\/05\/P004.jpg\"><img loading=\"lazy\" decoding=\"async\" width=\"800\" height=\"571\" data-id=\"945\" src=\"https:\/\/signum.pb.edu.pl\/usmiech\/wp-content\/uploads\/2023\/05\/P004.jpg\" alt=\"4. Liczbowa Rodzina\" class=\"wp-image-945\" srcset=\"https:\/\/signum.pb.edu.pl\/usmiech\/wp-content\/uploads\/2023\/05\/P004.jpg 800w, https:\/\/signum.pb.edu.pl\/usmiech\/wp-content\/uploads\/2023\/05\/P004-300x214.jpg 300w, https:\/\/signum.pb.edu.pl\/usmiech\/wp-content\/uploads\/2023\/05\/P004-768x548.jpg 768w\" sizes=\"auto, (max-width: 800px) 100vw, 800px\" \/><\/a><figcaption class=\"wp-element-caption\">4. Liczbowa Rodzina<\/figcaption><\/figure>\n\n\n\n<figure class=\"wp-block-image size-large\"><a href=\"https:\/\/signum.pb.edu.pl\/usmiech\/wp-content\/uploads\/2023\/05\/P005.jpg\"><img loading=\"lazy\" decoding=\"async\" width=\"800\" height=\"600\" data-id=\"946\" src=\"https:\/\/signum.pb.edu.pl\/usmiech\/wp-content\/uploads\/2023\/05\/P005.jpg\" alt=\"5. Cyfrowe rozmowy\" class=\"wp-image-946\" srcset=\"https:\/\/signum.pb.edu.pl\/usmiech\/wp-content\/uploads\/2023\/05\/P005.jpg 800w, https:\/\/signum.pb.edu.pl\/usmiech\/wp-content\/uploads\/2023\/05\/P005-300x225.jpg 300w, https:\/\/signum.pb.edu.pl\/usmiech\/wp-content\/uploads\/2023\/05\/P005-768x576.jpg 768w\" sizes=\"auto, (max-width: 800px) 100vw, 800px\" \/><\/a><figcaption class=\"wp-element-caption\">5. Cyfrowe rozmowy<\/figcaption><\/figure>\n\n\n\n<figure class=\"wp-block-image size-large\"><a href=\"https:\/\/signum.pb.edu.pl\/usmiech\/wp-content\/uploads\/2023\/05\/P007.jpg\"><img loading=\"lazy\" decoding=\"async\" width=\"549\" height=\"800\" data-id=\"948\" src=\"https:\/\/signum.pb.edu.pl\/usmiech\/wp-content\/uploads\/2023\/05\/P007.jpg\" alt=\"6. Figurowe pi\u0119kno \" class=\"wp-image-948\" srcset=\"https:\/\/signum.pb.edu.pl\/usmiech\/wp-content\/uploads\/2023\/05\/P007.jpg 549w, https:\/\/signum.pb.edu.pl\/usmiech\/wp-content\/uploads\/2023\/05\/P007-206x300.jpg 206w\" sizes=\"auto, (max-width: 549px) 100vw, 549px\" \/><\/a><figcaption class=\"wp-element-caption\">6. Figurowe pi\u0119kno <\/figcaption><\/figure>\n\n\n\n<figure class=\"wp-block-image size-large\"><a href=\"https:\/\/signum.pb.edu.pl\/usmiech\/wp-content\/uploads\/2023\/05\/P008.jpg\"><img loading=\"lazy\" decoding=\"async\" width=\"800\" height=\"600\" data-id=\"949\" src=\"https:\/\/signum.pb.edu.pl\/usmiech\/wp-content\/uploads\/2023\/05\/P008.jpg\" alt=\"7. Matematyka w kuchni\" class=\"wp-image-949\" srcset=\"https:\/\/signum.pb.edu.pl\/usmiech\/wp-content\/uploads\/2023\/05\/P008.jpg 800w, https:\/\/signum.pb.edu.pl\/usmiech\/wp-content\/uploads\/2023\/05\/P008-300x225.jpg 300w, https:\/\/signum.pb.edu.pl\/usmiech\/wp-content\/uploads\/2023\/05\/P008-768x576.jpg 768w\" sizes=\"auto, (max-width: 800px) 100vw, 800px\" \/><\/a><figcaption class=\"wp-element-caption\">7. Matematyka w kuchni<\/figcaption><\/figure>\n\n\n\n<figure class=\"wp-block-image size-large\"><a href=\"https:\/\/signum.pb.edu.pl\/usmiech\/wp-content\/uploads\/2023\/05\/P009.jpg\"><img loading=\"lazy\" decoding=\"async\" width=\"600\" height=\"800\" data-id=\"950\" src=\"https:\/\/signum.pb.edu.pl\/usmiech\/wp-content\/uploads\/2023\/05\/P009.jpg\" alt=\"8. Matematyka nie jest taka ci\u0119\u017cka...\" class=\"wp-image-950\" srcset=\"https:\/\/signum.pb.edu.pl\/usmiech\/wp-content\/uploads\/2023\/05\/P009.jpg 600w, https:\/\/signum.pb.edu.pl\/usmiech\/wp-content\/uploads\/2023\/05\/P009-225x300.jpg 225w\" sizes=\"auto, (max-width: 600px) 100vw, 600px\" \/><\/a><figcaption class=\"wp-element-caption\">8. Matematyka nie jest taka ci\u0119\u017cka&#8230;<\/figcaption><\/figure>\n\n\n\n<figure class=\"wp-block-image size-large\"><a href=\"https:\/\/signum.pb.edu.pl\/usmiech\/wp-content\/uploads\/2023\/05\/P010.jpg\"><img loading=\"lazy\" decoding=\"async\" width=\"800\" height=\"574\" data-id=\"951\" src=\"https:\/\/signum.pb.edu.pl\/usmiech\/wp-content\/uploads\/2023\/05\/P010.jpg\" alt=\"9. Pole prostok\u0105ta\" class=\"wp-image-951\" srcset=\"https:\/\/signum.pb.edu.pl\/usmiech\/wp-content\/uploads\/2023\/05\/P010.jpg 800w, https:\/\/signum.pb.edu.pl\/usmiech\/wp-content\/uploads\/2023\/05\/P010-300x215.jpg 300w, https:\/\/signum.pb.edu.pl\/usmiech\/wp-content\/uploads\/2023\/05\/P010-768x551.jpg 768w\" sizes=\"auto, (max-width: 800px) 100vw, 800px\" \/><\/a><figcaption class=\"wp-element-caption\">9. Pole prostok\u0105ta<\/figcaption><\/figure>\n\n\n\n<figure class=\"wp-block-image size-large\"><a href=\"https:\/\/signum.pb.edu.pl\/usmiech\/wp-content\/uploads\/2023\/05\/P011.jpg\"><img loading=\"lazy\" decoding=\"async\" width=\"800\" height=\"600\" data-id=\"952\" src=\"https:\/\/signum.pb.edu.pl\/usmiech\/wp-content\/uploads\/2023\/05\/P011.jpg\" alt=\"10. Ulubione danie matematyka\" class=\"wp-image-952\" srcset=\"https:\/\/signum.pb.edu.pl\/usmiech\/wp-content\/uploads\/2023\/05\/P011.jpg 800w, https:\/\/signum.pb.edu.pl\/usmiech\/wp-content\/uploads\/2023\/05\/P011-300x225.jpg 300w, https:\/\/signum.pb.edu.pl\/usmiech\/wp-content\/uploads\/2023\/05\/P011-768x576.jpg 768w\" sizes=\"auto, (max-width: 800px) 100vw, 800px\" \/><\/a><figcaption class=\"wp-element-caption\">10. Ulubione danie matematyka<\/figcaption><\/figure>\n\n\n\n<figure class=\"wp-block-image size-large\"><a href=\"https:\/\/signum.pb.edu.pl\/usmiech\/wp-content\/uploads\/2023\/05\/P013.jpg\"><img loading=\"lazy\" decoding=\"async\" width=\"800\" height=\"564\" data-id=\"954\" src=\"https:\/\/signum.pb.edu.pl\/usmiech\/wp-content\/uploads\/2023\/05\/P013.jpg\" alt=\"11. Komiks figury\" class=\"wp-image-954\" srcset=\"https:\/\/signum.pb.edu.pl\/usmiech\/wp-content\/uploads\/2023\/05\/P013.jpg 800w, https:\/\/signum.pb.edu.pl\/usmiech\/wp-content\/uploads\/2023\/05\/P013-300x212.jpg 300w, https:\/\/signum.pb.edu.pl\/usmiech\/wp-content\/uploads\/2023\/05\/P013-768x541.jpg 768w\" sizes=\"auto, (max-width: 800px) 100vw, 800px\" \/><\/a><figcaption class=\"wp-element-caption\">11. Komiks figury<\/figcaption><\/figure>\n<\/figure>\n\n\n<hr>\n<hr>\n<h2 style=\"text-align: center;\"><strong>Szko\u0142a \u015brednia<\/strong><\/h2>\n<hr>\n\n\n<figure class=\"wp-block-gallery has-nested-images columns-default is-cropped wp-block-gallery-2 is-layout-flex wp-block-gallery-is-layout-flex\">\n<figure class=\"wp-block-image size-large\"><a href=\"https:\/\/signum.pb.edu.pl\/usmiech\/wp-content\/uploads\/2023\/05\/S001.jpg\"><img loading=\"lazy\" decoding=\"async\" width=\"800\" height=\"600\" data-id=\"965\" src=\"https:\/\/signum.pb.edu.pl\/usmiech\/wp-content\/uploads\/2023\/05\/S001.jpg\" alt=\"1. Jak obliczy\u0107... Suma? \" class=\"wp-image-965\" srcset=\"https:\/\/signum.pb.edu.pl\/usmiech\/wp-content\/uploads\/2023\/05\/S001.jpg 800w, https:\/\/signum.pb.edu.pl\/usmiech\/wp-content\/uploads\/2023\/05\/S001-300x225.jpg 300w, https:\/\/signum.pb.edu.pl\/usmiech\/wp-content\/uploads\/2023\/05\/S001-768x576.jpg 768w\" sizes=\"auto, (max-width: 800px) 100vw, 800px\" \/><\/a><figcaption class=\"wp-element-caption\">1. Jak obliczy\u0107&#8230; Suma? <\/figcaption><\/figure>\n\n\n\n<figure class=\"wp-block-image size-large\"><a href=\"https:\/\/signum.pb.edu.pl\/usmiech\/wp-content\/uploads\/2023\/05\/S002.jpg\"><img loading=\"lazy\" decoding=\"async\" width=\"800\" height=\"614\" data-id=\"966\" src=\"https:\/\/signum.pb.edu.pl\/usmiech\/wp-content\/uploads\/2023\/05\/S002.jpg\" alt=\"2. Kwestia pisowni\" class=\"wp-image-966\" srcset=\"https:\/\/signum.pb.edu.pl\/usmiech\/wp-content\/uploads\/2023\/05\/S002.jpg 800w, https:\/\/signum.pb.edu.pl\/usmiech\/wp-content\/uploads\/2023\/05\/S002-300x230.jpg 300w, https:\/\/signum.pb.edu.pl\/usmiech\/wp-content\/uploads\/2023\/05\/S002-768x589.jpg 768w\" sizes=\"auto, (max-width: 800px) 100vw, 800px\" \/><\/a><figcaption class=\"wp-element-caption\">2. Kwestia pisowni<\/figcaption><\/figure>\n\n\n\n<figure class=\"wp-block-image size-large\"><a href=\"https:\/\/signum.pb.edu.pl\/usmiech\/wp-content\/uploads\/2023\/05\/S003.jpg\"><img loading=\"lazy\" decoding=\"async\" width=\"600\" height=\"800\" data-id=\"967\" src=\"https:\/\/signum.pb.edu.pl\/usmiech\/wp-content\/uploads\/2023\/05\/S003.jpg\" alt=\"3. Nieko\u0144cz\u0105cy si\u0119 deszcz \" class=\"wp-image-967\" srcset=\"https:\/\/signum.pb.edu.pl\/usmiech\/wp-content\/uploads\/2023\/05\/S003.jpg 600w, https:\/\/signum.pb.edu.pl\/usmiech\/wp-content\/uploads\/2023\/05\/S003-225x300.jpg 225w\" sizes=\"auto, (max-width: 600px) 100vw, 600px\" \/><\/a><figcaption class=\"wp-element-caption\">3. Nieko\u0144cz\u0105cy si\u0119 deszcz <\/figcaption><\/figure>\n\n\n\n<figure class=\"wp-block-image size-large\"><a href=\"https:\/\/signum.pb.edu.pl\/usmiech\/wp-content\/uploads\/2023\/05\/S004.jpg\"><img loading=\"lazy\" decoding=\"async\" width=\"591\" height=\"424\" data-id=\"968\" src=\"https:\/\/signum.pb.edu.pl\/usmiech\/wp-content\/uploads\/2023\/05\/S004.jpg\" alt=\"4. Matematyka jak z bajki\" class=\"wp-image-968\" srcset=\"https:\/\/signum.pb.edu.pl\/usmiech\/wp-content\/uploads\/2023\/05\/S004.jpg 591w, https:\/\/signum.pb.edu.pl\/usmiech\/wp-content\/uploads\/2023\/05\/S004-300x215.jpg 300w\" sizes=\"auto, (max-width: 591px) 100vw, 591px\" \/><\/a><figcaption class=\"wp-element-caption\">4. Matematyka jak z bajki<\/figcaption><\/figure>\n\n\n\n<figure class=\"wp-block-image size-large\"><a href=\"https:\/\/signum.pb.edu.pl\/usmiech\/wp-content\/uploads\/2023\/05\/S005.jpg\"><img loading=\"lazy\" decoding=\"async\" width=\"656\" height=\"384\" data-id=\"969\" src=\"https:\/\/signum.pb.edu.pl\/usmiech\/wp-content\/uploads\/2023\/05\/S005.jpg\" alt=\"5. &quot;PI''szcz\u0105ce kurczaki\" class=\"wp-image-969\" srcset=\"https:\/\/signum.pb.edu.pl\/usmiech\/wp-content\/uploads\/2023\/05\/S005.jpg 656w, https:\/\/signum.pb.edu.pl\/usmiech\/wp-content\/uploads\/2023\/05\/S005-300x176.jpg 300w\" sizes=\"auto, (max-width: 656px) 100vw, 656px\" \/><\/a><figcaption class=\"wp-element-caption\">5. &#8222;PI&#8221;szcz\u0105ce kurczaki<\/figcaption><\/figure>\n\n\n\n<figure class=\"wp-block-image size-large\"><a href=\"https:\/\/signum.pb.edu.pl\/usmiech\/wp-content\/uploads\/2023\/05\/S006.jpg\"><img loading=\"lazy\" decoding=\"async\" width=\"800\" height=\"600\" data-id=\"970\" src=\"https:\/\/signum.pb.edu.pl\/usmiech\/wp-content\/uploads\/2023\/05\/S006.jpg\" alt=\"6. Kr\u00f3lowa nauk\" class=\"wp-image-970\" srcset=\"https:\/\/signum.pb.edu.pl\/usmiech\/wp-content\/uploads\/2023\/05\/S006.jpg 800w, https:\/\/signum.pb.edu.pl\/usmiech\/wp-content\/uploads\/2023\/05\/S006-300x225.jpg 300w, https:\/\/signum.pb.edu.pl\/usmiech\/wp-content\/uploads\/2023\/05\/S006-768x576.jpg 768w\" sizes=\"auto, (max-width: 800px) 100vw, 800px\" \/><\/a><figcaption class=\"wp-element-caption\">6. Kr\u00f3lowa nauk<\/figcaption><\/figure>\n\n\n\n<figure class=\"wp-block-image size-large\"><a href=\"https:\/\/signum.pb.edu.pl\/usmiech\/wp-content\/uploads\/2023\/05\/S007.jpg\"><img loading=\"lazy\" decoding=\"async\" width=\"599\" height=\"800\" data-id=\"971\" src=\"https:\/\/signum.pb.edu.pl\/usmiech\/wp-content\/uploads\/2023\/05\/S007.jpg\" alt=\"7. Musz\u0119 was policzy\u0107 ilu was jest\" class=\"wp-image-971\" srcset=\"https:\/\/signum.pb.edu.pl\/usmiech\/wp-content\/uploads\/2023\/05\/S007.jpg 599w, https:\/\/signum.pb.edu.pl\/usmiech\/wp-content\/uploads\/2023\/05\/S007-225x300.jpg 225w\" sizes=\"auto, (max-width: 599px) 100vw, 599px\" \/><\/a><figcaption class=\"wp-element-caption\">7. Musz\u0119 was policzy\u0107 ilu was jest<\/figcaption><\/figure>\n\n\n\n<figure class=\"wp-block-image size-large\"><a href=\"https:\/\/signum.pb.edu.pl\/usmiech\/wp-content\/uploads\/2023\/05\/S008.jpg\"><img loading=\"lazy\" decoding=\"async\" width=\"800\" height=\"600\" data-id=\"972\" src=\"https:\/\/signum.pb.edu.pl\/usmiech\/wp-content\/uploads\/2023\/05\/S008.jpg\" alt=\"8. Licz na siebie\" class=\"wp-image-972\" srcset=\"https:\/\/signum.pb.edu.pl\/usmiech\/wp-content\/uploads\/2023\/05\/S008.jpg 800w, https:\/\/signum.pb.edu.pl\/usmiech\/wp-content\/uploads\/2023\/05\/S008-300x225.jpg 300w, https:\/\/signum.pb.edu.pl\/usmiech\/wp-content\/uploads\/2023\/05\/S008-768x576.jpg 768w\" sizes=\"auto, (max-width: 800px) 100vw, 800px\" \/><\/a><figcaption class=\"wp-element-caption\">8. Licz na siebie<\/figcaption><\/figure>\n\n\n\n<figure class=\"wp-block-image size-large\"><a href=\"https:\/\/signum.pb.edu.pl\/usmiech\/wp-content\/uploads\/2023\/05\/S009.jpg\"><img loading=\"lazy\" decoding=\"async\" width=\"441\" height=\"599\" data-id=\"973\" src=\"https:\/\/signum.pb.edu.pl\/usmiech\/wp-content\/uploads\/2023\/05\/S009.jpg\" alt=\"9. Wracaj\u0105ca gwiazda\" class=\"wp-image-973\" srcset=\"https:\/\/signum.pb.edu.pl\/usmiech\/wp-content\/uploads\/2023\/05\/S009.jpg 441w, https:\/\/signum.pb.edu.pl\/usmiech\/wp-content\/uploads\/2023\/05\/S009-221x300.jpg 221w\" sizes=\"auto, (max-width: 441px) 100vw, 441px\" \/><\/a><figcaption class=\"wp-element-caption\">9. Wracaj\u0105ca gwiazda<\/figcaption><\/figure>\n\n\n\n<figure class=\"wp-block-image size-large\"><a href=\"https:\/\/signum.pb.edu.pl\/usmiech\/wp-content\/uploads\/2023\/05\/S011.jpg\"><img loading=\"lazy\" decoding=\"async\" width=\"800\" height=\"552\" data-id=\"975\" src=\"https:\/\/signum.pb.edu.pl\/usmiech\/wp-content\/uploads\/2023\/05\/S011.jpg\" alt=\"10. Przerwa szkolna\" class=\"wp-image-975\" srcset=\"https:\/\/signum.pb.edu.pl\/usmiech\/wp-content\/uploads\/2023\/05\/S011.jpg 800w, https:\/\/signum.pb.edu.pl\/usmiech\/wp-content\/uploads\/2023\/05\/S011-300x207.jpg 300w, https:\/\/signum.pb.edu.pl\/usmiech\/wp-content\/uploads\/2023\/05\/S011-768x530.jpg 768w\" sizes=\"auto, (max-width: 800px) 100vw, 800px\" \/><\/a><figcaption class=\"wp-element-caption\">10. Przerwa szkolna<\/figcaption><\/figure>\n\n\n\n<figure class=\"wp-block-image size-large\"><a href=\"https:\/\/signum.pb.edu.pl\/usmiech\/wp-content\/uploads\/2023\/05\/S012.jpg\"><img loading=\"lazy\" decoding=\"async\" width=\"800\" height=\"542\" data-id=\"976\" src=\"https:\/\/signum.pb.edu.pl\/usmiech\/wp-content\/uploads\/2023\/05\/S012.jpg\" alt=\"11. Koty do kwadratu\" class=\"wp-image-976\" srcset=\"https:\/\/signum.pb.edu.pl\/usmiech\/wp-content\/uploads\/2023\/05\/S012.jpg 800w, https:\/\/signum.pb.edu.pl\/usmiech\/wp-content\/uploads\/2023\/05\/S012-300x203.jpg 300w, https:\/\/signum.pb.edu.pl\/usmiech\/wp-content\/uploads\/2023\/05\/S012-768x520.jpg 768w\" sizes=\"auto, (max-width: 800px) 100vw, 800px\" \/><\/a><figcaption class=\"wp-element-caption\">11. Koty do kwadratu<\/figcaption><\/figure>\n\n\n\n<figure class=\"wp-block-image size-large\"><a href=\"https:\/\/signum.pb.edu.pl\/usmiech\/wp-content\/uploads\/2023\/05\/S013.jpg\"><img loading=\"lazy\" decoding=\"async\" width=\"602\" height=\"800\" data-id=\"977\" src=\"https:\/\/signum.pb.edu.pl\/usmiech\/wp-content\/uploads\/2023\/05\/S013.jpg\" alt=\"12. Narz\u0105dy matematyczne\" class=\"wp-image-977\" srcset=\"https:\/\/signum.pb.edu.pl\/usmiech\/wp-content\/uploads\/2023\/05\/S013.jpg 602w, https:\/\/signum.pb.edu.pl\/usmiech\/wp-content\/uploads\/2023\/05\/S013-226x300.jpg 226w\" sizes=\"auto, (max-width: 602px) 100vw, 602px\" \/><\/a><figcaption class=\"wp-element-caption\">12. Narz\u0105dy matematyczne<\/figcaption><\/figure>\n\n\n\n<figure class=\"wp-block-image size-large\"><a href=\"https:\/\/signum.pb.edu.pl\/usmiech\/wp-content\/uploads\/2023\/05\/S014.jpg\"><img loading=\"lazy\" decoding=\"async\" width=\"800\" height=\"565\" data-id=\"978\" src=\"https:\/\/signum.pb.edu.pl\/usmiech\/wp-content\/uploads\/2023\/05\/S014.jpg\" alt=\"13. Rybak Matematyk\" class=\"wp-image-978\" srcset=\"https:\/\/signum.pb.edu.pl\/usmiech\/wp-content\/uploads\/2023\/05\/S014.jpg 800w, https:\/\/signum.pb.edu.pl\/usmiech\/wp-content\/uploads\/2023\/05\/S014-300x212.jpg 300w, https:\/\/signum.pb.edu.pl\/usmiech\/wp-content\/uploads\/2023\/05\/S014-768x542.jpg 768w\" sizes=\"auto, (max-width: 800px) 100vw, 800px\" \/><\/a><figcaption class=\"wp-element-caption\">13. Rybak Matematyk<\/figcaption><\/figure>\n\n\n\n<figure class=\"wp-block-image size-large\"><a href=\"https:\/\/signum.pb.edu.pl\/usmiech\/wp-content\/uploads\/2023\/05\/S015.jpg\"><img loading=\"lazy\" decoding=\"async\" width=\"800\" height=\"581\" data-id=\"979\" src=\"https:\/\/signum.pb.edu.pl\/usmiech\/wp-content\/uploads\/2023\/05\/S015.jpg\" alt=\"14. Wsz\u0119dzie ta matematyka!\" class=\"wp-image-979\" srcset=\"https:\/\/signum.pb.edu.pl\/usmiech\/wp-content\/uploads\/2023\/05\/S015.jpg 800w, https:\/\/signum.pb.edu.pl\/usmiech\/wp-content\/uploads\/2023\/05\/S015-300x218.jpg 300w, https:\/\/signum.pb.edu.pl\/usmiech\/wp-content\/uploads\/2023\/05\/S015-768x558.jpg 768w\" sizes=\"auto, (max-width: 800px) 100vw, 800px\" \/><\/a><figcaption class=\"wp-element-caption\">14. Wsz\u0119dzie ta matematyka!<\/figcaption><\/figure>\n\n\n\n<figure class=\"wp-block-image size-large\"><a href=\"https:\/\/signum.pb.edu.pl\/usmiech\/wp-content\/uploads\/2023\/05\/S016.jpg\"><img loading=\"lazy\" decoding=\"async\" width=\"565\" height=\"800\" data-id=\"980\" src=\"https:\/\/signum.pb.edu.pl\/usmiech\/wp-content\/uploads\/2023\/05\/S016.jpg\" alt=\"15. Matematyk przed sol\u00f3wk\u0105\" class=\"wp-image-980\" srcset=\"https:\/\/signum.pb.edu.pl\/usmiech\/wp-content\/uploads\/2023\/05\/S016.jpg 565w, https:\/\/signum.pb.edu.pl\/usmiech\/wp-content\/uploads\/2023\/05\/S016-212x300.jpg 212w\" sizes=\"auto, (max-width: 565px) 100vw, 565px\" \/><\/a><figcaption class=\"wp-element-caption\">15. Matematyk przed sol\u00f3wk\u0105<\/figcaption><\/figure>\n\n\n\n<figure class=\"wp-block-image size-large\"><a href=\"https:\/\/signum.pb.edu.pl\/usmiech\/wp-content\/uploads\/2023\/05\/S017.jpg\"><img loading=\"lazy\" decoding=\"async\" width=\"565\" height=\"800\" data-id=\"981\" src=\"https:\/\/signum.pb.edu.pl\/usmiech\/wp-content\/uploads\/2023\/05\/S017.jpg\" alt=\"16. Funkcja kwadratowa\" class=\"wp-image-981\" srcset=\"https:\/\/signum.pb.edu.pl\/usmiech\/wp-content\/uploads\/2023\/05\/S017.jpg 565w, https:\/\/signum.pb.edu.pl\/usmiech\/wp-content\/uploads\/2023\/05\/S017-212x300.jpg 212w\" sizes=\"auto, (max-width: 565px) 100vw, 565px\" \/><\/a><figcaption class=\"wp-element-caption\">16. Funkcja kwadratowa<\/figcaption><\/figure>\n\n\n\n<figure class=\"wp-block-image size-large\"><a href=\"https:\/\/signum.pb.edu.pl\/usmiech\/wp-content\/uploads\/2023\/05\/S018.jpg\"><img loading=\"lazy\" decoding=\"async\" width=\"565\" height=\"800\" data-id=\"982\" src=\"https:\/\/signum.pb.edu.pl\/usmiech\/wp-content\/uploads\/2023\/05\/S018.jpg\" alt=\"17. Kim jeste\u015b matematyko \" class=\"wp-image-982\" srcset=\"https:\/\/signum.pb.edu.pl\/usmiech\/wp-content\/uploads\/2023\/05\/S018.jpg 565w, https:\/\/signum.pb.edu.pl\/usmiech\/wp-content\/uploads\/2023\/05\/S018-212x300.jpg 212w\" sizes=\"auto, (max-width: 565px) 100vw, 565px\" \/><\/a><figcaption class=\"wp-element-caption\">17. Kim jeste\u015b matematyko <\/figcaption><\/figure>\n\n\n\n<figure class=\"wp-block-image size-large\"><a href=\"https:\/\/signum.pb.edu.pl\/usmiech\/wp-content\/uploads\/2023\/05\/S019.jpg\"><img loading=\"lazy\" decoding=\"async\" width=\"565\" height=\"800\" data-id=\"983\" src=\"https:\/\/signum.pb.edu.pl\/usmiech\/wp-content\/uploads\/2023\/05\/S019.jpg\" alt=\"18. Matematyczny wodospad\" class=\"wp-image-983\" srcset=\"https:\/\/signum.pb.edu.pl\/usmiech\/wp-content\/uploads\/2023\/05\/S019.jpg 565w, https:\/\/signum.pb.edu.pl\/usmiech\/wp-content\/uploads\/2023\/05\/S019-212x300.jpg 212w\" sizes=\"auto, (max-width: 565px) 100vw, 565px\" \/><\/a><figcaption class=\"wp-element-caption\">18. Matematyczny wodospad<\/figcaption><\/figure>\n\n\n\n<figure class=\"wp-block-image size-large\"><a href=\"https:\/\/signum.pb.edu.pl\/usmiech\/wp-content\/uploads\/2023\/05\/S020.jpg\"><img loading=\"lazy\" decoding=\"async\" width=\"800\" height=\"600\" data-id=\"984\" src=\"https:\/\/signum.pb.edu.pl\/usmiech\/wp-content\/uploads\/2023\/05\/S020.jpg\" alt=\"19. Skocznia mamucia\" class=\"wp-image-984\" srcset=\"https:\/\/signum.pb.edu.pl\/usmiech\/wp-content\/uploads\/2023\/05\/S020.jpg 800w, https:\/\/signum.pb.edu.pl\/usmiech\/wp-content\/uploads\/2023\/05\/S020-300x225.jpg 300w, https:\/\/signum.pb.edu.pl\/usmiech\/wp-content\/uploads\/2023\/05\/S020-768x576.jpg 768w\" sizes=\"auto, (max-width: 800px) 100vw, 800px\" \/><\/a><figcaption class=\"wp-element-caption\">19. Skocznia mamucia<\/figcaption><\/figure>\n\n\n\n<figure class=\"wp-block-image size-large\"><a href=\"https:\/\/signum.pb.edu.pl\/usmiech\/wp-content\/uploads\/2023\/05\/S021.jpg\"><img loading=\"lazy\" decoding=\"async\" width=\"800\" height=\"585\" data-id=\"985\" src=\"https:\/\/signum.pb.edu.pl\/usmiech\/wp-content\/uploads\/2023\/05\/S021.jpg\" alt=\"20. Matematyczne Wy\u017cyny\" class=\"wp-image-985\" srcset=\"https:\/\/signum.pb.edu.pl\/usmiech\/wp-content\/uploads\/2023\/05\/S021.jpg 800w, https:\/\/signum.pb.edu.pl\/usmiech\/wp-content\/uploads\/2023\/05\/S021-300x219.jpg 300w, https:\/\/signum.pb.edu.pl\/usmiech\/wp-content\/uploads\/2023\/05\/S021-768x562.jpg 768w\" sizes=\"auto, (max-width: 800px) 100vw, 800px\" \/><\/a><figcaption class=\"wp-element-caption\">20. Matematyczne Wy\u017cyny<\/figcaption><\/figure>\n\n\n\n<figure class=\"wp-block-image size-large\"><a href=\"https:\/\/signum.pb.edu.pl\/usmiech\/wp-content\/uploads\/2023\/05\/S022.jpg\"><img loading=\"lazy\" decoding=\"async\" width=\"640\" height=\"445\" data-id=\"986\" src=\"https:\/\/signum.pb.edu.pl\/usmiech\/wp-content\/uploads\/2023\/05\/S022.jpg\" alt=\"21. Pradawna Zagadka\" class=\"wp-image-986\" srcset=\"https:\/\/signum.pb.edu.pl\/usmiech\/wp-content\/uploads\/2023\/05\/S022.jpg 640w, https:\/\/signum.pb.edu.pl\/usmiech\/wp-content\/uploads\/2023\/05\/S022-300x209.jpg 300w\" sizes=\"auto, (max-width: 640px) 100vw, 640px\" \/><\/a><figcaption class=\"wp-element-caption\">21. Pradawna Zagadka<\/figcaption><\/figure>\n<\/figure>\n","protected":false},"excerpt":{"rendered":"<p>Szko\u0142a podstawowa (klasy 6-8) Szko\u0142a \u015brednia<\/p>\n","protected":false},"author":1,"featured_media":0,"parent":0,"menu_order":0,"comment_status":"closed","ping_status":"closed","template":"","meta":{"footnotes":""},"class_list":["post-939","page","type-page","status-publish","hentry"],"_links":{"self":[{"href":"https:\/\/signum.pb.edu.pl\/usmiech\/index.php?rest_route=\/wp\/v2\/pages\/939","targetHints":{"allow":["GET"]}}],"collection":[{"href":"https:\/\/signum.pb.edu.pl\/usmiech\/index.php?rest_route=\/wp\/v2\/pages"}],"about":[{"href":"https:\/\/signum.pb.edu.pl\/usmiech\/index.php?rest_route=\/wp\/v2\/types\/page"}],"author":[{"embeddable":true,"href":"https:\/\/signum.pb.edu.pl\/usmiech\/index.php?rest_route=\/wp\/v2\/users\/1"}],"replies":[{"embeddable":true,"href":"https:\/\/signum.pb.edu.pl\/usmiech\/index.php?rest_route=%2Fwp%2Fv2%2Fcomments&post=939"}],"version-history":[{"count":15,"href":"https:\/\/signum.pb.edu.pl\/usmiech\/index.php?rest_route=\/wp\/v2\/pages\/939\/revisions"}],"predecessor-version":[{"id":999,"href":"https:\/\/signum.pb.edu.pl\/usmiech\/index.php?rest_route=\/wp\/v2\/pages\/939\/revisions\/999"}],"wp:attachment":[{"href":"https:\/\/signum.pb.edu.pl\/usmiech\/index.php?rest_route=%2Fwp%2Fv2%2Fmedia&parent=939"}],"curies":[{"name":"wp","href":"https:\/\/api.w.org\/{rel}","templated":true}]}}