{"id":806,"date":"2022-05-05T23:45:42","date_gmt":"2022-05-05T21:45:42","guid":{"rendered":"https:\/\/signum.pb.edu.pl\/usmiech\/?page_id=806"},"modified":"2022-05-06T20:07:48","modified_gmt":"2022-05-06T18:07:48","slug":"806-2","status":"publish","type":"page","link":"https:\/\/signum.pb.edu.pl\/usmiech\/?page_id=806","title":{"rendered":"Nades\u0142ane prace 2022"},"content":{"rendered":"<hr>\n<h2 style=\"text-align: center;\"><strong>Szko\u0142a podstawowa (klasy 6-8)<\/strong><\/h2>\n<hr>\n\n\n<figure class=\"wp-block-gallery has-nested-images columns-default is-cropped wp-block-gallery-1 is-layout-flex wp-block-gallery-is-layout-flex\">\n<figure class=\"wp-block-image size-thumbnail\"><a href=\"https:\/\/signum.pb.edu.pl\/usmiech\/wp-content\/uploads\/2022\/05\/P001-rotated.jpg\"><img loading=\"lazy\" decoding=\"async\" width=\"150\" height=\"150\" data-id=\"808\" src=\"https:\/\/signum.pb.edu.pl\/usmiech\/wp-content\/uploads\/2022\/05\/P001-150x150.jpg\" alt=\"1. Matematyka \u017c\u00f3\u0142tego chemika\" class=\"wp-image-808\"\/><\/a><figcaption>1. Matematyka \u017c\u00f3\u0142tego chemika<\/figcaption><\/figure>\n\n\n\n<figure class=\"wp-block-image size-large\"><a href=\"https:\/\/signum.pb.edu.pl\/usmiech\/wp-content\/uploads\/2022\/05\/P002.jpg\"><img loading=\"lazy\" decoding=\"async\" width=\"800\" height=\"600\" data-id=\"809\" src=\"https:\/\/signum.pb.edu.pl\/usmiech\/wp-content\/uploads\/2022\/05\/P002.jpg\" alt=\"2. Matematyczna uczta na bagnie\" class=\"wp-image-809\" srcset=\"https:\/\/signum.pb.edu.pl\/usmiech\/wp-content\/uploads\/2022\/05\/P002.jpg 800w, https:\/\/signum.pb.edu.pl\/usmiech\/wp-content\/uploads\/2022\/05\/P002-300x225.jpg 300w, https:\/\/signum.pb.edu.pl\/usmiech\/wp-content\/uploads\/2022\/05\/P002-768x576.jpg 768w\" sizes=\"auto, (max-width: 800px) 100vw, 800px\" \/><\/a><figcaption>2. Matematyczna uczta na bagnie<\/figcaption><\/figure>\n\n\n\n<figure class=\"wp-block-image size-large\"><a href=\"https:\/\/signum.pb.edu.pl\/usmiech\/wp-content\/uploads\/2022\/05\/P004.jpg\"><img loading=\"lazy\" decoding=\"async\" width=\"752\" height=\"519\" data-id=\"807\" src=\"https:\/\/signum.pb.edu.pl\/usmiech\/wp-content\/uploads\/2022\/05\/P004.jpg\" alt=\"3. Przypad\u0142o\u015b\u0107 matematyczna\" class=\"wp-image-807\" srcset=\"https:\/\/signum.pb.edu.pl\/usmiech\/wp-content\/uploads\/2022\/05\/P004.jpg 752w, https:\/\/signum.pb.edu.pl\/usmiech\/wp-content\/uploads\/2022\/05\/P004-300x207.jpg 300w\" sizes=\"auto, (max-width: 752px) 100vw, 752px\" \/><\/a><figcaption>3. Przypad\u0142o\u015b\u0107 matematyczna<\/figcaption><\/figure>\n\n\n\n<figure class=\"wp-block-image size-large\"><a href=\"https:\/\/signum.pb.edu.pl\/usmiech\/wp-content\/uploads\/2022\/05\/P005.jpg\"><img loading=\"lazy\" decoding=\"async\" width=\"800\" height=\"570\" data-id=\"810\" src=\"https:\/\/signum.pb.edu.pl\/usmiech\/wp-content\/uploads\/2022\/05\/P005.jpg\" alt=\"4. Matematyczne Po\u0142owy\" class=\"wp-image-810\" srcset=\"https:\/\/signum.pb.edu.pl\/usmiech\/wp-content\/uploads\/2022\/05\/P005.jpg 800w, https:\/\/signum.pb.edu.pl\/usmiech\/wp-content\/uploads\/2022\/05\/P005-300x214.jpg 300w, https:\/\/signum.pb.edu.pl\/usmiech\/wp-content\/uploads\/2022\/05\/P005-768x547.jpg 768w\" sizes=\"auto, (max-width: 800px) 100vw, 800px\" \/><\/a><figcaption>4. Matematyczne Po\u0142owy<\/figcaption><\/figure>\n\n\n\n<figure class=\"wp-block-image size-large\"><a href=\"https:\/\/signum.pb.edu.pl\/usmiech\/wp-content\/uploads\/2022\/05\/P009.jpg\"><img loading=\"lazy\" decoding=\"async\" width=\"800\" height=\"600\" data-id=\"812\" src=\"https:\/\/signum.pb.edu.pl\/usmiech\/wp-content\/uploads\/2022\/05\/P009.jpg\" alt=\"5. U\u0142amkowa mi\u0142o\u015b\u0107\" class=\"wp-image-812\" srcset=\"https:\/\/signum.pb.edu.pl\/usmiech\/wp-content\/uploads\/2022\/05\/P009.jpg 800w, https:\/\/signum.pb.edu.pl\/usmiech\/wp-content\/uploads\/2022\/05\/P009-300x225.jpg 300w, https:\/\/signum.pb.edu.pl\/usmiech\/wp-content\/uploads\/2022\/05\/P009-768x576.jpg 768w\" sizes=\"auto, (max-width: 800px) 100vw, 800px\" \/><\/a><figcaption>5. U\u0142amkowa mi\u0142o\u015b\u0107<\/figcaption><\/figure>\n\n\n\n<figure class=\"wp-block-image size-large\"><a href=\"https:\/\/signum.pb.edu.pl\/usmiech\/wp-content\/uploads\/2022\/05\/P010.jpg\"><img loading=\"lazy\" decoding=\"async\" width=\"600\" height=\"800\" data-id=\"813\" src=\"https:\/\/signum.pb.edu.pl\/usmiech\/wp-content\/uploads\/2022\/05\/P010.jpg\" alt=\"6. Krokodyl i Pitagoras\" class=\"wp-image-813\" srcset=\"https:\/\/signum.pb.edu.pl\/usmiech\/wp-content\/uploads\/2022\/05\/P010.jpg 600w, https:\/\/signum.pb.edu.pl\/usmiech\/wp-content\/uploads\/2022\/05\/P010-225x300.jpg 225w\" sizes=\"auto, (max-width: 600px) 100vw, 600px\" \/><\/a><figcaption>6. Krokodyl i Pitagoras<\/figcaption><\/figure>\n\n\n\n<figure class=\"wp-block-image size-large\"><a href=\"https:\/\/signum.pb.edu.pl\/usmiech\/wp-content\/uploads\/2022\/05\/P011.jpg\"><img loading=\"lazy\" decoding=\"async\" width=\"800\" height=\"600\" data-id=\"811\" src=\"https:\/\/signum.pb.edu.pl\/usmiech\/wp-content\/uploads\/2022\/05\/P011.jpg\" alt=\"7. Porachunki z ko\u015b\u0107mi\" class=\"wp-image-811\" srcset=\"https:\/\/signum.pb.edu.pl\/usmiech\/wp-content\/uploads\/2022\/05\/P011.jpg 800w, https:\/\/signum.pb.edu.pl\/usmiech\/wp-content\/uploads\/2022\/05\/P011-300x225.jpg 300w, https:\/\/signum.pb.edu.pl\/usmiech\/wp-content\/uploads\/2022\/05\/P011-768x576.jpg 768w\" sizes=\"auto, (max-width: 800px) 100vw, 800px\" \/><\/a><figcaption>7. Porachunki z ko\u015b\u0107mi<\/figcaption><\/figure>\n\n\n\n<figure class=\"wp-block-image size-large\"><a href=\"https:\/\/signum.pb.edu.pl\/usmiech\/wp-content\/uploads\/2022\/05\/P012.jpg\"><img loading=\"lazy\" decoding=\"async\" width=\"800\" height=\"600\" data-id=\"814\" src=\"https:\/\/signum.pb.edu.pl\/usmiech\/wp-content\/uploads\/2022\/05\/P012.jpg\" alt=\"8. Wyprowadzenie wzoru\" class=\"wp-image-814\" srcset=\"https:\/\/signum.pb.edu.pl\/usmiech\/wp-content\/uploads\/2022\/05\/P012.jpg 800w, https:\/\/signum.pb.edu.pl\/usmiech\/wp-content\/uploads\/2022\/05\/P012-300x225.jpg 300w, https:\/\/signum.pb.edu.pl\/usmiech\/wp-content\/uploads\/2022\/05\/P012-768x576.jpg 768w\" sizes=\"auto, (max-width: 800px) 100vw, 800px\" \/><\/a><figcaption>8. Wyprowadzenie wzoru<\/figcaption><\/figure>\n\n\n\n<figure class=\"wp-block-image size-large\"><a href=\"https:\/\/signum.pb.edu.pl\/usmiech\/wp-content\/uploads\/2022\/05\/P013.jpg\"><img loading=\"lazy\" decoding=\"async\" width=\"800\" height=\"600\" data-id=\"815\" src=\"https:\/\/signum.pb.edu.pl\/usmiech\/wp-content\/uploads\/2022\/05\/P013.jpg\" alt=\"9. Matkotek\" class=\"wp-image-815\" srcset=\"https:\/\/signum.pb.edu.pl\/usmiech\/wp-content\/uploads\/2022\/05\/P013.jpg 800w, https:\/\/signum.pb.edu.pl\/usmiech\/wp-content\/uploads\/2022\/05\/P013-300x225.jpg 300w, https:\/\/signum.pb.edu.pl\/usmiech\/wp-content\/uploads\/2022\/05\/P013-768x576.jpg 768w\" sizes=\"auto, (max-width: 800px) 100vw, 800px\" \/><\/a><figcaption>9. Matkotek<\/figcaption><\/figure>\n\n\n\n<figure class=\"wp-block-image size-large\"><a href=\"https:\/\/signum.pb.edu.pl\/usmiech\/wp-content\/uploads\/2022\/05\/P014.jpg\"><img loading=\"lazy\" decoding=\"async\" width=\"800\" height=\"611\" data-id=\"816\" src=\"https:\/\/signum.pb.edu.pl\/usmiech\/wp-content\/uploads\/2022\/05\/P014.jpg\" alt=\"10. Meowtematyka\" class=\"wp-image-816\" srcset=\"https:\/\/signum.pb.edu.pl\/usmiech\/wp-content\/uploads\/2022\/05\/P014.jpg 800w, https:\/\/signum.pb.edu.pl\/usmiech\/wp-content\/uploads\/2022\/05\/P014-300x229.jpg 300w, https:\/\/signum.pb.edu.pl\/usmiech\/wp-content\/uploads\/2022\/05\/P014-768x587.jpg 768w\" sizes=\"auto, (max-width: 800px) 100vw, 800px\" \/><\/a><figcaption>10. Meowtematyka<\/figcaption><\/figure>\n\n\n\n<figure class=\"wp-block-image size-large\"><a href=\"https:\/\/signum.pb.edu.pl\/usmiech\/wp-content\/uploads\/2022\/05\/P015.jpg\"><img loading=\"lazy\" decoding=\"async\" width=\"800\" height=\"449\" data-id=\"817\" src=\"https:\/\/signum.pb.edu.pl\/usmiech\/wp-content\/uploads\/2022\/05\/P015.jpg\" alt=\"11. Pi pe\u0142ne wra\u017ce\u0144\" class=\"wp-image-817\" srcset=\"https:\/\/signum.pb.edu.pl\/usmiech\/wp-content\/uploads\/2022\/05\/P015.jpg 800w, https:\/\/signum.pb.edu.pl\/usmiech\/wp-content\/uploads\/2022\/05\/P015-300x168.jpg 300w, https:\/\/signum.pb.edu.pl\/usmiech\/wp-content\/uploads\/2022\/05\/P015-768x431.jpg 768w\" sizes=\"auto, (max-width: 800px) 100vw, 800px\" \/><\/a><figcaption>11. Pi pe\u0142ne wra\u017ce\u0144<\/figcaption><\/figure>\n<\/figure>\n\n\n<hr \/><hr \/>\n<h2 style=\"text-align: center;\"><strong>Szko\u0142a \u015brednia<\/strong><\/h2>\n<hr \/>\n\n\n<figure class=\"wp-block-gallery has-nested-images columns-default is-cropped wp-block-gallery-2 is-layout-flex wp-block-gallery-is-layout-flex\">\n<figure class=\"wp-block-image size-large\"><a href=\"https:\/\/signum.pb.edu.pl\/usmiech\/wp-content\/uploads\/2022\/05\/S001.jpg\"><img loading=\"lazy\" decoding=\"async\" width=\"546\" height=\"800\" data-id=\"819\" src=\"https:\/\/signum.pb.edu.pl\/usmiech\/wp-content\/uploads\/2022\/05\/S001.jpg\" alt=\"1. Matma codziennie niskie ceny\" class=\"wp-image-819\" srcset=\"https:\/\/signum.pb.edu.pl\/usmiech\/wp-content\/uploads\/2022\/05\/S001.jpg 546w, https:\/\/signum.pb.edu.pl\/usmiech\/wp-content\/uploads\/2022\/05\/S001-205x300.jpg 205w\" sizes=\"auto, (max-width: 546px) 100vw, 546px\" \/><\/a><figcaption>1. Matma codziennie niskie ceny<\/figcaption><\/figure>\n\n\n\n<figure class=\"wp-block-image size-large\"><a href=\"https:\/\/signum.pb.edu.pl\/usmiech\/wp-content\/uploads\/2022\/05\/S002-rotated.jpg\"><img loading=\"lazy\" decoding=\"async\" width=\"800\" height=\"600\" data-id=\"820\" src=\"https:\/\/signum.pb.edu.pl\/usmiech\/wp-content\/uploads\/2022\/05\/S002-rotated.jpg\" alt=\"2. Krowa pod pierwiastkiem\" class=\"wp-image-820\" srcset=\"https:\/\/signum.pb.edu.pl\/usmiech\/wp-content\/uploads\/2022\/05\/S002-rotated.jpg 800w, https:\/\/signum.pb.edu.pl\/usmiech\/wp-content\/uploads\/2022\/05\/S002-300x225.jpg 300w, https:\/\/signum.pb.edu.pl\/usmiech\/wp-content\/uploads\/2022\/05\/S002-768x576.jpg 768w\" sizes=\"auto, (max-width: 800px) 100vw, 800px\" \/><\/a><figcaption>2. Krowa pod pierwiastkiem<\/figcaption><\/figure>\n\n\n\n<figure class=\"wp-block-image size-large\"><a href=\"https:\/\/signum.pb.edu.pl\/usmiech\/wp-content\/uploads\/2022\/05\/S003.jpg\"><img loading=\"lazy\" decoding=\"async\" width=\"800\" height=\"600\" data-id=\"821\" src=\"https:\/\/signum.pb.edu.pl\/usmiech\/wp-content\/uploads\/2022\/05\/S003.jpg\" alt=\"3. Kr\u00f3lowa Nauk\" class=\"wp-image-821\" srcset=\"https:\/\/signum.pb.edu.pl\/usmiech\/wp-content\/uploads\/2022\/05\/S003.jpg 800w, https:\/\/signum.pb.edu.pl\/usmiech\/wp-content\/uploads\/2022\/05\/S003-300x225.jpg 300w, https:\/\/signum.pb.edu.pl\/usmiech\/wp-content\/uploads\/2022\/05\/S003-768x576.jpg 768w\" sizes=\"auto, (max-width: 800px) 100vw, 800px\" \/><\/a><figcaption>3. Kr\u00f3lowa Nauk<\/figcaption><\/figure>\n\n\n\n<figure class=\"wp-block-image size-large\"><a href=\"https:\/\/signum.pb.edu.pl\/usmiech\/wp-content\/uploads\/2022\/05\/S004.jpg\"><img loading=\"lazy\" decoding=\"async\" width=\"600\" height=\"800\" data-id=\"823\" src=\"https:\/\/signum.pb.edu.pl\/usmiech\/wp-content\/uploads\/2022\/05\/S004.jpg\" alt=\"4. Matematyka to kr\u00f3lowa nauk\" class=\"wp-image-823\" srcset=\"https:\/\/signum.pb.edu.pl\/usmiech\/wp-content\/uploads\/2022\/05\/S004.jpg 600w, https:\/\/signum.pb.edu.pl\/usmiech\/wp-content\/uploads\/2022\/05\/S004-225x300.jpg 225w\" sizes=\"auto, (max-width: 600px) 100vw, 600px\" \/><\/a><figcaption>4. Matematyka to kr\u00f3lowa nauk<\/figcaption><\/figure>\n\n\n\n<figure class=\"wp-block-image size-large\"><a href=\"https:\/\/signum.pb.edu.pl\/usmiech\/wp-content\/uploads\/2022\/05\/S005.jpg\"><img loading=\"lazy\" decoding=\"async\" width=\"600\" height=\"800\" data-id=\"824\" src=\"https:\/\/signum.pb.edu.pl\/usmiech\/wp-content\/uploads\/2022\/05\/S005.jpg\" alt=\"5. Matematyka w zasi\u0119gu r\u0119ki\" class=\"wp-image-824\" srcset=\"https:\/\/signum.pb.edu.pl\/usmiech\/wp-content\/uploads\/2022\/05\/S005.jpg 600w, https:\/\/signum.pb.edu.pl\/usmiech\/wp-content\/uploads\/2022\/05\/S005-225x300.jpg 225w\" sizes=\"auto, (max-width: 600px) 100vw, 600px\" \/><\/a><figcaption>5. Matematyka w zasi\u0119gu r\u0119ki<\/figcaption><\/figure>\n\n\n\n<figure class=\"wp-block-image size-large\"><a href=\"https:\/\/signum.pb.edu.pl\/usmiech\/wp-content\/uploads\/2022\/05\/S006.jpg\"><img loading=\"lazy\" decoding=\"async\" width=\"471\" height=\"331\" data-id=\"818\" src=\"https:\/\/signum.pb.edu.pl\/usmiech\/wp-content\/uploads\/2022\/05\/S006.jpg\" alt=\"6. W poszukiwaniu miejsc zerowych\" class=\"wp-image-818\" srcset=\"https:\/\/signum.pb.edu.pl\/usmiech\/wp-content\/uploads\/2022\/05\/S006.jpg 471w, https:\/\/signum.pb.edu.pl\/usmiech\/wp-content\/uploads\/2022\/05\/S006-300x211.jpg 300w\" sizes=\"auto, (max-width: 471px) 100vw, 471px\" \/><\/a><figcaption>6. W poszukiwaniu miejsc zerowych<\/figcaption><\/figure>\n\n\n\n<figure class=\"wp-block-image size-large\"><a href=\"https:\/\/signum.pb.edu.pl\/usmiech\/wp-content\/uploads\/2022\/05\/S008.jpg\"><img loading=\"lazy\" decoding=\"async\" width=\"738\" height=\"506\" data-id=\"822\" src=\"https:\/\/signum.pb.edu.pl\/usmiech\/wp-content\/uploads\/2022\/05\/S008.jpg\" alt=\"7. Nieko\u0144cz\u0105ca si\u0119 opowie\u015b\u0107\" class=\"wp-image-822\" srcset=\"https:\/\/signum.pb.edu.pl\/usmiech\/wp-content\/uploads\/2022\/05\/S008.jpg 738w, https:\/\/signum.pb.edu.pl\/usmiech\/wp-content\/uploads\/2022\/05\/S008-300x206.jpg 300w\" sizes=\"auto, (max-width: 738px) 100vw, 738px\" \/><\/a><figcaption>7. Nieko\u0144cz\u0105ca si\u0119 opowie\u015b\u0107<\/figcaption><\/figure>\n\n\n\n<figure class=\"wp-block-image size-large\"><a href=\"https:\/\/signum.pb.edu.pl\/usmiech\/wp-content\/uploads\/2022\/05\/S010.jpg\"><img loading=\"lazy\" decoding=\"async\" width=\"600\" height=\"800\" data-id=\"828\" src=\"https:\/\/signum.pb.edu.pl\/usmiech\/wp-content\/uploads\/2022\/05\/S010.jpg\" alt=\"8. Wielko\u015bci\" class=\"wp-image-828\" srcset=\"https:\/\/signum.pb.edu.pl\/usmiech\/wp-content\/uploads\/2022\/05\/S010.jpg 600w, https:\/\/signum.pb.edu.pl\/usmiech\/wp-content\/uploads\/2022\/05\/S010-225x300.jpg 225w\" sizes=\"auto, (max-width: 600px) 100vw, 600px\" \/><\/a><figcaption>8. Wielko\u015bci<\/figcaption><\/figure>\n\n\n\n<figure class=\"wp-block-image size-large\"><a href=\"https:\/\/signum.pb.edu.pl\/usmiech\/wp-content\/uploads\/2022\/05\/S012.jpg\"><img loading=\"lazy\" decoding=\"async\" width=\"724\" height=\"519\" data-id=\"825\" src=\"https:\/\/signum.pb.edu.pl\/usmiech\/wp-content\/uploads\/2022\/05\/S012.jpg\" alt=\"9. Wy\u015bcig matematyczny\" class=\"wp-image-825\" srcset=\"https:\/\/signum.pb.edu.pl\/usmiech\/wp-content\/uploads\/2022\/05\/S012.jpg 724w, https:\/\/signum.pb.edu.pl\/usmiech\/wp-content\/uploads\/2022\/05\/S012-300x215.jpg 300w\" sizes=\"auto, (max-width: 724px) 100vw, 724px\" \/><\/a><figcaption>9. Wy\u015bcig matematyczny<\/figcaption><\/figure>\n\n\n\n<figure class=\"wp-block-image size-large\"><a href=\"https:\/\/signum.pb.edu.pl\/usmiech\/wp-content\/uploads\/2022\/05\/S013.jpg\"><img loading=\"lazy\" decoding=\"async\" width=\"800\" height=\"578\" data-id=\"826\" src=\"https:\/\/signum.pb.edu.pl\/usmiech\/wp-content\/uploads\/2022\/05\/S013.jpg\" alt=\"10. Skomplikowane funkcje\" class=\"wp-image-826\" srcset=\"https:\/\/signum.pb.edu.pl\/usmiech\/wp-content\/uploads\/2022\/05\/S013.jpg 800w, https:\/\/signum.pb.edu.pl\/usmiech\/wp-content\/uploads\/2022\/05\/S013-300x217.jpg 300w, https:\/\/signum.pb.edu.pl\/usmiech\/wp-content\/uploads\/2022\/05\/S013-768x555.jpg 768w\" sizes=\"auto, (max-width: 800px) 100vw, 800px\" \/><\/a><figcaption>10. Skomplikowane funkcje<\/figcaption><\/figure>\n\n\n\n<figure class=\"wp-block-image size-large\"><a href=\"https:\/\/signum.pb.edu.pl\/usmiech\/wp-content\/uploads\/2022\/05\/S014.jpg\"><img loading=\"lazy\" decoding=\"async\" width=\"565\" height=\"800\" data-id=\"829\" src=\"https:\/\/signum.pb.edu.pl\/usmiech\/wp-content\/uploads\/2022\/05\/S014.jpg\" alt=\"11. Ocena matematyczna\" class=\"wp-image-829\" srcset=\"https:\/\/signum.pb.edu.pl\/usmiech\/wp-content\/uploads\/2022\/05\/S014.jpg 565w, https:\/\/signum.pb.edu.pl\/usmiech\/wp-content\/uploads\/2022\/05\/S014-212x300.jpg 212w\" sizes=\"auto, (max-width: 565px) 100vw, 565px\" \/><\/a><figcaption>11. Ocena matematyczna<\/figcaption><\/figure>\n\n\n\n<figure class=\"wp-block-image size-large\"><a href=\"https:\/\/signum.pb.edu.pl\/usmiech\/wp-content\/uploads\/2022\/05\/S015.jpg\"><img loading=\"lazy\" decoding=\"async\" width=\"600\" height=\"800\" data-id=\"831\" src=\"https:\/\/signum.pb.edu.pl\/usmiech\/wp-content\/uploads\/2022\/05\/S015.jpg\" alt=\"12. Posta\u0107 nieobliczalna\" class=\"wp-image-831\" srcset=\"https:\/\/signum.pb.edu.pl\/usmiech\/wp-content\/uploads\/2022\/05\/S015.jpg 600w, https:\/\/signum.pb.edu.pl\/usmiech\/wp-content\/uploads\/2022\/05\/S015-225x300.jpg 225w\" sizes=\"auto, (max-width: 600px) 100vw, 600px\" \/><\/a><figcaption>12. Posta\u0107 nieobliczalna<\/figcaption><\/figure>\n\n\n\n<figure class=\"wp-block-image size-large\"><a href=\"https:\/\/signum.pb.edu.pl\/usmiech\/wp-content\/uploads\/2022\/05\/S016.jpg\"><img loading=\"lazy\" decoding=\"async\" width=\"565\" height=\"800\" data-id=\"827\" src=\"https:\/\/signum.pb.edu.pl\/usmiech\/wp-content\/uploads\/2022\/05\/S016.jpg\" alt=\"13. Wzory matematyczne- \u017cart\" class=\"wp-image-827\" srcset=\"https:\/\/signum.pb.edu.pl\/usmiech\/wp-content\/uploads\/2022\/05\/S016.jpg 565w, https:\/\/signum.pb.edu.pl\/usmiech\/wp-content\/uploads\/2022\/05\/S016-212x300.jpg 212w\" sizes=\"auto, (max-width: 565px) 100vw, 565px\" \/><\/a><figcaption>13. Wzory matematyczne- \u017cart<\/figcaption><\/figure>\n\n\n\n<figure class=\"wp-block-image size-large\"><a href=\"https:\/\/signum.pb.edu.pl\/usmiech\/wp-content\/uploads\/2022\/05\/S017.jpg\"><img loading=\"lazy\" decoding=\"async\" width=\"565\" height=\"800\" data-id=\"832\" src=\"https:\/\/signum.pb.edu.pl\/usmiech\/wp-content\/uploads\/2022\/05\/S017.jpg\" alt=\"14. Matematyczny Drwal\" class=\"wp-image-832\" srcset=\"https:\/\/signum.pb.edu.pl\/usmiech\/wp-content\/uploads\/2022\/05\/S017.jpg 565w, https:\/\/signum.pb.edu.pl\/usmiech\/wp-content\/uploads\/2022\/05\/S017-212x300.jpg 212w\" sizes=\"auto, (max-width: 565px) 100vw, 565px\" \/><\/a><figcaption>14. Matematyczny Drwal<\/figcaption><\/figure>\n\n\n\n<figure class=\"wp-block-image size-large\"><a href=\"https:\/\/signum.pb.edu.pl\/usmiech\/wp-content\/uploads\/2022\/05\/S018.jpg\"><img loading=\"lazy\" decoding=\"async\" width=\"502\" height=\"332\" data-id=\"830\" src=\"https:\/\/signum.pb.edu.pl\/usmiech\/wp-content\/uploads\/2022\/05\/S018.jpg\" alt=\"15. PIzza\" class=\"wp-image-830\" srcset=\"https:\/\/signum.pb.edu.pl\/usmiech\/wp-content\/uploads\/2022\/05\/S018.jpg 502w, https:\/\/signum.pb.edu.pl\/usmiech\/wp-content\/uploads\/2022\/05\/S018-300x198.jpg 300w\" sizes=\"auto, (max-width: 502px) 100vw, 502px\" \/><\/a><figcaption>15. PIzza<\/figcaption><\/figure>\n\n\n\n<figure class=\"wp-block-image size-large\"><a href=\"https:\/\/signum.pb.edu.pl\/usmiech\/wp-content\/uploads\/2022\/05\/S019.jpg\"><img loading=\"lazy\" decoding=\"async\" width=\"800\" height=\"579\" data-id=\"835\" src=\"https:\/\/signum.pb.edu.pl\/usmiech\/wp-content\/uploads\/2022\/05\/S019.jpg\" alt=\"16. MatmaRz\u0105dzi MatmaRadzi MatmaNigdyCi\u0119NieZdradzi\" class=\"wp-image-835\" srcset=\"https:\/\/signum.pb.edu.pl\/usmiech\/wp-content\/uploads\/2022\/05\/S019.jpg 800w, https:\/\/signum.pb.edu.pl\/usmiech\/wp-content\/uploads\/2022\/05\/S019-300x217.jpg 300w, https:\/\/signum.pb.edu.pl\/usmiech\/wp-content\/uploads\/2022\/05\/S019-768x556.jpg 768w\" sizes=\"auto, (max-width: 800px) 100vw, 800px\" \/><\/a><figcaption>16. MatmaRz\u0105dzi MatmaRadzi MatmaNigdyCi\u0119NieZdradzi<\/figcaption><\/figure>\n\n\n\n<figure class=\"wp-block-image size-large\"><a href=\"https:\/\/signum.pb.edu.pl\/usmiech\/wp-content\/uploads\/2022\/05\/S020-1-scaled.jpg\"><img loading=\"lazy\" decoding=\"async\" width=\"1830\" height=\"2560\" data-id=\"866\" src=\"https:\/\/signum.pb.edu.pl\/usmiech\/wp-content\/uploads\/2022\/05\/S020-1-scaled.jpg\" alt=\"17. U\u015bmiechni\u0119te rozmaito\u015bci matematyczne\" class=\"wp-image-866\" srcset=\"https:\/\/signum.pb.edu.pl\/usmiech\/wp-content\/uploads\/2022\/05\/S020-1-scaled.jpg 1830w, https:\/\/signum.pb.edu.pl\/usmiech\/wp-content\/uploads\/2022\/05\/S020-1-214x300.jpg 214w, https:\/\/signum.pb.edu.pl\/usmiech\/wp-content\/uploads\/2022\/05\/S020-1-732x1024.jpg 732w, https:\/\/signum.pb.edu.pl\/usmiech\/wp-content\/uploads\/2022\/05\/S020-1-768x1074.jpg 768w, https:\/\/signum.pb.edu.pl\/usmiech\/wp-content\/uploads\/2022\/05\/S020-1-1098x1536.jpg 1098w, https:\/\/signum.pb.edu.pl\/usmiech\/wp-content\/uploads\/2022\/05\/S020-1-1464x2048.jpg 1464w\" sizes=\"auto, (max-width: 1830px) 100vw, 1830px\" \/><\/a><figcaption>17. U\u015bmiechni\u0119te rozmaito\u015bci matematyczne<\/figcaption><\/figure>\n\n\n\n<figure class=\"wp-block-image size-large\"><a href=\"https:\/\/signum.pb.edu.pl\/usmiech\/wp-content\/uploads\/2022\/05\/S022.jpg\"><img loading=\"lazy\" decoding=\"async\" width=\"598\" height=\"800\" data-id=\"834\" src=\"https:\/\/signum.pb.edu.pl\/usmiech\/wp-content\/uploads\/2022\/05\/S022.jpg\" alt=\"18. Twarz matematyka\" class=\"wp-image-834\" srcset=\"https:\/\/signum.pb.edu.pl\/usmiech\/wp-content\/uploads\/2022\/05\/S022.jpg 598w, https:\/\/signum.pb.edu.pl\/usmiech\/wp-content\/uploads\/2022\/05\/S022-224x300.jpg 224w\" sizes=\"auto, (max-width: 598px) 100vw, 598px\" \/><\/a><figcaption>18. Twarz matematyka<\/figcaption><\/figure>\n\n\n\n<figure class=\"wp-block-image size-large\"><a href=\"https:\/\/signum.pb.edu.pl\/usmiech\/wp-content\/uploads\/2022\/05\/S023.jpg\"><img loading=\"lazy\" decoding=\"async\" width=\"800\" height=\"600\" data-id=\"836\" src=\"https:\/\/signum.pb.edu.pl\/usmiech\/wp-content\/uploads\/2022\/05\/S023.jpg\" alt=\"19. Przygody liczby pi\" class=\"wp-image-836\" srcset=\"https:\/\/signum.pb.edu.pl\/usmiech\/wp-content\/uploads\/2022\/05\/S023.jpg 800w, https:\/\/signum.pb.edu.pl\/usmiech\/wp-content\/uploads\/2022\/05\/S023-300x225.jpg 300w, https:\/\/signum.pb.edu.pl\/usmiech\/wp-content\/uploads\/2022\/05\/S023-768x576.jpg 768w\" sizes=\"auto, (max-width: 800px) 100vw, 800px\" \/><\/a><figcaption>19. Przygody liczby pi<\/figcaption><\/figure>\n\n\n\n<figure class=\"wp-block-image size-large\"><a href=\"https:\/\/signum.pb.edu.pl\/usmiech\/wp-content\/uploads\/2022\/05\/S025.jpg\"><img loading=\"lazy\" decoding=\"async\" width=\"600\" height=\"800\" data-id=\"837\" src=\"https:\/\/signum.pb.edu.pl\/usmiech\/wp-content\/uploads\/2022\/05\/S025.jpg\" alt=\"20. Niesko\u0144czono\u015b\u0107\" class=\"wp-image-837\" srcset=\"https:\/\/signum.pb.edu.pl\/usmiech\/wp-content\/uploads\/2022\/05\/S025.jpg 600w, https:\/\/signum.pb.edu.pl\/usmiech\/wp-content\/uploads\/2022\/05\/S025-225x300.jpg 225w\" sizes=\"auto, (max-width: 600px) 100vw, 600px\" \/><\/a><figcaption>20. Niesko\u0144czono\u015b\u0107<\/figcaption><\/figure>\n\n\n\n<figure class=\"wp-block-image size-large\"><a href=\"https:\/\/signum.pb.edu.pl\/usmiech\/wp-content\/uploads\/2022\/05\/S026.jpg\"><img loading=\"lazy\" decoding=\"async\" width=\"609\" height=\"800\" data-id=\"839\" src=\"https:\/\/signum.pb.edu.pl\/usmiech\/wp-content\/uploads\/2022\/05\/S026.jpg\" alt=\"21. Kot matematyk\" class=\"wp-image-839\" srcset=\"https:\/\/signum.pb.edu.pl\/usmiech\/wp-content\/uploads\/2022\/05\/S026.jpg 609w, https:\/\/signum.pb.edu.pl\/usmiech\/wp-content\/uploads\/2022\/05\/S026-228x300.jpg 228w\" sizes=\"auto, (max-width: 609px) 100vw, 609px\" \/><\/a><figcaption>21. Kot matematyk<\/figcaption><\/figure>\n\n\n\n<figure class=\"wp-block-image size-large\"><a href=\"https:\/\/signum.pb.edu.pl\/usmiech\/wp-content\/uploads\/2022\/05\/S027.jpg\"><img loading=\"lazy\" decoding=\"async\" width=\"600\" height=\"800\" data-id=\"840\" src=\"https:\/\/signum.pb.edu.pl\/usmiech\/wp-content\/uploads\/2022\/05\/S027.jpg\" alt=\"22. Liczby bezwzgl\u0119dne\" class=\"wp-image-840\" srcset=\"https:\/\/signum.pb.edu.pl\/usmiech\/wp-content\/uploads\/2022\/05\/S027.jpg 600w, https:\/\/signum.pb.edu.pl\/usmiech\/wp-content\/uploads\/2022\/05\/S027-225x300.jpg 225w\" sizes=\"auto, (max-width: 600px) 100vw, 600px\" \/><\/a><figcaption>22. Liczby bezwzgl\u0119dne<\/figcaption><\/figure>\n\n\n\n<figure class=\"wp-block-image size-large\"><a href=\"https:\/\/signum.pb.edu.pl\/usmiech\/wp-content\/uploads\/2022\/05\/S028.jpg\"><img loading=\"lazy\" decoding=\"async\" width=\"565\" height=\"800\" data-id=\"841\" src=\"https:\/\/signum.pb.edu.pl\/usmiech\/wp-content\/uploads\/2022\/05\/S028.jpg\" alt=\"23. Matematyka w Praktyce\" class=\"wp-image-841\" srcset=\"https:\/\/signum.pb.edu.pl\/usmiech\/wp-content\/uploads\/2022\/05\/S028.jpg 565w, https:\/\/signum.pb.edu.pl\/usmiech\/wp-content\/uploads\/2022\/05\/S028-212x300.jpg 212w\" sizes=\"auto, (max-width: 565px) 100vw, 565px\" \/><\/a><figcaption>23. Matematyka w Praktyce<\/figcaption><\/figure>\n<\/figure>\n","protected":false},"excerpt":{"rendered":"<p>Szko\u0142a podstawowa (klasy 6-8) Szko\u0142a \u015brednia<\/p>\n","protected":false},"author":1,"featured_media":0,"parent":0,"menu_order":0,"comment_status":"closed","ping_status":"closed","template":"","meta":{"footnotes":""},"class_list":["post-806","page","type-page","status-publish","hentry"],"_links":{"self":[{"href":"https:\/\/signum.pb.edu.pl\/usmiech\/index.php?rest_route=\/wp\/v2\/pages\/806","targetHints":{"allow":["GET"]}}],"collection":[{"href":"https:\/\/signum.pb.edu.pl\/usmiech\/index.php?rest_route=\/wp\/v2\/pages"}],"about":[{"href":"https:\/\/signum.pb.edu.pl\/usmiech\/index.php?rest_route=\/wp\/v2\/types\/page"}],"author":[{"embeddable":true,"href":"https:\/\/signum.pb.edu.pl\/usmiech\/index.php?rest_route=\/wp\/v2\/users\/1"}],"replies":[{"embeddable":true,"href":"https:\/\/signum.pb.edu.pl\/usmiech\/index.php?rest_route=%2Fwp%2Fv2%2Fcomments&post=806"}],"version-history":[{"count":19,"href":"https:\/\/signum.pb.edu.pl\/usmiech\/index.php?rest_route=\/wp\/v2\/pages\/806\/revisions"}],"predecessor-version":[{"id":872,"href":"https:\/\/signum.pb.edu.pl\/usmiech\/index.php?rest_route=\/wp\/v2\/pages\/806\/revisions\/872"}],"wp:attachment":[{"href":"https:\/\/signum.pb.edu.pl\/usmiech\/index.php?rest_route=%2Fwp%2Fv2%2Fmedia&parent=806"}],"curies":[{"name":"wp","href":"https:\/\/api.w.org\/{rel}","templated":true}]}}