{"id":695,"date":"2021-05-12T16:25:32","date_gmt":"2021-05-12T14:25:32","guid":{"rendered":"https:\/\/signum.pb.edu.pl\/usmiech\/?page_id=695"},"modified":"2021-05-12T21:44:43","modified_gmt":"2021-05-12T19:44:43","slug":"nagrodzone-prace-2021","status":"publish","type":"page","link":"https:\/\/signum.pb.edu.pl\/usmiech\/?page_id=695","title":{"rendered":"Nagrodzone prace 2021"},"content":{"rendered":"<h2 style=\"text-align: center;\"><strong>Szko\u0142a podstawowa (klasy 6-8)<\/strong><\/h2>\n<hr \/>\n<hr \/>\n<p style=\"text-align: left;\">I miejsce<\/p>\n<div id=\"attachment_557\" style=\"width: 310px\" class=\"wp-caption aligncenter\"><a href=\"https:\/\/signum.pb.edu.pl\/usmiech\/wp-content\/uploads\/2021\/04\/26-rotated.jpg\"><img loading=\"lazy\" decoding=\"async\" aria-describedby=\"caption-attachment-557\" src=\"https:\/\/signum.pb.edu.pl\/usmiech\/wp-content\/uploads\/2021\/04\/26-300x218.jpg\" alt=\",,P\u00f3\u0142Tora&quot; Marlena Iwanicka, Zesp\u00f3\u0142 Szkolno-Przedszkolny w Dubiecku\" width=\"300\" height=\"218\" class=\"wp-image-557 size-medium\" srcset=\"https:\/\/signum.pb.edu.pl\/usmiech\/wp-content\/uploads\/2021\/04\/26-300x218.jpg 300w, https:\/\/signum.pb.edu.pl\/usmiech\/wp-content\/uploads\/2021\/04\/26-768x558.jpg 768w, https:\/\/signum.pb.edu.pl\/usmiech\/wp-content\/uploads\/2021\/04\/26-rotated.jpg 800w\" sizes=\"auto, (max-width: 300px) 100vw, 300px\" \/><\/a><p id=\"caption-attachment-557\" class=\"wp-caption-text\">,,P\u00f3\u0142Tora&#8221; Marlena Iwanicka, Zesp\u00f3\u0142 Szkolno-Przedszkolny w Dubiecku<\/p><\/div>\n<hr \/>\n<p>II miejsce<\/p>\n<div id=\"attachment_580\" style=\"width: 235px\" class=\"wp-caption aligncenter\"><a href=\"https:\/\/signum.pb.edu.pl\/usmiech\/wp-content\/uploads\/2021\/04\/50-e1619221550798.jpg\"><img loading=\"lazy\" decoding=\"async\" aria-describedby=\"caption-attachment-580\" src=\"https:\/\/signum.pb.edu.pl\/usmiech\/wp-content\/uploads\/2021\/04\/50-e1619221550798-225x300.jpg\" alt=\",,R\u00f3wne po\u0142owy&quot; B\u0142a\u017cej G\u00f3ralczyk, Szko\u0142a Podstawowa im. Szarych Szereg\u00f3w w Czy\u017cewie\" width=\"225\" height=\"300\" class=\"wp-image-580 size-medium\" srcset=\"https:\/\/signum.pb.edu.pl\/usmiech\/wp-content\/uploads\/2021\/04\/50-e1619221550798-225x300.jpg 225w, https:\/\/signum.pb.edu.pl\/usmiech\/wp-content\/uploads\/2021\/04\/50-e1619221550798.jpg 600w\" sizes=\"auto, (max-width: 225px) 100vw, 225px\" \/><\/a><p id=\"caption-attachment-580\" class=\"wp-caption-text\">,,R\u00f3wne po\u0142owy&#8221; B\u0142a\u017cej G\u00f3ralczyk, Szko\u0142a Podstawowa im. Szarych Szereg\u00f3w w Czy\u017cewie<\/p><\/div>\n<hr \/>\n<p>III miejsce<\/p>\n<div id=\"attachment_532\" style=\"width: 310px\" class=\"wp-caption aligncenter\"><a href=\"https:\/\/signum.pb.edu.pl\/usmiech\/wp-content\/uploads\/2021\/04\/01.jpg\"><img loading=\"lazy\" decoding=\"async\" aria-describedby=\"caption-attachment-532\" src=\"https:\/\/signum.pb.edu.pl\/usmiech\/wp-content\/uploads\/2021\/04\/01-300x225.jpg\" alt=\",,Przedzia\u0142y liczbowe&quot; Maksymilian Kupiszewski, Szko\u0142a Podstawowa im. Marii Patyk w Kruszwicy\" width=\"300\" height=\"225\" class=\"wp-image-532 size-medium\" srcset=\"https:\/\/signum.pb.edu.pl\/usmiech\/wp-content\/uploads\/2021\/04\/01-300x225.jpg 300w, https:\/\/signum.pb.edu.pl\/usmiech\/wp-content\/uploads\/2021\/04\/01-768x576.jpg 768w, https:\/\/signum.pb.edu.pl\/usmiech\/wp-content\/uploads\/2021\/04\/01.jpg 800w\" sizes=\"auto, (max-width: 300px) 100vw, 300px\" \/><\/a><p id=\"caption-attachment-532\" class=\"wp-caption-text\">,,Przedzia\u0142y liczbowe&#8221; Maksymilian Kupiszewski, Szko\u0142a Podstawowa im. Marii Patyk w Kruszwicy<\/p><\/div>\n<hr \/>\n<hr \/>\n<h2 style=\"text-align: center;\"><strong>Szko\u0142a ponadpodstawowa<\/strong><\/h2>\n<hr \/>\n<hr \/>\n<p>I miejsce<\/p>\n<div id=\"attachment_591\" style=\"width: 222px\" class=\"wp-caption aligncenter\"><a href=\"https:\/\/signum.pb.edu.pl\/usmiech\/wp-content\/uploads\/2021\/04\/04-1.jpg\"><img loading=\"lazy\" decoding=\"async\" aria-describedby=\"caption-attachment-591\" src=\"https:\/\/signum.pb.edu.pl\/usmiech\/wp-content\/uploads\/2021\/04\/04-1-212x300.jpg\" alt=\",,Warto\u015b\u0107 bezwzgl\u0119dna&quot; Julia Lipi\u0144ska, Zesp\u00f3\u0142 Szk\u00f3\u0142 Informatycznych w S\u0142upsku\" width=\"212\" height=\"300\" class=\"wp-image-591 size-medium\" srcset=\"https:\/\/signum.pb.edu.pl\/usmiech\/wp-content\/uploads\/2021\/04\/04-1-212x300.jpg 212w, https:\/\/signum.pb.edu.pl\/usmiech\/wp-content\/uploads\/2021\/04\/04-1.jpg 565w\" sizes=\"auto, (max-width: 212px) 100vw, 212px\" \/><\/a><p id=\"caption-attachment-591\" class=\"wp-caption-text\">,,Warto\u015b\u0107 bezwzgl\u0119dna&#8221; Julia Lipi\u0144ska, Zesp\u00f3\u0142 Szk\u00f3\u0142 Informatycznych w S\u0142upsku<\/p><\/div>\n<hr \/>\n<p>II miejsce<\/p>\n<div id=\"attachment_592\" style=\"width: 235px\" class=\"wp-caption aligncenter\"><a href=\"https:\/\/signum.pb.edu.pl\/usmiech\/wp-content\/uploads\/2021\/04\/05-1.jpg\"><img loading=\"lazy\" decoding=\"async\" aria-describedby=\"caption-attachment-592\" src=\"https:\/\/signum.pb.edu.pl\/usmiech\/wp-content\/uploads\/2021\/04\/05-1-225x300.jpg\" alt=\",,Wz\u00f3r zapomnianego mno\u017cenia&quot; Aleksandra Jastrz\u0119bska, ZSWiO nr 7 w \u0141om\u017cy\" width=\"225\" height=\"300\" class=\"wp-image-592 size-medium\" srcset=\"https:\/\/signum.pb.edu.pl\/usmiech\/wp-content\/uploads\/2021\/04\/05-1-225x300.jpg 225w, https:\/\/signum.pb.edu.pl\/usmiech\/wp-content\/uploads\/2021\/04\/05-1.jpg 600w\" sizes=\"auto, (max-width: 225px) 100vw, 225px\" \/><\/a><p id=\"caption-attachment-592\" class=\"wp-caption-text\">,,Wz\u00f3r zapomnianego mno\u017cenia&#8221; Aleksandra Jastrz\u0119bska, ZSWiO nr 7 w \u0141om\u017cy<\/p><\/div>\n<hr \/>\n<p>III miejsce<\/p>\n<div id=\"attachment_589\" style=\"width: 230px\" class=\"wp-caption aligncenter\"><a href=\"https:\/\/signum.pb.edu.pl\/usmiech\/wp-content\/uploads\/2021\/04\/02-1.jpg\"><img loading=\"lazy\" decoding=\"async\" aria-describedby=\"caption-attachment-589\" src=\"https:\/\/signum.pb.edu.pl\/usmiech\/wp-content\/uploads\/2021\/04\/02-1-220x300.jpg\" alt=\",,Kolejno\u015b\u0107 wykonywania dzia\u0142a\u0144&quot; Nikola Woronko, VII Liceum Og\u00f3lnokszta\u0142c\u0105ce w Bia\u0142ymstoku\" width=\"220\" height=\"300\" class=\"wp-image-589 size-medium\" srcset=\"https:\/\/signum.pb.edu.pl\/usmiech\/wp-content\/uploads\/2021\/04\/02-1-220x300.jpg 220w, https:\/\/signum.pb.edu.pl\/usmiech\/wp-content\/uploads\/2021\/04\/02-1.jpg 587w\" sizes=\"auto, (max-width: 220px) 100vw, 220px\" \/><\/a><p id=\"caption-attachment-589\" class=\"wp-caption-text\">,,Kolejno\u015b\u0107 wykonywania dzia\u0142a\u0144&#8221; Nikola Woronko, VII Liceum Og\u00f3lnokszta\u0142c\u0105ce w Bia\u0142ymstoku<\/p><\/div>\n","protected":false},"excerpt":{"rendered":"<p>Szko\u0142a podstawowa (klasy 6-8) I miejsce II miejsce III miejsce Szko\u0142a ponadpodstawowa I miejsce II miejsce III miejsce<\/p>\n","protected":false},"author":1,"featured_media":0,"parent":0,"menu_order":0,"comment_status":"closed","ping_status":"closed","template":"","meta":{"footnotes":""},"class_list":["post-695","page","type-page","status-publish","hentry"],"_links":{"self":[{"href":"https:\/\/signum.pb.edu.pl\/usmiech\/index.php?rest_route=\/wp\/v2\/pages\/695","targetHints":{"allow":["GET"]}}],"collection":[{"href":"https:\/\/signum.pb.edu.pl\/usmiech\/index.php?rest_route=\/wp\/v2\/pages"}],"about":[{"href":"https:\/\/signum.pb.edu.pl\/usmiech\/index.php?rest_route=\/wp\/v2\/types\/page"}],"author":[{"embeddable":true,"href":"https:\/\/signum.pb.edu.pl\/usmiech\/index.php?rest_route=\/wp\/v2\/users\/1"}],"replies":[{"embeddable":true,"href":"https:\/\/signum.pb.edu.pl\/usmiech\/index.php?rest_route=%2Fwp%2Fv2%2Fcomments&post=695"}],"version-history":[{"count":28,"href":"https:\/\/signum.pb.edu.pl\/usmiech\/index.php?rest_route=\/wp\/v2\/pages\/695\/revisions"}],"predecessor-version":[{"id":734,"href":"https:\/\/signum.pb.edu.pl\/usmiech\/index.php?rest_route=\/wp\/v2\/pages\/695\/revisions\/734"}],"wp:attachment":[{"href":"https:\/\/signum.pb.edu.pl\/usmiech\/index.php?rest_route=%2Fwp%2Fv2%2Fmedia&parent=695"}],"curies":[{"name":"wp","href":"https:\/\/api.w.org\/{rel}","templated":true}]}}