{"id":62,"date":"2018-03-02T17:01:04","date_gmt":"2018-03-02T16:01:04","guid":{"rendered":"https:\/\/signum.pb.bialystok.pl\/usmiech\/?page_id=62"},"modified":"2018-03-02T19:10:23","modified_gmt":"2018-03-02T18:10:23","slug":"nagrodzone-prace-2010","status":"publish","type":"page","link":"https:\/\/signum.pb.edu.pl\/usmiech\/?page_id=62","title":{"rendered":"Nagrodzone prace 2010"},"content":{"rendered":"<p><strong>Szko\u0142a ponadgimnazjalna<\/strong><\/p>\n<hr \/>\n<hr \/>\n<p>I miejsce<\/p>\n\n\t\t<style type=\"text\/css\">\n\t\t\t#gallery-1 {\n\t\t\t\tmargin: auto;\n\t\t\t}\n\t\t\t#gallery-1 .gallery-item {\n\t\t\t\tfloat: left;\n\t\t\t\tmargin-top: 10px;\n\t\t\t\ttext-align: center;\n\t\t\t\twidth: 50%;\n\t\t\t}\n\t\t\t#gallery-1 img {\n\t\t\t\tborder: 2px solid #cfcfcf;\n\t\t\t}\n\t\t\t#gallery-1 .gallery-caption {\n\t\t\t\tmargin-left: 0;\n\t\t\t}\n\t\t\t\/* see gallery_shortcode() in wp-includes\/media.php *\/\n\t\t<\/style>\n\t\t<div id='gallery-1' class='gallery galleryid-62 gallery-columns-2 gallery-size-medium'><dl class='gallery-item'>\n\t\t\t<dt class='gallery-icon portrait'>\n\t\t\t\t<a href='https:\/\/signum.pb.edu.pl\/usmiech\/wp-content\/uploads\/2018\/03\/szewczul003.jpg'><img loading=\"lazy\" decoding=\"async\" width=\"203\" height=\"300\" src=\"https:\/\/signum.pb.edu.pl\/usmiech\/wp-content\/uploads\/2018\/03\/szewczul003-203x300.jpg\" class=\"attachment-medium size-medium\" alt=\",,Niesko\u0144czono\u015b\u0107&quot; Katarzyna Szewczul - II Liceum Og\u00f3lnokszta\u0142c\u0105ce w Bia\u0142ymstoku\" aria-describedby=\"gallery-1-152\" srcset=\"https:\/\/signum.pb.edu.pl\/usmiech\/wp-content\/uploads\/2018\/03\/szewczul003-203x300.jpg 203w, https:\/\/signum.pb.edu.pl\/usmiech\/wp-content\/uploads\/2018\/03\/szewczul003.jpg 473w\" sizes=\"auto, (max-width: 203px) 100vw, 203px\" \/><\/a>\n\t\t\t<\/dt>\n\t\t\t\t<dd class='wp-caption-text gallery-caption' id='gallery-1-152'>\n\t\t\t\t,,Niesko\u0144czono\u015b\u0107&#8221;\nKatarzyna Szewczul &#8211; II Liceum Og\u00f3lnokszta\u0142c\u0105ce w Bia\u0142ymstoku\n\t\t\t\t<\/dd><\/dl><dl class='gallery-item'>\n\t\t\t<dt class='gallery-icon portrait'>\n\t\t\t\t<a href='https:\/\/signum.pb.edu.pl\/usmiech\/wp-content\/uploads\/2018\/03\/szewczul002.jpg'><img loading=\"lazy\" decoding=\"async\" width=\"210\" height=\"300\" src=\"https:\/\/signum.pb.edu.pl\/usmiech\/wp-content\/uploads\/2018\/03\/szewczul002-210x300.jpg\" class=\"attachment-medium size-medium\" alt=\",,Funkcja monotoniczna&quot; Katarzyna Szewczul - II Liceum Og\u00f3lnokszta\u0142c\u0105ce w Bia\u0142ymstoku\" aria-describedby=\"gallery-1-151\" srcset=\"https:\/\/signum.pb.edu.pl\/usmiech\/wp-content\/uploads\/2018\/03\/szewczul002-210x300.jpg 210w, https:\/\/signum.pb.edu.pl\/usmiech\/wp-content\/uploads\/2018\/03\/szewczul002.jpg 490w\" sizes=\"auto, (max-width: 210px) 100vw, 210px\" \/><\/a>\n\t\t\t<\/dt>\n\t\t\t\t<dd class='wp-caption-text gallery-caption' id='gallery-1-151'>\n\t\t\t\t,,Funkcja monotoniczna&#8221;\nKatarzyna Szewczul &#8211; II Liceum Og\u00f3lnokszta\u0142c\u0105ce w Bia\u0142ymstoku\n\t\t\t\t<\/dd><\/dl><br style=\"clear: both\" \/>\n\t\t<\/div>\n\n<hr \/>\n<p>II miejsce<\/p>\n\n\t\t<style type=\"text\/css\">\n\t\t\t#gallery-2 {\n\t\t\t\tmargin: auto;\n\t\t\t}\n\t\t\t#gallery-2 .gallery-item {\n\t\t\t\tfloat: left;\n\t\t\t\tmargin-top: 10px;\n\t\t\t\ttext-align: center;\n\t\t\t\twidth: 100%;\n\t\t\t}\n\t\t\t#gallery-2 img {\n\t\t\t\tborder: 2px solid #cfcfcf;\n\t\t\t}\n\t\t\t#gallery-2 .gallery-caption {\n\t\t\t\tmargin-left: 0;\n\t\t\t}\n\t\t\t\/* see gallery_shortcode() in wp-includes\/media.php *\/\n\t\t<\/style>\n\t\t<div id='gallery-2' class='gallery galleryid-62 gallery-columns-1 gallery-size-medium'><dl class='gallery-item'>\n\t\t\t<dt class='gallery-icon landscape'>\n\t\t\t\t<a href='https:\/\/signum.pb.edu.pl\/usmiech\/wp-content\/uploads\/2018\/03\/pac.jpg'><img loading=\"lazy\" decoding=\"async\" width=\"300\" height=\"218\" src=\"https:\/\/signum.pb.edu.pl\/usmiech\/wp-content\/uploads\/2018\/03\/pac-300x218.jpg\" class=\"attachment-medium size-medium\" alt=\",,Psychiatra radzi&quot; Dawid Pac - Zesp\u00f3\u0142 Szk\u00f3\u0142 w Sok\u00f3\u0142ce\" aria-describedby=\"gallery-2-150\" srcset=\"https:\/\/signum.pb.edu.pl\/usmiech\/wp-content\/uploads\/2018\/03\/pac-300x218.jpg 300w, https:\/\/signum.pb.edu.pl\/usmiech\/wp-content\/uploads\/2018\/03\/pac-768x559.jpg 768w, https:\/\/signum.pb.edu.pl\/usmiech\/wp-content\/uploads\/2018\/03\/pac.jpg 935w\" sizes=\"auto, (max-width: 300px) 100vw, 300px\" \/><\/a>\n\t\t\t<\/dt>\n\t\t\t\t<dd class='wp-caption-text gallery-caption' id='gallery-2-150'>\n\t\t\t\t,,Psychiatra radzi&#8221;\nDawid Pac &#8211; Zesp\u00f3\u0142 Szk\u00f3\u0142 w Sok\u00f3\u0142ce\n\t\t\t\t<\/dd><\/dl><br style=\"clear: both\" \/>\n\t\t<\/div>\n\n<hr \/>\n<p>III miejsce<\/p>\n\n\t\t<style type=\"text\/css\">\n\t\t\t#gallery-3 {\n\t\t\t\tmargin: auto;\n\t\t\t}\n\t\t\t#gallery-3 .gallery-item {\n\t\t\t\tfloat: left;\n\t\t\t\tmargin-top: 10px;\n\t\t\t\ttext-align: center;\n\t\t\t\twidth: 50%;\n\t\t\t}\n\t\t\t#gallery-3 img {\n\t\t\t\tborder: 2px solid #cfcfcf;\n\t\t\t}\n\t\t\t#gallery-3 .gallery-caption {\n\t\t\t\tmargin-left: 0;\n\t\t\t}\n\t\t\t\/* see gallery_shortcode() in wp-includes\/media.php *\/\n\t\t<\/style>\n\t\t<div id='gallery-3' class='gallery galleryid-62 gallery-columns-2 gallery-size-medium'><dl class='gallery-item'>\n\t\t\t<dt class='gallery-icon landscape'>\n\t\t\t\t<a href='https:\/\/signum.pb.edu.pl\/usmiech\/wp-content\/uploads\/2018\/03\/dlugozima002.jpg'><img loading=\"lazy\" decoding=\"async\" width=\"300\" height=\"196\" src=\"https:\/\/signum.pb.edu.pl\/usmiech\/wp-content\/uploads\/2018\/03\/dlugozima002-300x196.jpg\" class=\"attachment-medium size-medium\" alt=\",,Trzy punkty&quot; Daria D\u0142ugozima - II Liceum Og\u00f3lnokszta\u0142c\u0105ce w Bia\u0142ymstoku\" aria-describedby=\"gallery-3-159\" srcset=\"https:\/\/signum.pb.edu.pl\/usmiech\/wp-content\/uploads\/2018\/03\/dlugozima002-300x196.jpg 300w, https:\/\/signum.pb.edu.pl\/usmiech\/wp-content\/uploads\/2018\/03\/dlugozima002-768x501.jpg 768w, https:\/\/signum.pb.edu.pl\/usmiech\/wp-content\/uploads\/2018\/03\/dlugozima002.jpg 919w\" sizes=\"auto, (max-width: 300px) 100vw, 300px\" \/><\/a>\n\t\t\t<\/dt>\n\t\t\t\t<dd class='wp-caption-text gallery-caption' id='gallery-3-159'>\n\t\t\t\t,,Trzy punkty&#8221;\nDaria D\u0142ugozima &#8211; II Liceum Og\u00f3lnokszta\u0142c\u0105ce w Bia\u0142ymstoku\n\t\t\t\t<\/dd><\/dl><dl class='gallery-item'>\n\t\t\t<dt class='gallery-icon landscape'>\n\t\t\t\t<a href='https:\/\/signum.pb.edu.pl\/usmiech\/wp-content\/uploads\/2018\/03\/dlugozima003.jpg'><img loading=\"lazy\" decoding=\"async\" width=\"300\" height=\"191\" src=\"https:\/\/signum.pb.edu.pl\/usmiech\/wp-content\/uploads\/2018\/03\/dlugozima003-300x191.jpg\" class=\"attachment-medium size-medium\" alt=\",,Wyprowadzenie wzoru&quot; Daria D\u0142ugozima - II Liceum Og\u00f3lnokszta\u0142c\u0105ce w Bia\u0142ymstoku\" aria-describedby=\"gallery-3-153\" srcset=\"https:\/\/signum.pb.edu.pl\/usmiech\/wp-content\/uploads\/2018\/03\/dlugozima003-300x191.jpg 300w, https:\/\/signum.pb.edu.pl\/usmiech\/wp-content\/uploads\/2018\/03\/dlugozima003-768x489.jpg 768w, https:\/\/signum.pb.edu.pl\/usmiech\/wp-content\/uploads\/2018\/03\/dlugozima003.jpg 942w\" sizes=\"auto, (max-width: 300px) 100vw, 300px\" \/><\/a>\n\t\t\t<\/dt>\n\t\t\t\t<dd class='wp-caption-text gallery-caption' id='gallery-3-153'>\n\t\t\t\t,,Wyprowadzenie wzoru&#8221;\nDaria D\u0142ugozima &#8211; II Liceum Og\u00f3lnokszta\u0142c\u0105ce w Bia\u0142ymstoku\n\t\t\t\t<\/dd><\/dl><br style=\"clear: both\" \/>\n\t\t<\/div>\n\n<hr \/>\n<p>Wyr\u00f3\u017cnienia<\/p>\n\n\t\t<style type=\"text\/css\">\n\t\t\t#gallery-4 {\n\t\t\t\tmargin: auto;\n\t\t\t}\n\t\t\t#gallery-4 .gallery-item {\n\t\t\t\tfloat: left;\n\t\t\t\tmargin-top: 10px;\n\t\t\t\ttext-align: center;\n\t\t\t\twidth: 33%;\n\t\t\t}\n\t\t\t#gallery-4 img {\n\t\t\t\tborder: 2px solid #cfcfcf;\n\t\t\t}\n\t\t\t#gallery-4 .gallery-caption {\n\t\t\t\tmargin-left: 0;\n\t\t\t}\n\t\t\t\/* see gallery_shortcode() in wp-includes\/media.php *\/\n\t\t<\/style>\n\t\t<div id='gallery-4' class='gallery galleryid-62 gallery-columns-3 gallery-size-medium'><dl class='gallery-item'>\n\t\t\t<dt class='gallery-icon landscape'>\n\t\t\t\t<a href='https:\/\/signum.pb.edu.pl\/usmiech\/wp-content\/uploads\/2018\/03\/wozniel002.jpg'><img loading=\"lazy\" decoding=\"async\" width=\"300\" height=\"210\" src=\"https:\/\/signum.pb.edu.pl\/usmiech\/wp-content\/uploads\/2018\/03\/wozniel002-300x210.jpg\" class=\"attachment-medium size-medium\" alt=\",,Liczba rzeczywista&quot; Brygida Wo\u017aniel - II Liceum Og\u00f3lnokszta\u0142c\u0105ce w Bia\u0142ymstoku\" aria-describedby=\"gallery-4-162\" srcset=\"https:\/\/signum.pb.edu.pl\/usmiech\/wp-content\/uploads\/2018\/03\/wozniel002-300x210.jpg 300w, https:\/\/signum.pb.edu.pl\/usmiech\/wp-content\/uploads\/2018\/03\/wozniel002-768x538.jpg 768w, https:\/\/signum.pb.edu.pl\/usmiech\/wp-content\/uploads\/2018\/03\/wozniel002.jpg 857w\" sizes=\"auto, (max-width: 300px) 100vw, 300px\" \/><\/a>\n\t\t\t<\/dt>\n\t\t\t\t<dd class='wp-caption-text gallery-caption' id='gallery-4-162'>\n\t\t\t\t,,Liczba rzeczywista&#8221;\nBrygida Wo\u017aniel &#8211; II Liceum Og\u00f3lnokszta\u0142c\u0105ce w Bia\u0142ymstoku\n\t\t\t\t<\/dd><\/dl><dl class='gallery-item'>\n\t\t\t<dt class='gallery-icon landscape'>\n\t\t\t\t<a href='https:\/\/signum.pb.edu.pl\/usmiech\/wp-content\/uploads\/2018\/03\/wozniel003.jpg'><img loading=\"lazy\" decoding=\"async\" width=\"300\" height=\"191\" src=\"https:\/\/signum.pb.edu.pl\/usmiech\/wp-content\/uploads\/2018\/03\/wozniel003-300x191.jpg\" class=\"attachment-medium size-medium\" alt=\",,Jazda figurowa&quot; Brygida Wo\u017aniel - II Liceum Og\u00f3lnokszta\u0142c\u0105ce w Bia\u0142ymstoku\" aria-describedby=\"gallery-4-163\" srcset=\"https:\/\/signum.pb.edu.pl\/usmiech\/wp-content\/uploads\/2018\/03\/wozniel003-300x191.jpg 300w, https:\/\/signum.pb.edu.pl\/usmiech\/wp-content\/uploads\/2018\/03\/wozniel003-768x489.jpg 768w, https:\/\/signum.pb.edu.pl\/usmiech\/wp-content\/uploads\/2018\/03\/wozniel003.jpg 942w\" sizes=\"auto, (max-width: 300px) 100vw, 300px\" \/><\/a>\n\t\t\t<\/dt>\n\t\t\t\t<dd class='wp-caption-text gallery-caption' id='gallery-4-163'>\n\t\t\t\t,,Jazda figurowa&#8221;\nBrygida Wo\u017aniel &#8211; II Liceum Og\u00f3lnokszta\u0142c\u0105ce w Bia\u0142ymstoku\n\t\t\t\t<\/dd><\/dl><dl class='gallery-item'>\n\t\t\t<dt class='gallery-icon landscape'>\n\t\t\t\t<a href='https:\/\/signum.pb.edu.pl\/usmiech\/wp-content\/uploads\/2018\/03\/kozlowski001.jpg'><img loading=\"lazy\" decoding=\"async\" width=\"300\" height=\"216\" src=\"https:\/\/signum.pb.edu.pl\/usmiech\/wp-content\/uploads\/2018\/03\/kozlowski001-300x216.jpg\" class=\"attachment-medium size-medium\" alt=\",,Cyfrowa telewizja&quot; Karol Jakub Koz\u0142owski - Zesp\u00f3\u0142 Szk\u00f3\u0142 w Sok\u00f3\u0142ce\" aria-describedby=\"gallery-4-161\" srcset=\"https:\/\/signum.pb.edu.pl\/usmiech\/wp-content\/uploads\/2018\/03\/kozlowski001-300x216.jpg 300w, https:\/\/signum.pb.edu.pl\/usmiech\/wp-content\/uploads\/2018\/03\/kozlowski001-768x553.jpg 768w, https:\/\/signum.pb.edu.pl\/usmiech\/wp-content\/uploads\/2018\/03\/kozlowski001.jpg 902w\" sizes=\"auto, (max-width: 300px) 100vw, 300px\" \/><\/a>\n\t\t\t<\/dt>\n\t\t\t\t<dd class='wp-caption-text gallery-caption' id='gallery-4-161'>\n\t\t\t\t,,Cyfrowa telewizja&#8221;\nKarol Jakub Koz\u0142owski &#8211; Zesp\u00f3\u0142 Szk\u00f3\u0142 w Sok\u00f3\u0142ce\n\t\t\t\t<\/dd><\/dl><br style=\"clear: both\" \/>\n\t\t<\/div>\n\n<hr \/>\n<hr \/>\n<p><strong>Gimnazjum<\/strong><\/p>\n<hr \/>\n<hr \/>\n<p>I miejsce<\/p>\n\n\t\t<style type=\"text\/css\">\n\t\t\t#gallery-5 {\n\t\t\t\tmargin: auto;\n\t\t\t}\n\t\t\t#gallery-5 .gallery-item {\n\t\t\t\tfloat: left;\n\t\t\t\tmargin-top: 10px;\n\t\t\t\ttext-align: center;\n\t\t\t\twidth: 100%;\n\t\t\t}\n\t\t\t#gallery-5 img {\n\t\t\t\tborder: 2px solid #cfcfcf;\n\t\t\t}\n\t\t\t#gallery-5 .gallery-caption {\n\t\t\t\tmargin-left: 0;\n\t\t\t}\n\t\t\t\/* see gallery_shortcode() in wp-includes\/media.php *\/\n\t\t<\/style>\n\t\t<div id='gallery-5' class='gallery galleryid-62 gallery-columns-1 gallery-size-medium'><dl class='gallery-item'>\n\t\t\t<dt class='gallery-icon portrait'>\n\t\t\t\t<a href='https:\/\/signum.pb.edu.pl\/usmiech\/wp-content\/uploads\/2018\/03\/olejnik001.jpg'><img loading=\"lazy\" decoding=\"async\" width=\"209\" height=\"300\" src=\"https:\/\/signum.pb.edu.pl\/usmiech\/wp-content\/uploads\/2018\/03\/olejnik001-209x300.jpg\" class=\"attachment-medium size-medium\" alt=\",,Liczba niewymierna&quot; Piotr Olejnik - Publiczne Gimanzjum nr 4 w Bia\u0142ymstoku\" aria-describedby=\"gallery-5-169\" srcset=\"https:\/\/signum.pb.edu.pl\/usmiech\/wp-content\/uploads\/2018\/03\/olejnik001-209x300.jpg 209w, https:\/\/signum.pb.edu.pl\/usmiech\/wp-content\/uploads\/2018\/03\/olejnik001.jpg 768w, https:\/\/signum.pb.edu.pl\/usmiech\/wp-content\/uploads\/2018\/03\/olejnik001-715x1024.jpg 715w\" sizes=\"auto, (max-width: 209px) 100vw, 209px\" \/><\/a>\n\t\t\t<\/dt>\n\t\t\t\t<dd class='wp-caption-text gallery-caption' id='gallery-5-169'>\n\t\t\t\t,,Liczba niewymierna&#8221;\nPiotr Olejnik &#8211; Publiczne Gimanzjum nr 4 w Bia\u0142ymstoku\n\t\t\t\t<\/dd><\/dl><br style=\"clear: both\" \/>\n\t\t<\/div>\n\n<hr \/>\n<p>II miejsce<\/p>\n\n\t\t<style type=\"text\/css\">\n\t\t\t#gallery-6 {\n\t\t\t\tmargin: auto;\n\t\t\t}\n\t\t\t#gallery-6 .gallery-item {\n\t\t\t\tfloat: left;\n\t\t\t\tmargin-top: 10px;\n\t\t\t\ttext-align: center;\n\t\t\t\twidth: 100%;\n\t\t\t}\n\t\t\t#gallery-6 img {\n\t\t\t\tborder: 2px solid #cfcfcf;\n\t\t\t}\n\t\t\t#gallery-6 .gallery-caption {\n\t\t\t\tmargin-left: 0;\n\t\t\t}\n\t\t\t\/* see gallery_shortcode() in wp-includes\/media.php *\/\n\t\t<\/style>\n\t\t<div id='gallery-6' class='gallery galleryid-62 gallery-columns-1 gallery-size-medium'><dl class='gallery-item'>\n\t\t\t<dt class='gallery-icon portrait'>\n\t\t\t\t<a href='https:\/\/signum.pb.edu.pl\/usmiech\/wp-content\/uploads\/2018\/03\/siemieniuk001.jpg'><img loading=\"lazy\" decoding=\"async\" width=\"215\" height=\"300\" src=\"https:\/\/signum.pb.edu.pl\/usmiech\/wp-content\/uploads\/2018\/03\/siemieniuk001-215x300.jpg\" class=\"attachment-medium size-medium\" alt=\",,Kr\u00f3lowa nauk&quot; Monika Siemieniuk - Publiczne Gimanzjum nr 4 w Bia\u0142ymstoku\" aria-describedby=\"gallery-6-165\" srcset=\"https:\/\/signum.pb.edu.pl\/usmiech\/wp-content\/uploads\/2018\/03\/siemieniuk001-215x300.jpg 215w, https:\/\/signum.pb.edu.pl\/usmiech\/wp-content\/uploads\/2018\/03\/siemieniuk001.jpg 715w\" sizes=\"auto, (max-width: 215px) 100vw, 215px\" \/><\/a>\n\t\t\t<\/dt>\n\t\t\t\t<dd class='wp-caption-text gallery-caption' id='gallery-6-165'>\n\t\t\t\t,,Kr\u00f3lowa nauk&#8221;\nMonika Siemieniuk &#8211; Publiczne Gimanzjum nr 4 w Bia\u0142ymstoku\n\t\t\t\t<\/dd><\/dl><br style=\"clear: both\" \/>\n\t\t<\/div>\n\n<hr \/>\n<p>III miejsce<\/p>\n\n\t\t<style type=\"text\/css\">\n\t\t\t#gallery-7 {\n\t\t\t\tmargin: auto;\n\t\t\t}\n\t\t\t#gallery-7 .gallery-item {\n\t\t\t\tfloat: left;\n\t\t\t\tmargin-top: 10px;\n\t\t\t\ttext-align: center;\n\t\t\t\twidth: 50%;\n\t\t\t}\n\t\t\t#gallery-7 img {\n\t\t\t\tborder: 2px solid #cfcfcf;\n\t\t\t}\n\t\t\t#gallery-7 .gallery-caption {\n\t\t\t\tmargin-left: 0;\n\t\t\t}\n\t\t\t\/* see gallery_shortcode() in wp-includes\/media.php *\/\n\t\t<\/style>\n\t\t<div id='gallery-7' class='gallery galleryid-62 gallery-columns-2 gallery-size-medium'><dl class='gallery-item'>\n\t\t\t<dt class='gallery-icon landscape'>\n\t\t\t\t<a href='https:\/\/signum.pb.edu.pl\/usmiech\/wp-content\/uploads\/2018\/03\/tyminska003.jpg'><img loading=\"lazy\" decoding=\"async\" width=\"300\" height=\"213\" src=\"https:\/\/signum.pb.edu.pl\/usmiech\/wp-content\/uploads\/2018\/03\/tyminska003-300x213.jpg\" class=\"attachment-medium size-medium\" alt=\",,Tr\u00f3jk\u0105ty przystaj\u0105ce&quot; Ambrossia Adrianna Tymi\u0144ska Ma\u0142aszkiewicz - Publiczne Gimanzjum nr 4 w Bia\u0142ymstoku\" aria-describedby=\"gallery-7-166\" srcset=\"https:\/\/signum.pb.edu.pl\/usmiech\/wp-content\/uploads\/2018\/03\/tyminska003-300x213.jpg 300w, https:\/\/signum.pb.edu.pl\/usmiech\/wp-content\/uploads\/2018\/03\/tyminska003-768x545.jpg 768w, https:\/\/signum.pb.edu.pl\/usmiech\/wp-content\/uploads\/2018\/03\/tyminska003.jpg 846w\" sizes=\"auto, (max-width: 300px) 100vw, 300px\" \/><\/a>\n\t\t\t<\/dt>\n\t\t\t\t<dd class='wp-caption-text gallery-caption' id='gallery-7-166'>\n\t\t\t\t,,Tr\u00f3jk\u0105ty przystaj\u0105ce&#8221;\nAmbrossia Adrianna Tymi\u0144ska Ma\u0142aszkiewicz &#8211; Publiczne Gimanzjum nr 4 w Bia\u0142ymstoku\n\t\t\t\t<\/dd><\/dl><dl class='gallery-item'>\n\t\t\t<dt class='gallery-icon landscape'>\n\t\t\t\t<a href='https:\/\/signum.pb.edu.pl\/usmiech\/wp-content\/uploads\/2018\/03\/tyminska004.jpg'><img loading=\"lazy\" decoding=\"async\" width=\"300\" height=\"218\" src=\"https:\/\/signum.pb.edu.pl\/usmiech\/wp-content\/uploads\/2018\/03\/tyminska004-300x218.jpg\" class=\"attachment-medium size-medium\" alt=\",,Amor matematyczny&quot; Ambrossia Adrianna Tymi\u0144ska Ma\u0142aszkiewicz - Publiczne Gimanzjum nr 4 w Bia\u0142ymstoku\" aria-describedby=\"gallery-7-167\" srcset=\"https:\/\/signum.pb.edu.pl\/usmiech\/wp-content\/uploads\/2018\/03\/tyminska004-300x218.jpg 300w, https:\/\/signum.pb.edu.pl\/usmiech\/wp-content\/uploads\/2018\/03\/tyminska004-768x559.jpg 768w, https:\/\/signum.pb.edu.pl\/usmiech\/wp-content\/uploads\/2018\/03\/tyminska004.jpg 825w\" sizes=\"auto, (max-width: 300px) 100vw, 300px\" \/><\/a>\n\t\t\t<\/dt>\n\t\t\t\t<dd class='wp-caption-text gallery-caption' id='gallery-7-167'>\n\t\t\t\t,,Amor matematyczny&#8221;\nAmbrossia Adrianna Tymi\u0144ska Ma\u0142aszkiewicz &#8211; Publiczne Gimanzjum nr 4 w Bia\u0142ymstoku\n\t\t\t\t<\/dd><\/dl><br style=\"clear: both\" \/>\n\t\t<\/div>\n\n<hr \/>\n<p>Wyr\u00f3\u017cnienie<\/p>\n\n\t\t<style type=\"text\/css\">\n\t\t\t#gallery-8 {\n\t\t\t\tmargin: auto;\n\t\t\t}\n\t\t\t#gallery-8 .gallery-item {\n\t\t\t\tfloat: left;\n\t\t\t\tmargin-top: 10px;\n\t\t\t\ttext-align: center;\n\t\t\t\twidth: 33%;\n\t\t\t}\n\t\t\t#gallery-8 img {\n\t\t\t\tborder: 2px solid #cfcfcf;\n\t\t\t}\n\t\t\t#gallery-8 .gallery-caption {\n\t\t\t\tmargin-left: 0;\n\t\t\t}\n\t\t\t\/* see gallery_shortcode() in wp-includes\/media.php *\/\n\t\t<\/style>\n\t\t<div id='gallery-8' class='gallery galleryid-62 gallery-columns-3 gallery-size-medium'><dl class='gallery-item'>\n\t\t\t<dt class='gallery-icon landscape'>\n\t\t\t\t<a href='https:\/\/signum.pb.edu.pl\/usmiech\/wp-content\/uploads\/2018\/03\/lukaszewicz001.jpg'><img loading=\"lazy\" decoding=\"async\" width=\"300\" height=\"227\" src=\"https:\/\/signum.pb.edu.pl\/usmiech\/wp-content\/uploads\/2018\/03\/lukaszewicz001-300x227.jpg\" class=\"attachment-medium size-medium\" alt=\",,Szkolne wpadki&quot; Agnieszka \u0141ukaszewicz - Publiczne Gimanzjum nr 4 w Bia\u0142ymstoku\" aria-describedby=\"gallery-8-155\" srcset=\"https:\/\/signum.pb.edu.pl\/usmiech\/wp-content\/uploads\/2018\/03\/lukaszewicz001-300x227.jpg 300w, https:\/\/signum.pb.edu.pl\/usmiech\/wp-content\/uploads\/2018\/03\/lukaszewicz001-768x580.jpg 768w, https:\/\/signum.pb.edu.pl\/usmiech\/wp-content\/uploads\/2018\/03\/lukaszewicz001.jpg 794w\" sizes=\"auto, (max-width: 300px) 100vw, 300px\" \/><\/a>\n\t\t\t<\/dt>\n\t\t\t\t<dd class='wp-caption-text gallery-caption' id='gallery-8-155'>\n\t\t\t\t,,Szkolne wpadki&#8221;\nAgnieszka \u0141ukaszewicz &#8211; Publiczne Gimanzjum nr 4 w Bia\u0142ymstoku\n\t\t\t\t<\/dd><\/dl><dl class='gallery-item'>\n\t\t\t<dt class='gallery-icon landscape'>\n\t\t\t\t<a href='https:\/\/signum.pb.edu.pl\/usmiech\/wp-content\/uploads\/2018\/03\/lukaszewicz002.jpg'><img loading=\"lazy\" decoding=\"async\" width=\"300\" height=\"225\" src=\"https:\/\/signum.pb.edu.pl\/usmiech\/wp-content\/uploads\/2018\/03\/lukaszewicz002-300x225.jpg\" class=\"attachment-medium size-medium\" alt=\",,RLUDOLFINA&quot; Agnieszka \u0141ukaszewicz - Publiczne Gimanzjum nr 4 w Bia\u0142ymstoku\" aria-describedby=\"gallery-8-156\" srcset=\"https:\/\/signum.pb.edu.pl\/usmiech\/wp-content\/uploads\/2018\/03\/lukaszewicz002-300x225.jpg 300w, https:\/\/signum.pb.edu.pl\/usmiech\/wp-content\/uploads\/2018\/03\/lukaszewicz002-768x577.jpg 768w, https:\/\/signum.pb.edu.pl\/usmiech\/wp-content\/uploads\/2018\/03\/lukaszewicz002.jpg 865w\" sizes=\"auto, (max-width: 300px) 100vw, 300px\" \/><\/a>\n\t\t\t<\/dt>\n\t\t\t\t<dd class='wp-caption-text gallery-caption' id='gallery-8-156'>\n\t\t\t\t,,RLUDOLFINA&#8221;\nAgnieszka \u0141ukaszewicz &#8211; Publiczne Gimanzjum nr 4 w Bia\u0142ymstoku\n\t\t\t\t<\/dd><\/dl><dl class='gallery-item'>\n\t\t\t<dt class='gallery-icon portrait'>\n\t\t\t\t<a href='https:\/\/signum.pb.edu.pl\/usmiech\/wp-content\/uploads\/2018\/03\/dobkowski.jpg'><img loading=\"lazy\" decoding=\"async\" width=\"212\" height=\"300\" src=\"https:\/\/signum.pb.edu.pl\/usmiech\/wp-content\/uploads\/2018\/03\/dobkowski-212x300.jpg\" class=\"attachment-medium size-medium\" alt=\",,Pitagoras&quot; \u0141ukasz Dobkowski - Publiczne Gimanzjum nr 4 w Bia\u0142ymstoku\" aria-describedby=\"gallery-8-154\" srcset=\"https:\/\/signum.pb.edu.pl\/usmiech\/wp-content\/uploads\/2018\/03\/dobkowski-212x300.jpg 212w, https:\/\/signum.pb.edu.pl\/usmiech\/wp-content\/uploads\/2018\/03\/dobkowski.jpg 707w\" sizes=\"auto, (max-width: 212px) 100vw, 212px\" \/><\/a>\n\t\t\t<\/dt>\n\t\t\t\t<dd class='wp-caption-text gallery-caption' id='gallery-8-154'>\n\t\t\t\t,,Pitagoras&#8221;\n\u0141ukasz Dobkowski &#8211; Publiczne Gimanzjum nr 4 w Bia\u0142ymstoku\n\t\t\t\t<\/dd><\/dl><br style=\"clear: both\" \/>\n\t\t<\/div>\n\n","protected":false},"excerpt":{"rendered":"<p>Szko\u0142a ponadgimnazjalna I miejsce II miejsce III miejsce Wyr\u00f3\u017cnienia Gimnazjum I miejsce II miejsce III miejsce Wyr\u00f3\u017cnienie<\/p>\n","protected":false},"author":1,"featured_media":0,"parent":48,"menu_order":0,"comment_status":"closed","ping_status":"closed","template":"","meta":{"footnotes":""},"class_list":["post-62","page","type-page","status-publish","hentry"],"_links":{"self":[{"href":"https:\/\/signum.pb.edu.pl\/usmiech\/index.php?rest_route=\/wp\/v2\/pages\/62","targetHints":{"allow":["GET"]}}],"collection":[{"href":"https:\/\/signum.pb.edu.pl\/usmiech\/index.php?rest_route=\/wp\/v2\/pages"}],"about":[{"href":"https:\/\/signum.pb.edu.pl\/usmiech\/index.php?rest_route=\/wp\/v2\/types\/page"}],"author":[{"embeddable":true,"href":"https:\/\/signum.pb.edu.pl\/usmiech\/index.php?rest_route=\/wp\/v2\/users\/1"}],"replies":[{"embeddable":true,"href":"https:\/\/signum.pb.edu.pl\/usmiech\/index.php?rest_route=%2Fwp%2Fv2%2Fcomments&post=62"}],"version-history":[{"count":6,"href":"https:\/\/signum.pb.edu.pl\/usmiech\/index.php?rest_route=\/wp\/v2\/pages\/62\/revisions"}],"predecessor-version":[{"id":170,"href":"https:\/\/signum.pb.edu.pl\/usmiech\/index.php?rest_route=\/wp\/v2\/pages\/62\/revisions\/170"}],"up":[{"embeddable":true,"href":"https:\/\/signum.pb.edu.pl\/usmiech\/index.php?rest_route=\/wp\/v2\/pages\/48"}],"wp:attachment":[{"href":"https:\/\/signum.pb.edu.pl\/usmiech\/index.php?rest_route=%2Fwp%2Fv2%2Fmedia&parent=62"}],"curies":[{"name":"wp","href":"https:\/\/api.w.org\/{rel}","templated":true}]}}