{"id":60,"date":"2018-03-02T17:00:46","date_gmt":"2018-03-02T16:00:46","guid":{"rendered":"https:\/\/signum.pb.bialystok.pl\/usmiech\/?page_id=60"},"modified":"2018-03-02T18:10:24","modified_gmt":"2018-03-02T17:10:24","slug":"nagrodzone-prace-2009","status":"publish","type":"page","link":"https:\/\/signum.pb.edu.pl\/usmiech\/?page_id=60","title":{"rendered":"Nagrodzone prace 2009"},"content":{"rendered":"<p><strong>Szko\u0142a \u015brednia<\/strong><\/p>\n<hr \/>\n<hr \/>\n<p>I miejsce<\/p>\n\n\t\t<style type=\"text\/css\">\n\t\t\t#gallery-1 {\n\t\t\t\tmargin: auto;\n\t\t\t}\n\t\t\t#gallery-1 .gallery-item {\n\t\t\t\tfloat: left;\n\t\t\t\tmargin-top: 10px;\n\t\t\t\ttext-align: center;\n\t\t\t\twidth: 33%;\n\t\t\t}\n\t\t\t#gallery-1 img {\n\t\t\t\tborder: 2px solid #cfcfcf;\n\t\t\t}\n\t\t\t#gallery-1 .gallery-caption {\n\t\t\t\tmargin-left: 0;\n\t\t\t}\n\t\t\t\/* see gallery_shortcode() in wp-includes\/media.php *\/\n\t\t<\/style>\n\t\t<div id='gallery-1' class='gallery galleryid-60 gallery-columns-3 gallery-size-medium'><dl class='gallery-item'>\n\t\t\t<dt class='gallery-icon landscape'>\n\t\t\t\t<a href='https:\/\/signum.pb.edu.pl\/usmiech\/wp-content\/uploads\/2018\/03\/praca001.jpg'><img loading=\"lazy\" decoding=\"async\" width=\"300\" height=\"217\" src=\"https:\/\/signum.pb.edu.pl\/usmiech\/wp-content\/uploads\/2018\/03\/praca001-300x217.jpg\" class=\"attachment-medium size-medium\" alt=\",,Tr\u00f3jk\u0105t Pascala&quot; Karolina Socho\u0144 - III Liceum Og\u00f3lnokszta\u0142c\u0105ce w Bia\u0142ymstoku\" aria-describedby=\"gallery-1-144\" srcset=\"https:\/\/signum.pb.edu.pl\/usmiech\/wp-content\/uploads\/2018\/03\/praca001-300x217.jpg 300w, https:\/\/signum.pb.edu.pl\/usmiech\/wp-content\/uploads\/2018\/03\/praca001.jpg 640w\" sizes=\"auto, (max-width: 300px) 100vw, 300px\" \/><\/a>\n\t\t\t<\/dt>\n\t\t\t\t<dd class='wp-caption-text gallery-caption' id='gallery-1-144'>\n\t\t\t\t,,Tr\u00f3jk\u0105t Pascala&#8221;\nKarolina Socho\u0144 &#8211; III Liceum Og\u00f3lnokszta\u0142c\u0105ce w Bia\u0142ymstoku\n\t\t\t\t<\/dd><\/dl><dl class='gallery-item'>\n\t\t\t<dt class='gallery-icon landscape'>\n\t\t\t\t<a href='https:\/\/signum.pb.edu.pl\/usmiech\/wp-content\/uploads\/2018\/03\/praca002.jpg'><img loading=\"lazy\" decoding=\"async\" width=\"300\" height=\"217\" src=\"https:\/\/signum.pb.edu.pl\/usmiech\/wp-content\/uploads\/2018\/03\/praca002-300x217.jpg\" class=\"attachment-medium size-medium\" alt=\",,Analiza interpretacyjna&quot; Karolina Socho\u0144 - III Liceum Og\u00f3lnokszta\u0142c\u0105ce w Bia\u0142ymstoku\" aria-describedby=\"gallery-1-145\" srcset=\"https:\/\/signum.pb.edu.pl\/usmiech\/wp-content\/uploads\/2018\/03\/praca002-300x217.jpg 300w, https:\/\/signum.pb.edu.pl\/usmiech\/wp-content\/uploads\/2018\/03\/praca002.jpg 640w\" sizes=\"auto, (max-width: 300px) 100vw, 300px\" \/><\/a>\n\t\t\t<\/dt>\n\t\t\t\t<dd class='wp-caption-text gallery-caption' id='gallery-1-145'>\n\t\t\t\t,,Analiza interpretacyjna&#8221;\nKarolina Socho\u0144 &#8211; III Liceum Og\u00f3lnokszta\u0142c\u0105ce w Bia\u0142ymstoku\n\t\t\t\t<\/dd><\/dl><dl class='gallery-item'>\n\t\t\t<dt class='gallery-icon landscape'>\n\t\t\t\t<a href='https:\/\/signum.pb.edu.pl\/usmiech\/wp-content\/uploads\/2018\/03\/praca003.jpg'><img loading=\"lazy\" decoding=\"async\" width=\"300\" height=\"217\" src=\"https:\/\/signum.pb.edu.pl\/usmiech\/wp-content\/uploads\/2018\/03\/praca003-300x217.jpg\" class=\"attachment-medium size-medium\" alt=\",,Magiczne kwadraty&quot; Karolina Socho\u0144 - III Liceum Og\u00f3lnokszta\u0142c\u0105ce w Bia\u0142ymstoku\" aria-describedby=\"gallery-1-146\" srcset=\"https:\/\/signum.pb.edu.pl\/usmiech\/wp-content\/uploads\/2018\/03\/praca003-300x217.jpg 300w, https:\/\/signum.pb.edu.pl\/usmiech\/wp-content\/uploads\/2018\/03\/praca003.jpg 640w\" sizes=\"auto, (max-width: 300px) 100vw, 300px\" \/><\/a>\n\t\t\t<\/dt>\n\t\t\t\t<dd class='wp-caption-text gallery-caption' id='gallery-1-146'>\n\t\t\t\t,,Magiczne kwadraty&#8221;\nKarolina Socho\u0144 &#8211; III Liceum Og\u00f3lnokszta\u0142c\u0105ce w Bia\u0142ymstoku\n\t\t\t\t<\/dd><\/dl><br style=\"clear: both\" \/>\n\t\t<\/div>\n\n<hr \/>\n<p>II miejsce<\/p>\n\n\t\t<style type=\"text\/css\">\n\t\t\t#gallery-2 {\n\t\t\t\tmargin: auto;\n\t\t\t}\n\t\t\t#gallery-2 .gallery-item {\n\t\t\t\tfloat: left;\n\t\t\t\tmargin-top: 10px;\n\t\t\t\ttext-align: center;\n\t\t\t\twidth: 50%;\n\t\t\t}\n\t\t\t#gallery-2 img {\n\t\t\t\tborder: 2px solid #cfcfcf;\n\t\t\t}\n\t\t\t#gallery-2 .gallery-caption {\n\t\t\t\tmargin-left: 0;\n\t\t\t}\n\t\t\t\/* see gallery_shortcode() in wp-includes\/media.php *\/\n\t\t<\/style>\n\t\t<div id='gallery-2' class='gallery galleryid-60 gallery-columns-2 gallery-size-medium'><dl class='gallery-item'>\n\t\t\t<dt class='gallery-icon landscape'>\n\t\t\t\t<a href='https:\/\/signum.pb.edu.pl\/usmiech\/wp-content\/uploads\/2018\/03\/img_3122.jpg'><img loading=\"lazy\" decoding=\"async\" width=\"300\" height=\"225\" src=\"https:\/\/signum.pb.edu.pl\/usmiech\/wp-content\/uploads\/2018\/03\/img_3122-300x225.jpg\" class=\"attachment-medium size-medium\" alt=\",,O\u015a\u0107 liczbowa&quot; Justyna Hapunik - III Liceum Og\u00f3lnokszta\u0142c\u0105ce w Bia\u0142ymstoku\" aria-describedby=\"gallery-2-141\" srcset=\"https:\/\/signum.pb.edu.pl\/usmiech\/wp-content\/uploads\/2018\/03\/img_3122-300x225.jpg 300w, https:\/\/signum.pb.edu.pl\/usmiech\/wp-content\/uploads\/2018\/03\/img_3122.jpg 640w\" sizes=\"auto, (max-width: 300px) 100vw, 300px\" \/><\/a>\n\t\t\t<\/dt>\n\t\t\t\t<dd class='wp-caption-text gallery-caption' id='gallery-2-141'>\n\t\t\t\t,,O\u015a\u0107 liczbowa&#8221;\nJustyna Hapunik &#8211; III Liceum Og\u00f3lnokszta\u0142c\u0105ce w Bia\u0142ymstoku\n\t\t\t\t<\/dd><\/dl><dl class='gallery-item'>\n\t\t\t<dt class='gallery-icon landscape'>\n\t\t\t\t<a href='https:\/\/signum.pb.edu.pl\/usmiech\/wp-content\/uploads\/2018\/03\/img_3125.jpg'><img loading=\"lazy\" decoding=\"async\" width=\"300\" height=\"225\" src=\"https:\/\/signum.pb.edu.pl\/usmiech\/wp-content\/uploads\/2018\/03\/img_3125-300x225.jpg\" class=\"attachment-medium size-medium\" alt=\",,Tr\u00f3jk\u0105ty podobne&quot; Emilia Kami\u0144ska - III Liceum Og\u00f3lnokszta\u0142c\u0105ce w Bia\u0142ymstoku\" aria-describedby=\"gallery-2-142\" srcset=\"https:\/\/signum.pb.edu.pl\/usmiech\/wp-content\/uploads\/2018\/03\/img_3125-300x225.jpg 300w, https:\/\/signum.pb.edu.pl\/usmiech\/wp-content\/uploads\/2018\/03\/img_3125.jpg 640w\" sizes=\"auto, (max-width: 300px) 100vw, 300px\" \/><\/a>\n\t\t\t<\/dt>\n\t\t\t\t<dd class='wp-caption-text gallery-caption' id='gallery-2-142'>\n\t\t\t\t,,Tr\u00f3jk\u0105ty podobne&#8221;\nEmilia Kami\u0144ska &#8211; III Liceum Og\u00f3lnokszta\u0142c\u0105ce w Bia\u0142ymstoku\n\t\t\t\t<\/dd><\/dl><br style=\"clear: both\" \/>\n\t\t<\/div>\n\n<hr \/>\n<p>III miejsce<\/p>\n\n\t\t<style type=\"text\/css\">\n\t\t\t#gallery-3 {\n\t\t\t\tmargin: auto;\n\t\t\t}\n\t\t\t#gallery-3 .gallery-item {\n\t\t\t\tfloat: left;\n\t\t\t\tmargin-top: 10px;\n\t\t\t\ttext-align: center;\n\t\t\t\twidth: 100%;\n\t\t\t}\n\t\t\t#gallery-3 img {\n\t\t\t\tborder: 2px solid #cfcfcf;\n\t\t\t}\n\t\t\t#gallery-3 .gallery-caption {\n\t\t\t\tmargin-left: 0;\n\t\t\t}\n\t\t\t\/* see gallery_shortcode() in wp-includes\/media.php *\/\n\t\t<\/style>\n\t\t<div id='gallery-3' class='gallery galleryid-60 gallery-columns-1 gallery-size-medium'><dl class='gallery-item'>\n\t\t\t<dt class='gallery-icon landscape'>\n\t\t\t\t<a href='https:\/\/signum.pb.edu.pl\/usmiech\/wp-content\/uploads\/2018\/03\/img_3128.jpg'><img loading=\"lazy\" decoding=\"async\" width=\"300\" height=\"225\" src=\"https:\/\/signum.pb.edu.pl\/usmiech\/wp-content\/uploads\/2018\/03\/img_3128-300x225.jpg\" class=\"attachment-medium size-medium\" alt=\",,Ci\u0105g&quot; Paula P\u0142oszczuk - II Liceum Og\u00f3lnokszta\u0142c\u0105ce w Bia\u0142ymstoku\" aria-describedby=\"gallery-3-143\" srcset=\"https:\/\/signum.pb.edu.pl\/usmiech\/wp-content\/uploads\/2018\/03\/img_3128-300x225.jpg 300w, https:\/\/signum.pb.edu.pl\/usmiech\/wp-content\/uploads\/2018\/03\/img_3128.jpg 640w\" sizes=\"auto, (max-width: 300px) 100vw, 300px\" \/><\/a>\n\t\t\t<\/dt>\n\t\t\t\t<dd class='wp-caption-text gallery-caption' id='gallery-3-143'>\n\t\t\t\t,,Ci\u0105g&#8221;\nPaula P\u0142oszczuk &#8211; II Liceum Og\u00f3lnokszta\u0142c\u0105ce w Bia\u0142ymstoku\n\t\t\t\t<\/dd><\/dl><br style=\"clear: both\" \/>\n\t\t<\/div>\n\n","protected":false},"excerpt":{"rendered":"<p>Szko\u0142a \u015brednia I miejsce II miejsce III miejsce<\/p>\n","protected":false},"author":1,"featured_media":0,"parent":48,"menu_order":0,"comment_status":"closed","ping_status":"closed","template":"","meta":{"footnotes":""},"class_list":["post-60","page","type-page","status-publish","hentry"],"_links":{"self":[{"href":"https:\/\/signum.pb.edu.pl\/usmiech\/index.php?rest_route=\/wp\/v2\/pages\/60","targetHints":{"allow":["GET"]}}],"collection":[{"href":"https:\/\/signum.pb.edu.pl\/usmiech\/index.php?rest_route=\/wp\/v2\/pages"}],"about":[{"href":"https:\/\/signum.pb.edu.pl\/usmiech\/index.php?rest_route=\/wp\/v2\/types\/page"}],"author":[{"embeddable":true,"href":"https:\/\/signum.pb.edu.pl\/usmiech\/index.php?rest_route=\/wp\/v2\/users\/1"}],"replies":[{"embeddable":true,"href":"https:\/\/signum.pb.edu.pl\/usmiech\/index.php?rest_route=%2Fwp%2Fv2%2Fcomments&post=60"}],"version-history":[{"count":3,"href":"https:\/\/signum.pb.edu.pl\/usmiech\/index.php?rest_route=\/wp\/v2\/pages\/60\/revisions"}],"predecessor-version":[{"id":149,"href":"https:\/\/signum.pb.edu.pl\/usmiech\/index.php?rest_route=\/wp\/v2\/pages\/60\/revisions\/149"}],"up":[{"embeddable":true,"href":"https:\/\/signum.pb.edu.pl\/usmiech\/index.php?rest_route=\/wp\/v2\/pages\/48"}],"wp:attachment":[{"href":"https:\/\/signum.pb.edu.pl\/usmiech\/index.php?rest_route=%2Fwp%2Fv2%2Fmedia&parent=60"}],"curies":[{"name":"wp","href":"https:\/\/api.w.org\/{rel}","templated":true}]}}