{"id":58,"date":"2018-03-02T17:00:36","date_gmt":"2018-03-02T16:00:36","guid":{"rendered":"https:\/\/signum.pb.bialystok.pl\/usmiech\/?page_id=58"},"modified":"2018-03-02T18:02:44","modified_gmt":"2018-03-02T17:02:44","slug":"nagrodzone-prace-2008","status":"publish","type":"page","link":"https:\/\/signum.pb.edu.pl\/usmiech\/?page_id=58","title":{"rendered":"Nagrodzone prace 2008"},"content":{"rendered":"<p><strong>Szko\u0142a \u015brednia<\/strong><\/p>\n<hr \/>\n<hr \/>\n<p>I miejsce<\/p>\n\n\t\t<style type=\"text\/css\">\n\t\t\t#gallery-1 {\n\t\t\t\tmargin: auto;\n\t\t\t}\n\t\t\t#gallery-1 .gallery-item {\n\t\t\t\tfloat: left;\n\t\t\t\tmargin-top: 10px;\n\t\t\t\ttext-align: center;\n\t\t\t\twidth: 50%;\n\t\t\t}\n\t\t\t#gallery-1 img {\n\t\t\t\tborder: 2px solid #cfcfcf;\n\t\t\t}\n\t\t\t#gallery-1 .gallery-caption {\n\t\t\t\tmargin-left: 0;\n\t\t\t}\n\t\t\t\/* see gallery_shortcode() in wp-includes\/media.php *\/\n\t\t<\/style>\n\t\t<div id='gallery-1' class='gallery galleryid-58 gallery-columns-2 gallery-size-medium'><dl class='gallery-item'>\n\t\t\t<dt class='gallery-icon landscape'>\n\t\t\t\t<a href='https:\/\/signum.pb.edu.pl\/usmiech\/wp-content\/uploads\/2018\/03\/I_lic1.jpg'><img loading=\"lazy\" decoding=\"async\" width=\"300\" height=\"201\" src=\"https:\/\/signum.pb.edu.pl\/usmiech\/wp-content\/uploads\/2018\/03\/I_lic1-300x201.jpg\" class=\"attachment-medium size-medium\" alt=\",,MATMIX&quot; Marlena Drabyk - II Liceum Og\u00f3lnokszta\u0142c\u0105ce w Bia\u0142ymstoku\" aria-describedby=\"gallery-1-135\" srcset=\"https:\/\/signum.pb.edu.pl\/usmiech\/wp-content\/uploads\/2018\/03\/I_lic1-300x201.jpg 300w, https:\/\/signum.pb.edu.pl\/usmiech\/wp-content\/uploads\/2018\/03\/I_lic1-360x240.jpg 360w, https:\/\/signum.pb.edu.pl\/usmiech\/wp-content\/uploads\/2018\/03\/I_lic1.jpg 640w\" sizes=\"auto, (max-width: 300px) 100vw, 300px\" \/><\/a>\n\t\t\t<\/dt>\n\t\t\t\t<dd class='wp-caption-text gallery-caption' id='gallery-1-135'>\n\t\t\t\t,,MATMIX&#8221;\nMarlena Drabyk &#8211; II Liceum Og\u00f3lnokszta\u0142c\u0105ce w Bia\u0142ymstoku\n\t\t\t\t<\/dd><\/dl><dl class='gallery-item'>\n\t\t\t<dt class='gallery-icon landscape'>\n\t\t\t\t<a href='https:\/\/signum.pb.edu.pl\/usmiech\/wp-content\/uploads\/2018\/03\/I_lic2.jpg'><img loading=\"lazy\" decoding=\"async\" width=\"300\" height=\"208\" src=\"https:\/\/signum.pb.edu.pl\/usmiech\/wp-content\/uploads\/2018\/03\/I_lic2-300x208.jpg\" class=\"attachment-medium size-medium\" alt=\",,MATMIX Rewolucje&quot; Marlena Drabyk - II Liceum Og\u00f3lnokszta\u0142c\u0105ce w Bia\u0142ymstoku\" aria-describedby=\"gallery-1-136\" srcset=\"https:\/\/signum.pb.edu.pl\/usmiech\/wp-content\/uploads\/2018\/03\/I_lic2-300x208.jpg 300w, https:\/\/signum.pb.edu.pl\/usmiech\/wp-content\/uploads\/2018\/03\/I_lic2.jpg 640w\" sizes=\"auto, (max-width: 300px) 100vw, 300px\" \/><\/a>\n\t\t\t<\/dt>\n\t\t\t\t<dd class='wp-caption-text gallery-caption' id='gallery-1-136'>\n\t\t\t\t,,MATMIX Rewolucje&#8221;\nMarlena Drabyk &#8211; II Liceum Og\u00f3lnokszta\u0142c\u0105ce w Bia\u0142ymstoku\n\t\t\t\t<\/dd><\/dl><br style=\"clear: both\" \/>\n\t\t<\/div>\n\n<hr \/>\n<p>II miejsce<\/p>\n\n\t\t<style type=\"text\/css\">\n\t\t\t#gallery-2 {\n\t\t\t\tmargin: auto;\n\t\t\t}\n\t\t\t#gallery-2 .gallery-item {\n\t\t\t\tfloat: left;\n\t\t\t\tmargin-top: 10px;\n\t\t\t\ttext-align: center;\n\t\t\t\twidth: 100%;\n\t\t\t}\n\t\t\t#gallery-2 img {\n\t\t\t\tborder: 2px solid #cfcfcf;\n\t\t\t}\n\t\t\t#gallery-2 .gallery-caption {\n\t\t\t\tmargin-left: 0;\n\t\t\t}\n\t\t\t\/* see gallery_shortcode() in wp-includes\/media.php *\/\n\t\t<\/style>\n\t\t<div id='gallery-2' class='gallery galleryid-58 gallery-columns-1 gallery-size-medium'><dl class='gallery-item'>\n\t\t\t<dt class='gallery-icon landscape'>\n\t\t\t\t<a href='https:\/\/signum.pb.edu.pl\/usmiech\/wp-content\/uploads\/2018\/03\/II_lic.jpg'><img loading=\"lazy\" decoding=\"async\" width=\"300\" height=\"207\" src=\"https:\/\/signum.pb.edu.pl\/usmiech\/wp-content\/uploads\/2018\/03\/II_lic-300x207.jpg\" class=\"attachment-medium size-medium\" alt=\",,Symetria \u0142osiowa&quot; Justyna Hapunik - III Liceum Og\u00f3lnokszta\u0142c\u0105ce w Bia\u0142ymstoku\" aria-describedby=\"gallery-2-137\" srcset=\"https:\/\/signum.pb.edu.pl\/usmiech\/wp-content\/uploads\/2018\/03\/II_lic-300x207.jpg 300w, https:\/\/signum.pb.edu.pl\/usmiech\/wp-content\/uploads\/2018\/03\/II_lic.jpg 640w\" sizes=\"auto, (max-width: 300px) 100vw, 300px\" \/><\/a>\n\t\t\t<\/dt>\n\t\t\t\t<dd class='wp-caption-text gallery-caption' id='gallery-2-137'>\n\t\t\t\t,,Symetria \u0142osiowa&#8221;\nJustyna Hapunik &#8211; III Liceum Og\u00f3lnokszta\u0142c\u0105ce w Bia\u0142ymstoku\n\t\t\t\t<\/dd><\/dl><br style=\"clear: both\" \/>\n\t\t<\/div>\n\n<hr \/>\n<p>III miejsce<\/p>\n\n\t\t<style type=\"text\/css\">\n\t\t\t#gallery-3 {\n\t\t\t\tmargin: auto;\n\t\t\t}\n\t\t\t#gallery-3 .gallery-item {\n\t\t\t\tfloat: left;\n\t\t\t\tmargin-top: 10px;\n\t\t\t\ttext-align: center;\n\t\t\t\twidth: 100%;\n\t\t\t}\n\t\t\t#gallery-3 img {\n\t\t\t\tborder: 2px solid #cfcfcf;\n\t\t\t}\n\t\t\t#gallery-3 .gallery-caption {\n\t\t\t\tmargin-left: 0;\n\t\t\t}\n\t\t\t\/* see gallery_shortcode() in wp-includes\/media.php *\/\n\t\t<\/style>\n\t\t<div id='gallery-3' class='gallery galleryid-58 gallery-columns-1 gallery-size-medium'><dl class='gallery-item'>\n\t\t\t<dt class='gallery-icon portrait'>\n\t\t\t\t<a href='https:\/\/signum.pb.edu.pl\/usmiech\/wp-content\/uploads\/2018\/03\/III_lic.jpg'><img loading=\"lazy\" decoding=\"async\" width=\"201\" height=\"300\" src=\"https:\/\/signum.pb.edu.pl\/usmiech\/wp-content\/uploads\/2018\/03\/III_lic-201x300.jpg\" class=\"attachment-medium size-medium\" alt=\"Katarzyna Wr\u00f3blewska - III Liceum Og\u00f3lnokszta\u0142c\u0105ce w Bia\u0142ymstoku\" aria-describedby=\"gallery-3-138\" srcset=\"https:\/\/signum.pb.edu.pl\/usmiech\/wp-content\/uploads\/2018\/03\/III_lic-201x300.jpg 201w, https:\/\/signum.pb.edu.pl\/usmiech\/wp-content\/uploads\/2018\/03\/III_lic.jpg 480w\" sizes=\"auto, (max-width: 201px) 100vw, 201px\" \/><\/a>\n\t\t\t<\/dt>\n\t\t\t\t<dd class='wp-caption-text gallery-caption' id='gallery-3-138'>\n\t\t\t\tKatarzyna Wr\u00f3blewska &#8211; III Liceum Og\u00f3lnokszta\u0142c\u0105ce w Bia\u0142ymstoku\n\t\t\t\t<\/dd><\/dl><br style=\"clear: both\" \/>\n\t\t<\/div>\n\n<hr \/>\n<hr \/>\n<p><strong>Gimnazjum<\/strong><\/p>\n<hr \/>\n<hr \/>\n<p>Nagroda<\/p>\n\n\t\t<style type=\"text\/css\">\n\t\t\t#gallery-4 {\n\t\t\t\tmargin: auto;\n\t\t\t}\n\t\t\t#gallery-4 .gallery-item {\n\t\t\t\tfloat: left;\n\t\t\t\tmargin-top: 10px;\n\t\t\t\ttext-align: center;\n\t\t\t\twidth: 100%;\n\t\t\t}\n\t\t\t#gallery-4 img {\n\t\t\t\tborder: 2px solid #cfcfcf;\n\t\t\t}\n\t\t\t#gallery-4 .gallery-caption {\n\t\t\t\tmargin-left: 0;\n\t\t\t}\n\t\t\t\/* see gallery_shortcode() in wp-includes\/media.php *\/\n\t\t<\/style>\n\t\t<div id='gallery-4' class='gallery galleryid-58 gallery-columns-1 gallery-size-medium'><dl class='gallery-item'>\n\t\t\t<dt class='gallery-icon landscape'>\n\t\t\t\t<a href='https:\/\/signum.pb.edu.pl\/usmiech\/wp-content\/uploads\/2018\/03\/gimnazjum.jpg'><img loading=\"lazy\" decoding=\"async\" width=\"300\" height=\"212\" src=\"https:\/\/signum.pb.edu.pl\/usmiech\/wp-content\/uploads\/2018\/03\/gimnazjum-300x212.jpg\" class=\"attachment-medium size-medium\" alt=\",,U\u0142amki dziesi\u0119tne&quot; Magda Aleksiejuk - Publiczne Gimanzjum nr 30 w Bia\u0142ymstoku\" aria-describedby=\"gallery-4-134\" srcset=\"https:\/\/signum.pb.edu.pl\/usmiech\/wp-content\/uploads\/2018\/03\/gimnazjum-300x212.jpg 300w, https:\/\/signum.pb.edu.pl\/usmiech\/wp-content\/uploads\/2018\/03\/gimnazjum.jpg 640w\" sizes=\"auto, (max-width: 300px) 100vw, 300px\" \/><\/a>\n\t\t\t<\/dt>\n\t\t\t\t<dd class='wp-caption-text gallery-caption' id='gallery-4-134'>\n\t\t\t\t,,U\u0142amki dziesi\u0119tne&#8221;\nMagda Aleksiejuk &#8211; Publiczne Gimanzjum nr 30 w Bia\u0142ymstoku\n\t\t\t\t<\/dd><\/dl><br style=\"clear: both\" \/>\n\t\t<\/div>\n\n","protected":false},"excerpt":{"rendered":"<p>Szko\u0142a \u015brednia I miejsce II miejsce III miejsce Gimnazjum Nagroda<\/p>\n","protected":false},"author":1,"featured_media":0,"parent":48,"menu_order":0,"comment_status":"closed","ping_status":"closed","template":"","meta":{"footnotes":""},"class_list":["post-58","page","type-page","status-publish","hentry"],"_links":{"self":[{"href":"https:\/\/signum.pb.edu.pl\/usmiech\/index.php?rest_route=\/wp\/v2\/pages\/58","targetHints":{"allow":["GET"]}}],"collection":[{"href":"https:\/\/signum.pb.edu.pl\/usmiech\/index.php?rest_route=\/wp\/v2\/pages"}],"about":[{"href":"https:\/\/signum.pb.edu.pl\/usmiech\/index.php?rest_route=\/wp\/v2\/types\/page"}],"author":[{"embeddable":true,"href":"https:\/\/signum.pb.edu.pl\/usmiech\/index.php?rest_route=\/wp\/v2\/users\/1"}],"replies":[{"embeddable":true,"href":"https:\/\/signum.pb.edu.pl\/usmiech\/index.php?rest_route=%2Fwp%2Fv2%2Fcomments&post=58"}],"version-history":[{"count":2,"href":"https:\/\/signum.pb.edu.pl\/usmiech\/index.php?rest_route=\/wp\/v2\/pages\/58\/revisions"}],"predecessor-version":[{"id":140,"href":"https:\/\/signum.pb.edu.pl\/usmiech\/index.php?rest_route=\/wp\/v2\/pages\/58\/revisions\/140"}],"up":[{"embeddable":true,"href":"https:\/\/signum.pb.edu.pl\/usmiech\/index.php?rest_route=\/wp\/v2\/pages\/48"}],"wp:attachment":[{"href":"https:\/\/signum.pb.edu.pl\/usmiech\/index.php?rest_route=%2Fwp%2Fv2%2Fmedia&parent=58"}],"curies":[{"name":"wp","href":"https:\/\/api.w.org\/{rel}","templated":true}]}}