{"id":56,"date":"2018-03-02T17:00:26","date_gmt":"2018-03-02T16:00:26","guid":{"rendered":"https:\/\/signum.pb.bialystok.pl\/usmiech\/?page_id=56"},"modified":"2018-03-02T17:57:02","modified_gmt":"2018-03-02T16:57:02","slug":"nagrodzone-prace-2007","status":"publish","type":"page","link":"https:\/\/signum.pb.edu.pl\/usmiech\/?page_id=56","title":{"rendered":"Nagrodzone prace 2007"},"content":{"rendered":"<p><strong>Szko\u0142a \u015brednia<\/strong><\/p>\n<hr \/>\n<hr \/>\n<p>I miejsce<\/p>\n\n\t\t<style type=\"text\/css\">\n\t\t\t#gallery-1 {\n\t\t\t\tmargin: auto;\n\t\t\t}\n\t\t\t#gallery-1 .gallery-item {\n\t\t\t\tfloat: left;\n\t\t\t\tmargin-top: 10px;\n\t\t\t\ttext-align: center;\n\t\t\t\twidth: 100%;\n\t\t\t}\n\t\t\t#gallery-1 img {\n\t\t\t\tborder: 2px solid #cfcfcf;\n\t\t\t}\n\t\t\t#gallery-1 .gallery-caption {\n\t\t\t\tmargin-left: 0;\n\t\t\t}\n\t\t\t\/* see gallery_shortcode() in wp-includes\/media.php *\/\n\t\t<\/style>\n\t\t<div id='gallery-1' class='gallery galleryid-56 gallery-columns-1 gallery-size-medium'><dl class='gallery-item'>\n\t\t\t<dt class='gallery-icon landscape'>\n\t\t\t\t<a href='https:\/\/signum.pb.edu.pl\/usmiech\/wp-content\/uploads\/2018\/03\/lic1.jpg'><img loading=\"lazy\" decoding=\"async\" width=\"300\" height=\"205\" src=\"https:\/\/signum.pb.edu.pl\/usmiech\/wp-content\/uploads\/2018\/03\/lic1-300x205.jpg\" class=\"attachment-medium size-medium\" alt=\"Daria Paszko - II Liceum Og\u00f3lnokszta\u0142c\u0105ce w Bia\u0142ymstoku\" aria-describedby=\"gallery-1-128\" srcset=\"https:\/\/signum.pb.edu.pl\/usmiech\/wp-content\/uploads\/2018\/03\/lic1-300x205.jpg 300w, https:\/\/signum.pb.edu.pl\/usmiech\/wp-content\/uploads\/2018\/03\/lic1.jpg 640w\" sizes=\"auto, (max-width: 300px) 100vw, 300px\" \/><\/a>\n\t\t\t<\/dt>\n\t\t\t\t<dd class='wp-caption-text gallery-caption' id='gallery-1-128'>\n\t\t\t\tDaria Paszko &#8211; II Liceum Og\u00f3lnokszta\u0142c\u0105ce w Bia\u0142ymstoku\n\t\t\t\t<\/dd><\/dl><br style=\"clear: both\" \/>\n\t\t<\/div>\n\n<hr \/>\n<p>II miejsce<\/p>\n\n\t\t<style type=\"text\/css\">\n\t\t\t#gallery-2 {\n\t\t\t\tmargin: auto;\n\t\t\t}\n\t\t\t#gallery-2 .gallery-item {\n\t\t\t\tfloat: left;\n\t\t\t\tmargin-top: 10px;\n\t\t\t\ttext-align: center;\n\t\t\t\twidth: 100%;\n\t\t\t}\n\t\t\t#gallery-2 img {\n\t\t\t\tborder: 2px solid #cfcfcf;\n\t\t\t}\n\t\t\t#gallery-2 .gallery-caption {\n\t\t\t\tmargin-left: 0;\n\t\t\t}\n\t\t\t\/* see gallery_shortcode() in wp-includes\/media.php *\/\n\t\t<\/style>\n\t\t<div id='gallery-2' class='gallery galleryid-56 gallery-columns-1 gallery-size-medium'><dl class='gallery-item'>\n\t\t\t<dt class='gallery-icon portrait'>\n\t\t\t\t<a href='https:\/\/signum.pb.edu.pl\/usmiech\/wp-content\/uploads\/2018\/03\/lic2.jpg'><img loading=\"lazy\" decoding=\"async\" width=\"225\" height=\"300\" src=\"https:\/\/signum.pb.edu.pl\/usmiech\/wp-content\/uploads\/2018\/03\/lic2-225x300.jpg\" class=\"attachment-medium size-medium\" alt=\"Kamilla Gryszel - III Liceum Og\u00f3lnokszta\u0142c\u0105ce w Bia\u0142ymstoku\" aria-describedby=\"gallery-2-129\" srcset=\"https:\/\/signum.pb.edu.pl\/usmiech\/wp-content\/uploads\/2018\/03\/lic2-225x300.jpg 225w, https:\/\/signum.pb.edu.pl\/usmiech\/wp-content\/uploads\/2018\/03\/lic2.jpg 480w\" sizes=\"auto, (max-width: 225px) 100vw, 225px\" \/><\/a>\n\t\t\t<\/dt>\n\t\t\t\t<dd class='wp-caption-text gallery-caption' id='gallery-2-129'>\n\t\t\t\tKamilla Gryszel &#8211; III Liceum Og\u00f3lnokszta\u0142c\u0105ce w Bia\u0142ymstoku\n\t\t\t\t<\/dd><\/dl><br style=\"clear: both\" \/>\n\t\t<\/div>\n\n<hr \/>\n<p>III miejsce<\/p>\n\n\t\t<style type=\"text\/css\">\n\t\t\t#gallery-3 {\n\t\t\t\tmargin: auto;\n\t\t\t}\n\t\t\t#gallery-3 .gallery-item {\n\t\t\t\tfloat: left;\n\t\t\t\tmargin-top: 10px;\n\t\t\t\ttext-align: center;\n\t\t\t\twidth: 100%;\n\t\t\t}\n\t\t\t#gallery-3 img {\n\t\t\t\tborder: 2px solid #cfcfcf;\n\t\t\t}\n\t\t\t#gallery-3 .gallery-caption {\n\t\t\t\tmargin-left: 0;\n\t\t\t}\n\t\t\t\/* see gallery_shortcode() in wp-includes\/media.php *\/\n\t\t<\/style>\n\t\t<div id='gallery-3' class='gallery galleryid-56 gallery-columns-1 gallery-size-medium'><dl class='gallery-item'>\n\t\t\t<dt class='gallery-icon landscape'>\n\t\t\t\t<a href='https:\/\/signum.pb.edu.pl\/usmiech\/wp-content\/uploads\/2018\/03\/lic3.jpg'><img loading=\"lazy\" decoding=\"async\" width=\"300\" height=\"225\" src=\"https:\/\/signum.pb.edu.pl\/usmiech\/wp-content\/uploads\/2018\/03\/lic3-300x225.jpg\" class=\"attachment-medium size-medium\" alt=\"Katarzyna Wr\u00f3blewska - III Liceum Og\u00f3lnokszta\u0142c\u0105ce w Bia\u0142ymstoku\" aria-describedby=\"gallery-3-131\" srcset=\"https:\/\/signum.pb.edu.pl\/usmiech\/wp-content\/uploads\/2018\/03\/lic3-300x225.jpg 300w, https:\/\/signum.pb.edu.pl\/usmiech\/wp-content\/uploads\/2018\/03\/lic3.jpg 640w\" sizes=\"auto, (max-width: 300px) 100vw, 300px\" \/><\/a>\n\t\t\t<\/dt>\n\t\t\t\t<dd class='wp-caption-text gallery-caption' id='gallery-3-131'>\n\t\t\t\tKatarzyna Wr\u00f3blewska &#8211; III Liceum Og\u00f3lnokszta\u0142c\u0105ce w Bia\u0142ymstoku\n\t\t\t\t<\/dd><\/dl><br style=\"clear: both\" \/>\n\t\t<\/div>\n\n<hr \/>\n<hr \/>\n<p><strong>Gimnazjum<\/strong><\/p>\n<hr \/>\n<hr \/>\n<p>Nagroda<\/p>\n\n\t\t<style type=\"text\/css\">\n\t\t\t#gallery-4 {\n\t\t\t\tmargin: auto;\n\t\t\t}\n\t\t\t#gallery-4 .gallery-item {\n\t\t\t\tfloat: left;\n\t\t\t\tmargin-top: 10px;\n\t\t\t\ttext-align: center;\n\t\t\t\twidth: 100%;\n\t\t\t}\n\t\t\t#gallery-4 img {\n\t\t\t\tborder: 2px solid #cfcfcf;\n\t\t\t}\n\t\t\t#gallery-4 .gallery-caption {\n\t\t\t\tmargin-left: 0;\n\t\t\t}\n\t\t\t\/* see gallery_shortcode() in wp-includes\/media.php *\/\n\t\t<\/style>\n\t\t<div id='gallery-4' class='gallery galleryid-56 gallery-columns-1 gallery-size-medium'><dl class='gallery-item'>\n\t\t\t<dt class='gallery-icon landscape'>\n\t\t\t\t<a href='https:\/\/signum.pb.edu.pl\/usmiech\/wp-content\/uploads\/2018\/03\/gim.jpg'><img loading=\"lazy\" decoding=\"async\" width=\"300\" height=\"213\" src=\"https:\/\/signum.pb.edu.pl\/usmiech\/wp-content\/uploads\/2018\/03\/gim-300x213.jpg\" class=\"attachment-medium size-medium\" alt=\"Maria Magdalena Ko\u015bnik - Gimnazjum w Zespole Szk\u00f3\u0142 w Po\u015bwi\u0119tnem\" aria-describedby=\"gallery-4-130\" srcset=\"https:\/\/signum.pb.edu.pl\/usmiech\/wp-content\/uploads\/2018\/03\/gim-300x213.jpg 300w, https:\/\/signum.pb.edu.pl\/usmiech\/wp-content\/uploads\/2018\/03\/gim.jpg 640w\" sizes=\"auto, (max-width: 300px) 100vw, 300px\" \/><\/a>\n\t\t\t<\/dt>\n\t\t\t\t<dd class='wp-caption-text gallery-caption' id='gallery-4-130'>\n\t\t\t\tMaria Magdalena Ko\u015bnik &#8211; Gimnazjum w Zespole Szk\u00f3\u0142 w Po\u015bwi\u0119tnem\n\t\t\t\t<\/dd><\/dl><br style=\"clear: both\" \/>\n\t\t<\/div>\n\n<hr \/>\n<p>&nbsp;<\/p>\n","protected":false},"excerpt":{"rendered":"<p>Szko\u0142a \u015brednia I miejsce II miejsce III miejsce Gimnazjum Nagroda &nbsp;<\/p>\n","protected":false},"author":1,"featured_media":0,"parent":48,"menu_order":0,"comment_status":"closed","ping_status":"closed","template":"","meta":{"footnotes":""},"class_list":["post-56","page","type-page","status-publish","hentry"],"_links":{"self":[{"href":"https:\/\/signum.pb.edu.pl\/usmiech\/index.php?rest_route=\/wp\/v2\/pages\/56","targetHints":{"allow":["GET"]}}],"collection":[{"href":"https:\/\/signum.pb.edu.pl\/usmiech\/index.php?rest_route=\/wp\/v2\/pages"}],"about":[{"href":"https:\/\/signum.pb.edu.pl\/usmiech\/index.php?rest_route=\/wp\/v2\/types\/page"}],"author":[{"embeddable":true,"href":"https:\/\/signum.pb.edu.pl\/usmiech\/index.php?rest_route=\/wp\/v2\/users\/1"}],"replies":[{"embeddable":true,"href":"https:\/\/signum.pb.edu.pl\/usmiech\/index.php?rest_route=%2Fwp%2Fv2%2Fcomments&post=56"}],"version-history":[{"count":2,"href":"https:\/\/signum.pb.edu.pl\/usmiech\/index.php?rest_route=\/wp\/v2\/pages\/56\/revisions"}],"predecessor-version":[{"id":133,"href":"https:\/\/signum.pb.edu.pl\/usmiech\/index.php?rest_route=\/wp\/v2\/pages\/56\/revisions\/133"}],"up":[{"embeddable":true,"href":"https:\/\/signum.pb.edu.pl\/usmiech\/index.php?rest_route=\/wp\/v2\/pages\/48"}],"wp:attachment":[{"href":"https:\/\/signum.pb.edu.pl\/usmiech\/index.php?rest_route=%2Fwp%2Fv2%2Fmedia&parent=56"}],"curies":[{"name":"wp","href":"https:\/\/api.w.org\/{rel}","templated":true}]}}