{"id":54,"date":"2018-03-02T17:00:06","date_gmt":"2018-03-02T16:00:06","guid":{"rendered":"https:\/\/signum.pb.bialystok.pl\/usmiech\/?page_id=54"},"modified":"2018-03-02T17:50:34","modified_gmt":"2018-03-02T16:50:34","slug":"nagrodzone-prace-2006","status":"publish","type":"page","link":"https:\/\/signum.pb.edu.pl\/usmiech\/?page_id=54","title":{"rendered":"Nagrodzone prace 2006"},"content":{"rendered":"<p><strong>Szko\u0142a \u015brednia<\/strong><\/p>\n<hr \/>\n<hr \/>\n<p>I miejsce<\/p>\n\n\t\t<style type=\"text\/css\">\n\t\t\t#gallery-1 {\n\t\t\t\tmargin: auto;\n\t\t\t}\n\t\t\t#gallery-1 .gallery-item {\n\t\t\t\tfloat: left;\n\t\t\t\tmargin-top: 10px;\n\t\t\t\ttext-align: center;\n\t\t\t\twidth: 100%;\n\t\t\t}\n\t\t\t#gallery-1 img {\n\t\t\t\tborder: 2px solid #cfcfcf;\n\t\t\t}\n\t\t\t#gallery-1 .gallery-caption {\n\t\t\t\tmargin-left: 0;\n\t\t\t}\n\t\t\t\/* see gallery_shortcode() in wp-includes\/media.php *\/\n\t\t<\/style>\n\t\t<div id='gallery-1' class='gallery galleryid-54 gallery-columns-1 gallery-size-medium'><dl class='gallery-item'>\n\t\t\t<dt class='gallery-icon portrait'>\n\t\t\t\t<a href='https:\/\/signum.pb.edu.pl\/usmiech\/wp-content\/uploads\/2018\/03\/159_5904.jpg'><img loading=\"lazy\" decoding=\"async\" width=\"225\" height=\"300\" src=\"https:\/\/signum.pb.edu.pl\/usmiech\/wp-content\/uploads\/2018\/03\/159_5904-225x300.jpg\" class=\"attachment-medium size-medium\" alt=\",,PiPi&quot; Agnieszka Jastrz\u0119bska - III Liceum Og\u00f3lnokszta\u0142c\u0105ce w Bia\u0142ymstoku\" aria-describedby=\"gallery-1-116\" srcset=\"https:\/\/signum.pb.edu.pl\/usmiech\/wp-content\/uploads\/2018\/03\/159_5904-225x300.jpg 225w, https:\/\/signum.pb.edu.pl\/usmiech\/wp-content\/uploads\/2018\/03\/159_5904.jpg 480w\" sizes=\"auto, (max-width: 225px) 100vw, 225px\" \/><\/a>\n\t\t\t<\/dt>\n\t\t\t\t<dd class='wp-caption-text gallery-caption' id='gallery-1-116'>\n\t\t\t\t,,PiPi&#8221;\nAgnieszka Jastrz\u0119bska &#8211; III Liceum Og\u00f3lnokszta\u0142c\u0105ce w Bia\u0142ymstoku\n\t\t\t\t<\/dd><\/dl><br style=\"clear: both\" \/>\n\t\t<\/div>\n\n<hr \/>\n<p>II miejsce<\/p>\n\n\t\t<style type=\"text\/css\">\n\t\t\t#gallery-2 {\n\t\t\t\tmargin: auto;\n\t\t\t}\n\t\t\t#gallery-2 .gallery-item {\n\t\t\t\tfloat: left;\n\t\t\t\tmargin-top: 10px;\n\t\t\t\ttext-align: center;\n\t\t\t\twidth: 100%;\n\t\t\t}\n\t\t\t#gallery-2 img {\n\t\t\t\tborder: 2px solid #cfcfcf;\n\t\t\t}\n\t\t\t#gallery-2 .gallery-caption {\n\t\t\t\tmargin-left: 0;\n\t\t\t}\n\t\t\t\/* see gallery_shortcode() in wp-includes\/media.php *\/\n\t\t<\/style>\n\t\t<div id='gallery-2' class='gallery galleryid-54 gallery-columns-1 gallery-size-medium'><dl class='gallery-item'>\n\t\t\t<dt class='gallery-icon portrait'>\n\t\t\t\t<a href='https:\/\/signum.pb.edu.pl\/usmiech\/wp-content\/uploads\/2018\/03\/159_5903.jpg'><img loading=\"lazy\" decoding=\"async\" width=\"225\" height=\"300\" src=\"https:\/\/signum.pb.edu.pl\/usmiech\/wp-content\/uploads\/2018\/03\/159_5903-225x300.jpg\" class=\"attachment-medium size-medium\" alt=\",,y=3x-4&quot; Anna Marta Wierchanowicz - III Liceum Og\u00f3lnokszta\u0142c\u0105ce w Bia\u0142ymstoku\" aria-describedby=\"gallery-2-117\" srcset=\"https:\/\/signum.pb.edu.pl\/usmiech\/wp-content\/uploads\/2018\/03\/159_5903-225x300.jpg 225w, https:\/\/signum.pb.edu.pl\/usmiech\/wp-content\/uploads\/2018\/03\/159_5903.jpg 480w\" sizes=\"auto, (max-width: 225px) 100vw, 225px\" \/><\/a>\n\t\t\t<\/dt>\n\t\t\t\t<dd class='wp-caption-text gallery-caption' id='gallery-2-117'>\n\t\t\t\t,,y=3x-4&#8243;\nAnna Marta Wierchanowicz &#8211; III Liceum Og\u00f3lnokszta\u0142c\u0105ce w Bia\u0142ymstoku\n\t\t\t\t<\/dd><\/dl><br style=\"clear: both\" \/>\n\t\t<\/div>\n\n<hr \/>\n<p>III miejsce<\/p>\n\n\t\t<style type=\"text\/css\">\n\t\t\t#gallery-3 {\n\t\t\t\tmargin: auto;\n\t\t\t}\n\t\t\t#gallery-3 .gallery-item {\n\t\t\t\tfloat: left;\n\t\t\t\tmargin-top: 10px;\n\t\t\t\ttext-align: center;\n\t\t\t\twidth: 100%;\n\t\t\t}\n\t\t\t#gallery-3 img {\n\t\t\t\tborder: 2px solid #cfcfcf;\n\t\t\t}\n\t\t\t#gallery-3 .gallery-caption {\n\t\t\t\tmargin-left: 0;\n\t\t\t}\n\t\t\t\/* see gallery_shortcode() in wp-includes\/media.php *\/\n\t\t<\/style>\n\t\t<div id='gallery-3' class='gallery galleryid-54 gallery-columns-1 gallery-size-medium'><dl class='gallery-item'>\n\t\t\t<dt class='gallery-icon landscape'>\n\t\t\t\t<a href='https:\/\/signum.pb.edu.pl\/usmiech\/wp-content\/uploads\/2018\/03\/159_5902.jpg'><img loading=\"lazy\" decoding=\"async\" width=\"300\" height=\"225\" src=\"https:\/\/signum.pb.edu.pl\/usmiech\/wp-content\/uploads\/2018\/03\/159_5902-300x225.jpg\" class=\"attachment-medium size-medium\" alt=\",,Drobne nieporozumienia&quot; Edyta Maleszko - Zesp\u00f3\u0142 Szk\u00f3\u0142 Handlowo-Ekonomicznych w Bia\u0142ymstoku\" aria-describedby=\"gallery-3-118\" srcset=\"https:\/\/signum.pb.edu.pl\/usmiech\/wp-content\/uploads\/2018\/03\/159_5902-300x225.jpg 300w, https:\/\/signum.pb.edu.pl\/usmiech\/wp-content\/uploads\/2018\/03\/159_5902.jpg 640w\" sizes=\"auto, (max-width: 300px) 100vw, 300px\" \/><\/a>\n\t\t\t<\/dt>\n\t\t\t\t<dd class='wp-caption-text gallery-caption' id='gallery-3-118'>\n\t\t\t\t,,Drobne nieporozumienia&#8221;\nEdyta Maleszko &#8211; Zesp\u00f3\u0142 Szk\u00f3\u0142 Handlowo-Ekonomicznych w Bia\u0142ymstoku\n\t\t\t\t<\/dd><\/dl><br style=\"clear: both\" \/>\n\t\t<\/div>\n\n<hr \/>\n<p>Wyr\u00f3\u017cnienie<\/p>\n\n\t\t<style type=\"text\/css\">\n\t\t\t#gallery-4 {\n\t\t\t\tmargin: auto;\n\t\t\t}\n\t\t\t#gallery-4 .gallery-item {\n\t\t\t\tfloat: left;\n\t\t\t\tmargin-top: 10px;\n\t\t\t\ttext-align: center;\n\t\t\t\twidth: 20%;\n\t\t\t}\n\t\t\t#gallery-4 img {\n\t\t\t\tborder: 2px solid #cfcfcf;\n\t\t\t}\n\t\t\t#gallery-4 .gallery-caption {\n\t\t\t\tmargin-left: 0;\n\t\t\t}\n\t\t\t\/* see gallery_shortcode() in wp-includes\/media.php *\/\n\t\t<\/style>\n\t\t<div id='gallery-4' class='gallery galleryid-54 gallery-columns-5 gallery-size-medium'><dl class='gallery-item'>\n\t\t\t<dt class='gallery-icon landscape'>\n\t\t\t\t<a href='https:\/\/signum.pb.edu.pl\/usmiech\/wp-content\/uploads\/2018\/03\/wyr1.jpg'><img loading=\"lazy\" decoding=\"async\" width=\"300\" height=\"216\" src=\"https:\/\/signum.pb.edu.pl\/usmiech\/wp-content\/uploads\/2018\/03\/wyr1-300x216.jpg\" class=\"attachment-medium size-medium\" alt=\",,Twierdzenie odwrotne do twierdzenia Pitagorasa&quot; Piotr Sidorowicz - Zesp\u00f3\u0142 Szk\u00f3\u0142 Handlowo-Ekonomicznych w Bia\u0142ymstoku\" srcset=\"https:\/\/signum.pb.edu.pl\/usmiech\/wp-content\/uploads\/2018\/03\/wyr1-300x216.jpg 300w, https:\/\/signum.pb.edu.pl\/usmiech\/wp-content\/uploads\/2018\/03\/wyr1.jpg 640w\" sizes=\"auto, (max-width: 300px) 100vw, 300px\" \/><\/a>\n\t\t\t<\/dt><\/dl><dl class='gallery-item'>\n\t\t\t<dt class='gallery-icon landscape'>\n\t\t\t\t<a href='https:\/\/signum.pb.edu.pl\/usmiech\/wp-content\/uploads\/2018\/03\/wyr2.jpg'><img loading=\"lazy\" decoding=\"async\" width=\"300\" height=\"215\" src=\"https:\/\/signum.pb.edu.pl\/usmiech\/wp-content\/uploads\/2018\/03\/wyr2-300x215.jpg\" class=\"attachment-medium size-medium\" alt=\"\" srcset=\"https:\/\/signum.pb.edu.pl\/usmiech\/wp-content\/uploads\/2018\/03\/wyr2-300x215.jpg 300w, https:\/\/signum.pb.edu.pl\/usmiech\/wp-content\/uploads\/2018\/03\/wyr2.jpg 640w\" sizes=\"auto, (max-width: 300px) 100vw, 300px\" \/><\/a>\n\t\t\t<\/dt><\/dl><dl class='gallery-item'>\n\t\t\t<dt class='gallery-icon landscape'>\n\t\t\t\t<a href='https:\/\/signum.pb.edu.pl\/usmiech\/wp-content\/uploads\/2018\/03\/wyr3.jpg'><img loading=\"lazy\" decoding=\"async\" width=\"300\" height=\"214\" src=\"https:\/\/signum.pb.edu.pl\/usmiech\/wp-content\/uploads\/2018\/03\/wyr3-300x214.jpg\" class=\"attachment-medium size-medium\" alt=\"\" srcset=\"https:\/\/signum.pb.edu.pl\/usmiech\/wp-content\/uploads\/2018\/03\/wyr3-300x214.jpg 300w, https:\/\/signum.pb.edu.pl\/usmiech\/wp-content\/uploads\/2018\/03\/wyr3.jpg 640w\" sizes=\"auto, (max-width: 300px) 100vw, 300px\" \/><\/a>\n\t\t\t<\/dt><\/dl><dl class='gallery-item'>\n\t\t\t<dt class='gallery-icon landscape'>\n\t\t\t\t<a href='https:\/\/signum.pb.edu.pl\/usmiech\/wp-content\/uploads\/2018\/03\/wyr4.jpg'><img loading=\"lazy\" decoding=\"async\" width=\"300\" height=\"214\" src=\"https:\/\/signum.pb.edu.pl\/usmiech\/wp-content\/uploads\/2018\/03\/wyr4-300x214.jpg\" class=\"attachment-medium size-medium\" alt=\"\" srcset=\"https:\/\/signum.pb.edu.pl\/usmiech\/wp-content\/uploads\/2018\/03\/wyr4-300x214.jpg 300w, https:\/\/signum.pb.edu.pl\/usmiech\/wp-content\/uploads\/2018\/03\/wyr4.jpg 640w\" sizes=\"auto, (max-width: 300px) 100vw, 300px\" \/><\/a>\n\t\t\t<\/dt><\/dl><dl class='gallery-item'>\n\t\t\t<dt class='gallery-icon landscape'>\n\t\t\t\t<a href='https:\/\/signum.pb.edu.pl\/usmiech\/wp-content\/uploads\/2018\/03\/wyr5.jpg'><img loading=\"lazy\" decoding=\"async\" width=\"300\" height=\"213\" src=\"https:\/\/signum.pb.edu.pl\/usmiech\/wp-content\/uploads\/2018\/03\/wyr5-300x213.jpg\" class=\"attachment-medium size-medium\" alt=\"\" srcset=\"https:\/\/signum.pb.edu.pl\/usmiech\/wp-content\/uploads\/2018\/03\/wyr5-300x213.jpg 300w, https:\/\/signum.pb.edu.pl\/usmiech\/wp-content\/uploads\/2018\/03\/wyr5.jpg 640w\" sizes=\"auto, (max-width: 300px) 100vw, 300px\" \/><\/a>\n\t\t\t<\/dt><\/dl><br style=\"clear: both\" \/>\n\t\t<\/div>\n\n<p><strong>,,Twierdzenie odwrotne do twierdzenia Pitagorasa&#8221; <\/strong><br \/>\n<strong>Piotr Sidorowicz &#8211; Zesp\u00f3\u0142 Szk\u00f3\u0142 Handlowo-Ekonomicznych w Bia\u0142ymstoku<\/strong><\/p>\n","protected":false},"excerpt":{"rendered":"<p>Szko\u0142a \u015brednia I miejsce II miejsce III miejsce Wyr\u00f3\u017cnienie ,,Twierdzenie odwrotne do twierdzenia Pitagorasa&#8221; Piotr Sidorowicz &#8211; Zesp\u00f3\u0142 Szk\u00f3\u0142 Handlowo-Ekonomicznych w Bia\u0142ymstoku<\/p>\n","protected":false},"author":1,"featured_media":0,"parent":48,"menu_order":0,"comment_status":"closed","ping_status":"closed","template":"","meta":{"footnotes":""},"class_list":["post-54","page","type-page","status-publish","hentry"],"_links":{"self":[{"href":"https:\/\/signum.pb.edu.pl\/usmiech\/index.php?rest_route=\/wp\/v2\/pages\/54","targetHints":{"allow":["GET"]}}],"collection":[{"href":"https:\/\/signum.pb.edu.pl\/usmiech\/index.php?rest_route=\/wp\/v2\/pages"}],"about":[{"href":"https:\/\/signum.pb.edu.pl\/usmiech\/index.php?rest_route=\/wp\/v2\/types\/page"}],"author":[{"embeddable":true,"href":"https:\/\/signum.pb.edu.pl\/usmiech\/index.php?rest_route=\/wp\/v2\/users\/1"}],"replies":[{"embeddable":true,"href":"https:\/\/signum.pb.edu.pl\/usmiech\/index.php?rest_route=%2Fwp%2Fv2%2Fcomments&post=54"}],"version-history":[{"count":5,"href":"https:\/\/signum.pb.edu.pl\/usmiech\/index.php?rest_route=\/wp\/v2\/pages\/54\/revisions"}],"predecessor-version":[{"id":127,"href":"https:\/\/signum.pb.edu.pl\/usmiech\/index.php?rest_route=\/wp\/v2\/pages\/54\/revisions\/127"}],"up":[{"embeddable":true,"href":"https:\/\/signum.pb.edu.pl\/usmiech\/index.php?rest_route=\/wp\/v2\/pages\/48"}],"wp:attachment":[{"href":"https:\/\/signum.pb.edu.pl\/usmiech\/index.php?rest_route=%2Fwp%2Fv2%2Fmedia&parent=54"}],"curies":[{"name":"wp","href":"https:\/\/api.w.org\/{rel}","templated":true}]}}