{"id":471,"date":"2019-05-16T19:45:21","date_gmt":"2019-05-16T17:45:21","guid":{"rendered":"https:\/\/signum.pb.bialystok.pl\/usmiech\/?page_id=471"},"modified":"2019-05-22T15:35:26","modified_gmt":"2019-05-22T13:35:26","slug":"nadeslane-prace-2019","status":"publish","type":"page","link":"https:\/\/signum.pb.edu.pl\/usmiech\/?page_id=471","title":{"rendered":"Nades\u0142ane prace 2019"},"content":{"rendered":"<p><strong>Szko\u0142a ponadgimnazjalna<\/strong><\/p>\n<hr \/><hr \/>\n<p><\/p>\n\n\n<ul class=\"wp-block-gallery columns-3 is-cropped wp-block-gallery-1 is-layout-flex wp-block-gallery-is-layout-flex\"><li class=\"blocks-gallery-item\"><figure><a href=\"https:\/\/signum.pb.bialystok.pl\/usmiech\/wp-content\/uploads\/2019\/05\/03_kat2_a7cb3a403b41fe74cf20bc47a3324647aafb40b8-582x1024.jpg\"><img loading=\"lazy\" decoding=\"async\" width=\"582\" height=\"1024\" src=\"https:\/\/signum.pb.bialystok.pl\/usmiech\/wp-content\/uploads\/2019\/05\/03_kat2_a7cb3a403b41fe74cf20bc47a3324647aafb40b8-582x1024.jpg\" alt=\",,\u0141atwizna\u201d Marek Citkowski \u2013 VI Liceum Og\u00f3lnokszta\u0142c\u0105ce w Bia\u0142ymstoku\" data-id=\"470\" data-link=\"https:\/\/signum.pb.bialystok.pl\/usmiech\/?attachment_id=470\" class=\"wp-image-470\" srcset=\"https:\/\/signum.pb.edu.pl\/usmiech\/wp-content\/uploads\/2019\/05\/03_kat2_a7cb3a403b41fe74cf20bc47a3324647aafb40b8-582x1024.jpg 582w, https:\/\/signum.pb.edu.pl\/usmiech\/wp-content\/uploads\/2019\/05\/03_kat2_a7cb3a403b41fe74cf20bc47a3324647aafb40b8-171x300.jpg 171w, https:\/\/signum.pb.edu.pl\/usmiech\/wp-content\/uploads\/2019\/05\/03_kat2_a7cb3a403b41fe74cf20bc47a3324647aafb40b8-768x1351.jpg 768w\" sizes=\"auto, (max-width: 582px) 100vw, 582px\" \/><\/a><figcaption>,,\u0141atwizna\u201d Marek Citkowski \u2013 VI Liceum Og\u00f3lnokszta\u0142c\u0105ce w Bia\u0142ymstoku<\/figcaption><\/figure><\/li><li class=\"blocks-gallery-item\"><figure><a href=\"https:\/\/signum.pb.bialystok.pl\/usmiech\/wp-content\/uploads\/2019\/05\/02_kat2_f40d9a5e26a2ebfaecededbe82e98068c4f31121-1024x768.jpg\"><img loading=\"lazy\" decoding=\"async\" width=\"1024\" height=\"768\" src=\"https:\/\/signum.pb.bialystok.pl\/usmiech\/wp-content\/uploads\/2019\/05\/02_kat2_f40d9a5e26a2ebfaecededbe82e98068c4f31121-1024x768.jpg\" alt=\",,Zmagania matematyczne\u201d Marek Citkowski \u2013 VI Liceum Og\u00f3lnokszta\u0142c\u0105ce w Bia\u0142ymstoku\" data-id=\"469\" data-link=\"https:\/\/signum.pb.bialystok.pl\/usmiech\/?attachment_id=469\" class=\"wp-image-469\" srcset=\"https:\/\/signum.pb.edu.pl\/usmiech\/wp-content\/uploads\/2019\/05\/02_kat2_f40d9a5e26a2ebfaecededbe82e98068c4f31121-1024x768.jpg 1024w, https:\/\/signum.pb.edu.pl\/usmiech\/wp-content\/uploads\/2019\/05\/02_kat2_f40d9a5e26a2ebfaecededbe82e98068c4f31121-300x225.jpg 300w, https:\/\/signum.pb.edu.pl\/usmiech\/wp-content\/uploads\/2019\/05\/02_kat2_f40d9a5e26a2ebfaecededbe82e98068c4f31121-768x576.jpg 768w\" sizes=\"auto, (max-width: 1024px) 100vw, 1024px\" \/><\/a><figcaption>,,Zmagania matematyczne\u201d Marek Citkowski \u2013 VI Liceum Og\u00f3lnokszta\u0142c\u0105ce w Bia\u0142ymstoku<\/figcaption><\/figure><\/li><li class=\"blocks-gallery-item\"><figure><a href=\"https:\/\/signum.pb.bialystok.pl\/usmiech\/wp-content\/uploads\/2019\/05\/01_kat2_f94ede88c4c95a6b27b6296d5e9cd1eed14d9f6e-1024x725.jpg\"><img loading=\"lazy\" decoding=\"async\" width=\"1024\" height=\"725\" src=\"https:\/\/signum.pb.bialystok.pl\/usmiech\/wp-content\/uploads\/2019\/05\/01_kat2_f94ede88c4c95a6b27b6296d5e9cd1eed14d9f6e-1024x725.jpg\" alt=\",,Smerfy\u201d Marek Citkowski \u2013 VI Liceum Og\u00f3lnokszta\u0142c\u0105ce w Bia\u0142ymstoku\" data-id=\"468\" data-link=\"https:\/\/signum.pb.bialystok.pl\/usmiech\/?attachment_id=468\" class=\"wp-image-468\" srcset=\"https:\/\/signum.pb.edu.pl\/usmiech\/wp-content\/uploads\/2019\/05\/01_kat2_f94ede88c4c95a6b27b6296d5e9cd1eed14d9f6e-1024x725.jpg 1024w, https:\/\/signum.pb.edu.pl\/usmiech\/wp-content\/uploads\/2019\/05\/01_kat2_f94ede88c4c95a6b27b6296d5e9cd1eed14d9f6e-300x212.jpg 300w, https:\/\/signum.pb.edu.pl\/usmiech\/wp-content\/uploads\/2019\/05\/01_kat2_f94ede88c4c95a6b27b6296d5e9cd1eed14d9f6e-768x543.jpg 768w\" sizes=\"auto, (max-width: 1024px) 100vw, 1024px\" \/><\/a><figcaption>,,Smerfy\u201d Marek Citkowski \u2013 VI Liceum Og\u00f3lnokszta\u0142c\u0105ce w Bia\u0142ymstoku<\/figcaption><\/figure><\/li><\/ul>\n","protected":false},"excerpt":{"rendered":"<p>Szko\u0142a ponadgimnazjalna<\/p>\n","protected":false},"author":1,"featured_media":0,"parent":0,"menu_order":0,"comment_status":"closed","ping_status":"closed","template":"","meta":{"footnotes":""},"class_list":["post-471","page","type-page","status-publish","hentry"],"_links":{"self":[{"href":"https:\/\/signum.pb.edu.pl\/usmiech\/index.php?rest_route=\/wp\/v2\/pages\/471","targetHints":{"allow":["GET"]}}],"collection":[{"href":"https:\/\/signum.pb.edu.pl\/usmiech\/index.php?rest_route=\/wp\/v2\/pages"}],"about":[{"href":"https:\/\/signum.pb.edu.pl\/usmiech\/index.php?rest_route=\/wp\/v2\/types\/page"}],"author":[{"embeddable":true,"href":"https:\/\/signum.pb.edu.pl\/usmiech\/index.php?rest_route=\/wp\/v2\/users\/1"}],"replies":[{"embeddable":true,"href":"https:\/\/signum.pb.edu.pl\/usmiech\/index.php?rest_route=%2Fwp%2Fv2%2Fcomments&post=471"}],"version-history":[{"count":6,"href":"https:\/\/signum.pb.edu.pl\/usmiech\/index.php?rest_route=\/wp\/v2\/pages\/471\/revisions"}],"predecessor-version":[{"id":751,"href":"https:\/\/signum.pb.edu.pl\/usmiech\/index.php?rest_route=\/wp\/v2\/pages\/471\/revisions\/751"}],"wp:attachment":[{"href":"https:\/\/signum.pb.edu.pl\/usmiech\/index.php?rest_route=%2Fwp%2Fv2%2Fmedia&parent=471"}],"curies":[{"name":"wp","href":"https:\/\/api.w.org\/{rel}","templated":true}]}}