{"id":450,"date":"2019-04-01T21:07:08","date_gmt":"2019-04-01T19:07:08","guid":{"rendered":"https:\/\/signum.pb.bialystok.pl\/usmiech\/?page_id=450"},"modified":"2025-06-04T11:27:01","modified_gmt":"2025-06-04T09:27:01","slug":"nadeslane-prace","status":"publish","type":"page","link":"https:\/\/signum.pb.edu.pl\/usmiech\/?page_id=450","title":{"rendered":"Nades\u0142ane prace"},"content":{"rendered":"\n<p><a href=\"https:\/\/signum.pb.edu.pl\/usmiech\/?page_id=1152\">Nades\u0142ane prace 2025<\/a><br><a href=\"https:\/\/signum.pb.edu.pl\/usmiech\/?page_id=1058\">Nades\u0142ane prace 2024<\/a><br><a href=\"https:\/\/signum.pb.edu.pl\/usmiech\/?page_id=939(otworzy si\u0119 w nowej karcie)\">Nades\u0142ane prace 2023<\/a><br><a href=\"https:\/\/signum.pb.edu.pl\/usmiech\/?page_id=806\">Nades\u0142ane prace 2022<\/a><br><a href=\"https:\/\/signum.pb.edu.pl\/usmiech\/?page_id=615\" data-type=\"URL\" data-id=\"https:\/\/signum.pb.edu.pl\/usmiech\/?page_id=615\">Nades\u0142ane prace 2021<\/a><br><a href=\"https:\/\/signum.pb.edu.pl\/usmiech\/?page_id=471\">Nades\u0142ane prace 2019  <\/a><br><a href=\"https:\/\/signum.pb.edu.pl\/usmiech\/?page_id=387\">Nades\u0142ane prace 2018<\/a><br><br><\/p>\n","protected":false},"excerpt":{"rendered":"<p>Nades\u0142ane prace 2025Nades\u0142ane prace 2024Nades\u0142ane prace 2023Nades\u0142ane prace 2022Nades\u0142ane prace 2021Nades\u0142ane prace 2019 Nades\u0142ane prace 2018<\/p>\n","protected":false},"author":1,"featured_media":0,"parent":0,"menu_order":0,"comment_status":"closed","ping_status":"closed","template":"","meta":{"footnotes":""},"class_list":["post-450","page","type-page","status-publish","hentry"],"_links":{"self":[{"href":"https:\/\/signum.pb.edu.pl\/usmiech\/index.php?rest_route=\/wp\/v2\/pages\/450","targetHints":{"allow":["GET"]}}],"collection":[{"href":"https:\/\/signum.pb.edu.pl\/usmiech\/index.php?rest_route=\/wp\/v2\/pages"}],"about":[{"href":"https:\/\/signum.pb.edu.pl\/usmiech\/index.php?rest_route=\/wp\/v2\/types\/page"}],"author":[{"embeddable":true,"href":"https:\/\/signum.pb.edu.pl\/usmiech\/index.php?rest_route=\/wp\/v2\/users\/1"}],"replies":[{"embeddable":true,"href":"https:\/\/signum.pb.edu.pl\/usmiech\/index.php?rest_route=%2Fwp%2Fv2%2Fcomments&post=450"}],"version-history":[{"count":12,"href":"https:\/\/signum.pb.edu.pl\/usmiech\/index.php?rest_route=\/wp\/v2\/pages\/450\/revisions"}],"predecessor-version":[{"id":1266,"href":"https:\/\/signum.pb.edu.pl\/usmiech\/index.php?rest_route=\/wp\/v2\/pages\/450\/revisions\/1266"}],"wp:attachment":[{"href":"https:\/\/signum.pb.edu.pl\/usmiech\/index.php?rest_route=%2Fwp%2Fv2%2Fmedia&parent=450"}],"curies":[{"name":"wp","href":"https:\/\/api.w.org\/{rel}","templated":true}]}}