{"id":262,"date":"2018-03-02T21:07:05","date_gmt":"2018-03-02T20:07:05","guid":{"rendered":"https:\/\/signum.pb.bialystok.pl\/usmiech\/?page_id=262"},"modified":"2025-05-18T15:49:47","modified_gmt":"2025-05-18T13:49:47","slug":"usmiechniete-rozmaitosci-matematyczne","status":"publish","type":"page","link":"https:\/\/signum.pb.edu.pl\/usmiech\/","title":{"rendered":"U\u015bmiechni\u0119te rozmaito\u015bci matematyczne"},"content":{"rendered":"<p style=\"text-align: center;\"><strong>Konkurs plastyczny &#8222;U\u015bmiechni\u0119te rozmaito\u015bci matematyczne&#8221;<\/strong><\/p>\n<p style=\"text-align: center;\">czyli<\/p>\n<p style=\"text-align: center;\"><strong>matematyka<a href=\"https:\/\/signum.pb.edu.pl\/usmiech\/wp-content\/uploads\/2018\/03\/jjj.jpg\"><img loading=\"lazy\" decoding=\"async\" src=\"https:\/\/signum.pb.edu.pl\/usmiech\/wp-content\/uploads\/2018\/03\/jjj.jpg\" alt=\"\" width=\"19\" height=\"19\" class=\"aligncenter  wp-image-291\" \/><\/a><\/strong><strong><\/strong><strong>humor i satyra<a href=\"https:\/\/signum.pb.edu.pl\/usmiech\/wp-content\/uploads\/2018\/03\/jjj.jpg\"><img loading=\"lazy\" decoding=\"async\" src=\"https:\/\/signum.pb.edu.pl\/usmiech\/wp-content\/uploads\/2018\/03\/jjj.jpg\" alt=\"\" width=\"19\" height=\"19\" class=\"aligncenter  wp-image-291\" \/><\/a><\/strong><strong>rysunek, malarstwo i grafika<a href=\"https:\/\/signum.pb.edu.pl\/usmiech\/wp-content\/uploads\/2018\/03\/jjj.jpg\"><img loading=\"lazy\" decoding=\"async\" src=\"https:\/\/signum.pb.edu.pl\/usmiech\/wp-content\/uploads\/2018\/03\/jjj.jpg\" alt=\"\" width=\"19\" height=\"19\" class=\"aligncenter  wp-image-291\" \/><\/a><\/strong><\/p>\n<hr \/>\n<hr \/>\n<hr \/>\n<hr \/>\n","protected":false},"excerpt":{"rendered":"<p>Konkurs plastyczny &#8222;U\u015bmiechni\u0119te rozmaito\u015bci matematyczne&#8221; czyli matematykahumor i satyrarysunek, malarstwo i grafika<\/p>\n","protected":false},"author":1,"featured_media":0,"parent":0,"menu_order":0,"comment_status":"closed","ping_status":"closed","template":"page-templates\/template-page-sidebar.php","meta":{"footnotes":""},"class_list":["post-262","page","type-page","status-publish","hentry"],"_links":{"self":[{"href":"https:\/\/signum.pb.edu.pl\/usmiech\/index.php?rest_route=\/wp\/v2\/pages\/262","targetHints":{"allow":["GET"]}}],"collection":[{"href":"https:\/\/signum.pb.edu.pl\/usmiech\/index.php?rest_route=\/wp\/v2\/pages"}],"about":[{"href":"https:\/\/signum.pb.edu.pl\/usmiech\/index.php?rest_route=\/wp\/v2\/types\/page"}],"author":[{"embeddable":true,"href":"https:\/\/signum.pb.edu.pl\/usmiech\/index.php?rest_route=\/wp\/v2\/users\/1"}],"replies":[{"embeddable":true,"href":"https:\/\/signum.pb.edu.pl\/usmiech\/index.php?rest_route=%2Fwp%2Fv2%2Fcomments&post=262"}],"version-history":[{"count":32,"href":"https:\/\/signum.pb.edu.pl\/usmiech\/index.php?rest_route=\/wp\/v2\/pages\/262\/revisions"}],"predecessor-version":[{"id":1150,"href":"https:\/\/signum.pb.edu.pl\/usmiech\/index.php?rest_route=\/wp\/v2\/pages\/262\/revisions\/1150"}],"wp:attachment":[{"href":"https:\/\/signum.pb.edu.pl\/usmiech\/index.php?rest_route=%2Fwp%2Fv2%2Fmedia&parent=262"}],"curies":[{"name":"wp","href":"https:\/\/api.w.org\/{rel}","templated":true}]}}