{"id":2,"date":"2018-02-28T18:05:55","date_gmt":"2018-02-28T17:05:55","guid":{"rendered":"https:\/\/signum.pb.bialystok.pl\/usmiech\/?page_id=2"},"modified":"2025-05-09T23:34:28","modified_gmt":"2025-05-09T21:34:28","slug":"regulamin","status":"publish","type":"page","link":"https:\/\/signum.pb.edu.pl\/usmiech\/?page_id=2","title":{"rendered":"Regulamin 2025"},"content":{"rendered":"<ol>\n<li>Organizatorem konkursu \u201eU\u015bmiechni\u0119te rozmaito\u015bci matematyczne\u201d jest Centrum Popularyzacji Matematyki SIGNUM przy Wydziale Informatyki Politechniki Bia\u0142ostockiej.<br \/><hr \/><\/li>\n<li>Uczestnikami konkursu mog\u0105 by\u0107 uczniowie szk\u00f3\u0142 podstawowych klas 6-8 oraz szk\u00f3\u0142 \u015brednich.<br \/><hr \/><\/li>\n<li>Przedmiotem konkursu jest szeroko poj\u0119ty humor i satyra o tematyce matematycznej.<br \/><hr \/><\/li>\n<li>Zadaniem konkursowym jest stworzenie pracy w dowolnej technice malarskiej, rysunkowej i graficznej (wy\u0142\u0105czaj\u0105c formy przestrzenne), tak\u017ce komiksu. Rozmiar pracy nie mo\u017ce przekracza\u0107 formatu A2.<br \/><hr \/><\/li>\n<li>Ka\u017cdy uczestnik mo\u017ce dostarczy\u0107 dowoln\u0105 liczb\u0119 prac.<br \/><hr \/><\/li>\n<li>W konkursie mog\u0105 bra\u0107 udzia\u0142 tylko prace autorskie, to znaczy takie na kt\u00f3re pomys\u0142 nie zosta\u0142 zapo\u017cyczony z innych \u017ar\u00f3de\u0142, np. podr\u0119cznika matematyki.<br \/><hr \/><\/li>\n<li>Aby wzi\u0105\u0107 udzia\u0142 w konkursie nale\u017cy wype\u0142ni\u0107 (oddzielnie do ka\u017cdej zg\u0142aszanej pracy) elektronicznie <a href=\"https:\/\/signum.pb.edu.pl\/usmiech\/?page_id=518\"><strong>formularz zg\u0142oszeniowy<\/strong><\/a><strong>\u00a0 <\/strong><strong>do dnia 26.05.2025 r. <\/strong>oraz przes\u0142a\u0107 prace plastyczne na adres organizatora do <strong>dnia 29.05.2025 r. w\u0142\u0105cznie (liczy si\u0119 data stempla pocztowego)<\/strong>.<br \/><hr \/><\/li>\n<li>Ka\u017cd\u0105 z nadsy\u0142anych poczt\u0105 prac nale\u017cy opatrzy\u0107 <strong>na odwrocie imieniem i nazwiskiem<\/strong><strong>,<\/strong> <strong>tytu\u0142em<\/strong> oraz <strong>numerem pracy<\/strong> nadanym przez organizatora. Numer pracy zostanie wys\u0142any mailem na adres rodzica (uczestnika, je\u017celi jest\u00a0 pe\u0142noletni) podany w formularzu zg\u0142oszeniowym po przyj\u0119ciu pracy do konkursu. Prace bez przydzielonego numeru nie b\u0119d\u0105 kwalifikowane.<br \/><hr \/><strong><strong><\/strong><\/strong><\/li>\n<li>Prace nale\u017cy wysy\u0142a\u0107 do <strong>dnia 29.05.2025r. (w\u0142\u0105cznie)<\/strong> na adres:<br \/><strong>Centrum Popularyzacji Matematyki \u201eSignum&#8221;<\/strong><br \/><strong>Politechnika Bia\u0142ostocka<\/strong><br \/><strong>ul. Wiejska 45A<\/strong><br \/><strong>Bia\u0142ystok 15-351<\/strong><br \/><strong>z dopiskiem \u201eU\u015bmiechni\u0119te rozmaito\u015bci matematyczne\u201d<br \/><\/strong>(liczy si\u0119 data stempla pocztowego) lub dostarczy\u0107 osobi\u015bcie pod wskazany adres do pokoju A105 (I pi\u0119tro, budynek Wydzia\u0142u Informatyki PB).<br \/><hr \/><\/li>\n<li>Prace ocenia\u0107 b\u0119dzie 5-osobowe Jury Konkursowe z\u0142o\u017cone z pracownik\u00f3w Centrum, a tak\u017ce publiczno\u015b\u0107 z\u0142o\u017cona z os\u00f3b zarejestrowanych na stronie internetowej signum.pb.edu.pl. Przy czym g\u0142osy Jury liczone b\u0119d\u0105 z wag\u0105 0,75, za\u015b g\u0142osy publiczno\u015bci z wag\u0105 0,25.<br \/><hr \/><\/li>\n<li>Jury oceni prace w dw\u00f3ch kategoriach wiekowych:<br \/>I. szko\u0142a podstawowa,<br \/>II. szko\u0142a \u015brednia.<br \/><hr \/><\/li>\n<li>Przy ocenianiu Jury Konkursowe b\u0119dzie bra\u0107 pod uwag\u0119 estetyk\u0119, pomys\u0142owo\u015b\u0107, oryginalno\u015b\u0107, czytelno\u015b\u0107 i zawarty w pracy humor oraz czy praca wywo\u0142uje u\u015bmiech na twarzy cz\u0142onk\u00f3w Jury, czyli czy mo\u017cna j\u0105 zaliczy\u0107 do grupy \u201eprac u\u015bmiechni\u0119tych&#8221;.<br \/><hr \/><\/li>\n<li>Konkurs zako\u0144czy si\u0119 wy\u0142onieniem laureat\u00f3w. Nagrody zostan\u0105 przes\u0142ane poczt\u0105.<br \/><hr \/><\/li>\n<li>Lista laureat\u00f3w oraz nagrodzone prace zostan\u0105 opublikowane do dnia 10<strong>.06.2025 r.<\/strong> na stronie internetowej konkursu https:\/\/signum.pb.edu.pl\/usmiech.<br \/><hr \/><\/li>\n<li>Wszystkie nades\u0142ane prace plastyczne zostan\u0105 opublikowane na stronie internetowej konkursu https:\/\/signum.pb.edu.pl\/usmiech.<br \/><hr \/><\/li>\n<li>Wszystkie prace nades\u0142ane na konkurs staj\u0105 si\u0119 w\u0142asno\u015bci\u0105 Centrum Popularyzacji Matematyki \u201eSignum&#8221;, kt\u00f3re mo\u017ce je wykorzysta\u0107 w swoich publikacjach i wydawnictwach.<br \/><hr \/><\/li>\n<li>Zg\u0142oszenie do konkursu jest r\u00f3wnoznaczne z akceptacj\u0105 warunk\u00f3w niniejszego regulaminu.<\/li>\n<\/ol>\n<ol><\/ol>\n<p><strong><a href=\"https:\/\/signum.pb.edu.pl\/usmiech\/wp-content\/uploads\/2025\/05\/Regulamin_2025.pdf\">Regulamin_2025<\/a><\/strong><\/p>\n<p><a href=\"https:\/\/signum.pb.edu.pl\/usmiech\/?page_id=518(otworzy si\u0119 w nowej karcie)\"><strong>Formularz zg\u0142oszeniowy<\/strong><\/a><\/p>\n\n\n<p><\/p>\n","protected":false},"excerpt":{"rendered":"<p>Organizatorem konkursu \u201eU\u015bmiechni\u0119te rozmaito\u015bci matematyczne\u201d jest Centrum Popularyzacji Matematyki SIGNUM przy Wydziale Informatyki Politechniki Bia\u0142ostockiej. Uczestnikami konkursu mog\u0105 by\u0107 uczniowie szk\u00f3\u0142 podstawowych klas 6-8 oraz szk\u00f3\u0142 \u015brednich. Przedmiotem konkursu jest szeroko poj\u0119ty humor i satyra o tematyce matematycznej. Zadaniem konkursowym jest stworzenie pracy w dowolnej technice malarskiej, rysunkowej i graficznej [&hellip;]<\/p>\n","protected":false},"author":1,"featured_media":0,"parent":0,"menu_order":0,"comment_status":"closed","ping_status":"open","template":"","meta":{"footnotes":""},"class_list":["post-2","page","type-page","status-publish","hentry"],"_links":{"self":[{"href":"https:\/\/signum.pb.edu.pl\/usmiech\/index.php?rest_route=\/wp\/v2\/pages\/2","targetHints":{"allow":["GET"]}}],"collection":[{"href":"https:\/\/signum.pb.edu.pl\/usmiech\/index.php?rest_route=\/wp\/v2\/pages"}],"about":[{"href":"https:\/\/signum.pb.edu.pl\/usmiech\/index.php?rest_route=\/wp\/v2\/types\/page"}],"author":[{"embeddable":true,"href":"https:\/\/signum.pb.edu.pl\/usmiech\/index.php?rest_route=\/wp\/v2\/users\/1"}],"replies":[{"embeddable":true,"href":"https:\/\/signum.pb.edu.pl\/usmiech\/index.php?rest_route=%2Fwp%2Fv2%2Fcomments&post=2"}],"version-history":[{"count":70,"href":"https:\/\/signum.pb.edu.pl\/usmiech\/index.php?rest_route=\/wp\/v2\/pages\/2\/revisions"}],"predecessor-version":[{"id":1146,"href":"https:\/\/signum.pb.edu.pl\/usmiech\/index.php?rest_route=\/wp\/v2\/pages\/2\/revisions\/1146"}],"wp:attachment":[{"href":"https:\/\/signum.pb.edu.pl\/usmiech\/index.php?rest_route=%2Fwp%2Fv2%2Fmedia&parent=2"}],"curies":[{"name":"wp","href":"https:\/\/api.w.org\/{rel}","templated":true}]}}