{"id":1152,"date":"2025-06-03T22:56:21","date_gmt":"2025-06-03T20:56:21","guid":{"rendered":"https:\/\/signum.pb.edu.pl\/usmiech\/?page_id=1152"},"modified":"2025-06-04T11:10:12","modified_gmt":"2025-06-04T09:10:12","slug":"nadeslane-prace-2025","status":"publish","type":"page","link":"https:\/\/signum.pb.edu.pl\/usmiech\/?page_id=1152","title":{"rendered":"Nades\u0142ane prace 2025"},"content":{"rendered":"\n<h2 class=\"wp-block-heading\"><\/h2>\n\n\n<hr \/>\n<hr \/>\n<h2 style=\"text-align: center;\"><strong>Szko\u0142a podstawowa (klasy 6-8)<\/strong><\/h2>\n<hr \/>\n<p>&nbsp;<\/p>\n\n\n<figure class=\"wp-block-gallery has-nested-images columns-3 is-cropped wp-block-gallery-1 is-layout-flex wp-block-gallery-is-layout-flex\">\n<figure class=\"wp-block-image size-large\"><img loading=\"lazy\" decoding=\"async\" width=\"800\" height=\"575\" data-id=\"1227\" src=\"https:\/\/signum.pb.edu.pl\/usmiech\/wp-content\/uploads\/2025\/06\/P001.jpg\" alt=\"1. Kosmiczne Figury- Misja: Uk\u0142ad Wsp\u00f3\u0142rz\u0119dnych\" class=\"wp-image-1227\" srcset=\"https:\/\/signum.pb.edu.pl\/usmiech\/wp-content\/uploads\/2025\/06\/P001.jpg 800w, https:\/\/signum.pb.edu.pl\/usmiech\/wp-content\/uploads\/2025\/06\/P001-300x216.jpg 300w, https:\/\/signum.pb.edu.pl\/usmiech\/wp-content\/uploads\/2025\/06\/P001-768x552.jpg 768w\" sizes=\"auto, (max-width: 800px) 100vw, 800px\" \/><\/figure>\n\n\n\n<figure class=\"wp-block-image size-large\"><img loading=\"lazy\" decoding=\"async\" width=\"570\" height=\"800\" data-id=\"1228\" src=\"https:\/\/signum.pb.edu.pl\/usmiech\/wp-content\/uploads\/2025\/06\/P002.jpg\" alt=\"2. X na wakacjach\" class=\"wp-image-1228\" srcset=\"https:\/\/signum.pb.edu.pl\/usmiech\/wp-content\/uploads\/2025\/06\/P002.jpg 570w, https:\/\/signum.pb.edu.pl\/usmiech\/wp-content\/uploads\/2025\/06\/P002-214x300.jpg 214w\" sizes=\"auto, (max-width: 570px) 100vw, 570px\" \/><\/figure>\n\n\n\n<figure class=\"wp-block-image size-large\"><img loading=\"lazy\" decoding=\"async\" width=\"800\" height=\"563\" data-id=\"1229\" src=\"https:\/\/signum.pb.edu.pl\/usmiech\/wp-content\/uploads\/2025\/06\/P004.jpg\" alt=\"4. Co m\u00f3wi wi\u015bnia, gdy matma uderzy\u0142a jej do g\u0142owy\" class=\"wp-image-1229\" srcset=\"https:\/\/signum.pb.edu.pl\/usmiech\/wp-content\/uploads\/2025\/06\/P004.jpg 800w, https:\/\/signum.pb.edu.pl\/usmiech\/wp-content\/uploads\/2025\/06\/P004-300x211.jpg 300w, https:\/\/signum.pb.edu.pl\/usmiech\/wp-content\/uploads\/2025\/06\/P004-768x540.jpg 768w\" sizes=\"auto, (max-width: 800px) 100vw, 800px\" \/><\/figure>\n\n\n\n<figure class=\"wp-block-image size-large\"><img loading=\"lazy\" decoding=\"async\" width=\"800\" height=\"587\" data-id=\"1230\" src=\"https:\/\/signum.pb.edu.pl\/usmiech\/wp-content\/uploads\/2025\/06\/P005.jpg\" alt=\"5. Klub k\u0105towych \" class=\"wp-image-1230\" srcset=\"https:\/\/signum.pb.edu.pl\/usmiech\/wp-content\/uploads\/2025\/06\/P005.jpg 800w, https:\/\/signum.pb.edu.pl\/usmiech\/wp-content\/uploads\/2025\/06\/P005-300x220.jpg 300w, https:\/\/signum.pb.edu.pl\/usmiech\/wp-content\/uploads\/2025\/06\/P005-768x564.jpg 768w\" sizes=\"auto, (max-width: 800px) 100vw, 800px\" \/><\/figure>\n\n\n\n<figure class=\"wp-block-image size-large\"><img loading=\"lazy\" decoding=\"async\" width=\"750\" height=\"529\" data-id=\"1231\" src=\"https:\/\/signum.pb.edu.pl\/usmiech\/wp-content\/uploads\/2025\/06\/P006.jpg\" alt=\"6. Ocena z matematyki\" class=\"wp-image-1231\" srcset=\"https:\/\/signum.pb.edu.pl\/usmiech\/wp-content\/uploads\/2025\/06\/P006.jpg 750w, https:\/\/signum.pb.edu.pl\/usmiech\/wp-content\/uploads\/2025\/06\/P006-300x212.jpg 300w\" sizes=\"auto, (max-width: 750px) 100vw, 750px\" \/><\/figure>\n\n\n\n<figure class=\"wp-block-image size-large\"><img loading=\"lazy\" decoding=\"async\" width=\"580\" height=\"800\" data-id=\"1232\" src=\"https:\/\/signum.pb.edu.pl\/usmiech\/wp-content\/uploads\/2025\/06\/P007.jpg\" alt=\"7. Ulubione pomieszczenie matematyka\" class=\"wp-image-1232\" srcset=\"https:\/\/signum.pb.edu.pl\/usmiech\/wp-content\/uploads\/2025\/06\/P007.jpg 580w, https:\/\/signum.pb.edu.pl\/usmiech\/wp-content\/uploads\/2025\/06\/P007-218x300.jpg 218w\" sizes=\"auto, (max-width: 580px) 100vw, 580px\" \/><\/figure>\n\n\n\n<figure class=\"wp-block-image size-large\"><img loading=\"lazy\" decoding=\"async\" width=\"547\" height=\"761\" data-id=\"1233\" src=\"https:\/\/signum.pb.edu.pl\/usmiech\/wp-content\/uploads\/2025\/06\/P008.jpg\" alt=\"8. Dubajska matematyka\" class=\"wp-image-1233\" srcset=\"https:\/\/signum.pb.edu.pl\/usmiech\/wp-content\/uploads\/2025\/06\/P008.jpg 547w, https:\/\/signum.pb.edu.pl\/usmiech\/wp-content\/uploads\/2025\/06\/P008-216x300.jpg 216w\" sizes=\"auto, (max-width: 547px) 100vw, 547px\" \/><\/figure>\n\n\n\n<figure class=\"wp-block-image size-large\"><img loading=\"lazy\" decoding=\"async\" width=\"600\" height=\"800\" data-id=\"1234\" src=\"https:\/\/signum.pb.edu.pl\/usmiech\/wp-content\/uploads\/2025\/06\/P009.jpg\" alt=\"9. Stopy procentowe\" class=\"wp-image-1234\" srcset=\"https:\/\/signum.pb.edu.pl\/usmiech\/wp-content\/uploads\/2025\/06\/P009.jpg 600w, https:\/\/signum.pb.edu.pl\/usmiech\/wp-content\/uploads\/2025\/06\/P009-225x300.jpg 225w\" sizes=\"auto, (max-width: 600px) 100vw, 600px\" \/><\/figure>\n\n\n\n<figure class=\"wp-block-image size-large\"><img loading=\"lazy\" decoding=\"async\" width=\"600\" height=\"800\" data-id=\"1235\" src=\"https:\/\/signum.pb.edu.pl\/usmiech\/wp-content\/uploads\/2025\/06\/P010.jpg\" alt=\"10. Okr\u0105g wyborczy\" class=\"wp-image-1235\" srcset=\"https:\/\/signum.pb.edu.pl\/usmiech\/wp-content\/uploads\/2025\/06\/P010.jpg 600w, https:\/\/signum.pb.edu.pl\/usmiech\/wp-content\/uploads\/2025\/06\/P010-225x300.jpg 225w\" sizes=\"auto, (max-width: 600px) 100vw, 600px\" \/><\/figure>\n\n\n\n<figure class=\"wp-block-image size-large\"><img loading=\"lazy\" decoding=\"async\" width=\"800\" height=\"600\" data-id=\"1236\" src=\"https:\/\/signum.pb.edu.pl\/usmiech\/wp-content\/uploads\/2025\/06\/P011.jpg\" alt=\"11. Skala emocji\" class=\"wp-image-1236\" srcset=\"https:\/\/signum.pb.edu.pl\/usmiech\/wp-content\/uploads\/2025\/06\/P011.jpg 800w, https:\/\/signum.pb.edu.pl\/usmiech\/wp-content\/uploads\/2025\/06\/P011-300x225.jpg 300w, https:\/\/signum.pb.edu.pl\/usmiech\/wp-content\/uploads\/2025\/06\/P011-768x576.jpg 768w\" sizes=\"auto, (max-width: 800px) 100vw, 800px\" \/><\/figure>\n<\/figure>\n\n\n<hr \/>\n<hr \/>\n<h2 style=\"text-align: center;\"><strong>Szko\u0142a \u015brednia<\/strong><\/h2>\n<hr \/>\n\n\n<figure class=\"wp-block-gallery has-nested-images columns-default is-cropped wp-block-gallery-2 is-layout-flex wp-block-gallery-is-layout-flex\">\n<figure class=\"wp-block-image size-large\"><img loading=\"lazy\" decoding=\"async\" width=\"537\" height=\"800\" data-id=\"1194\" src=\"https:\/\/signum.pb.edu.pl\/usmiech\/wp-content\/uploads\/2025\/06\/S001.jpg\" alt=\"1. Uczniowski kalkulator emocji\" class=\"wp-image-1194\" srcset=\"https:\/\/signum.pb.edu.pl\/usmiech\/wp-content\/uploads\/2025\/06\/S001.jpg 537w, https:\/\/signum.pb.edu.pl\/usmiech\/wp-content\/uploads\/2025\/06\/S001-201x300.jpg 201w\" sizes=\"auto, (max-width: 537px) 100vw, 537px\" \/><\/figure>\n\n\n\n<figure class=\"wp-block-image size-large\"><img loading=\"lazy\" decoding=\"async\" width=\"612\" height=\"800\" data-id=\"1195\" src=\"https:\/\/signum.pb.edu.pl\/usmiech\/wp-content\/uploads\/2025\/06\/S002.jpg\" alt=\"2. U\u015bmiechni\u0119te rozmaito\u015bci matematyczne\" class=\"wp-image-1195\" srcset=\"https:\/\/signum.pb.edu.pl\/usmiech\/wp-content\/uploads\/2025\/06\/S002.jpg 612w, https:\/\/signum.pb.edu.pl\/usmiech\/wp-content\/uploads\/2025\/06\/S002-230x300.jpg 230w\" sizes=\"auto, (max-width: 612px) 100vw, 612px\" \/><\/figure>\n\n\n\n<figure class=\"wp-block-image size-large\"><img loading=\"lazy\" decoding=\"async\" width=\"570\" height=\"800\" data-id=\"1196\" src=\"https:\/\/signum.pb.edu.pl\/usmiech\/wp-content\/uploads\/2025\/06\/S003.jpg\" alt=\"3. Syntax ERROR\" class=\"wp-image-1196\" srcset=\"https:\/\/signum.pb.edu.pl\/usmiech\/wp-content\/uploads\/2025\/06\/S003.jpg 570w, https:\/\/signum.pb.edu.pl\/usmiech\/wp-content\/uploads\/2025\/06\/S003-214x300.jpg 214w\" sizes=\"auto, (max-width: 570px) 100vw, 570px\" \/><\/figure>\n\n\n\n<figure class=\"wp-block-image size-large\"><img loading=\"lazy\" decoding=\"async\" width=\"600\" height=\"800\" data-id=\"1197\" src=\"https:\/\/signum.pb.edu.pl\/usmiech\/wp-content\/uploads\/2025\/06\/S004.jpg\" alt=\"4. Radosna Parabola\" class=\"wp-image-1197\" srcset=\"https:\/\/signum.pb.edu.pl\/usmiech\/wp-content\/uploads\/2025\/06\/S004.jpg 600w, https:\/\/signum.pb.edu.pl\/usmiech\/wp-content\/uploads\/2025\/06\/S004-225x300.jpg 225w\" sizes=\"auto, (max-width: 600px) 100vw, 600px\" \/><\/figure>\n\n\n\n<figure class=\"wp-block-image size-large\"><img loading=\"lazy\" decoding=\"async\" width=\"600\" height=\"463\" data-id=\"1198\" src=\"https:\/\/signum.pb.edu.pl\/usmiech\/wp-content\/uploads\/2025\/06\/S005.jpg\" alt=\"5. Figury geometryczne na terapii\" class=\"wp-image-1198\" srcset=\"https:\/\/signum.pb.edu.pl\/usmiech\/wp-content\/uploads\/2025\/06\/S005.jpg 600w, https:\/\/signum.pb.edu.pl\/usmiech\/wp-content\/uploads\/2025\/06\/S005-300x232.jpg 300w\" sizes=\"auto, (max-width: 600px) 100vw, 600px\" \/><\/figure>\n\n\n\n<figure class=\"wp-block-image size-large\"><img loading=\"lazy\" decoding=\"async\" width=\"800\" height=\"544\" data-id=\"1199\" src=\"https:\/\/signum.pb.edu.pl\/usmiech\/wp-content\/uploads\/2025\/06\/S006.jpg\" alt=\"6. Czego nie \u0142owi\u0105 w\u0119dkarze i matematycy \" class=\"wp-image-1199\" srcset=\"https:\/\/signum.pb.edu.pl\/usmiech\/wp-content\/uploads\/2025\/06\/S006.jpg 800w, https:\/\/signum.pb.edu.pl\/usmiech\/wp-content\/uploads\/2025\/06\/S006-300x204.jpg 300w, https:\/\/signum.pb.edu.pl\/usmiech\/wp-content\/uploads\/2025\/06\/S006-768x522.jpg 768w\" sizes=\"auto, (max-width: 800px) 100vw, 800px\" \/><\/figure>\n\n\n\n<figure class=\"wp-block-image size-large\"><img loading=\"lazy\" decoding=\"async\" width=\"600\" height=\"756\" data-id=\"1200\" src=\"https:\/\/signum.pb.edu.pl\/usmiech\/wp-content\/uploads\/2025\/06\/S007.jpg\" alt=\"7. U\u015bmiechni\u0119te rozmaito\u015bci matematyczne \" class=\"wp-image-1200\" srcset=\"https:\/\/signum.pb.edu.pl\/usmiech\/wp-content\/uploads\/2025\/06\/S007.jpg 600w, https:\/\/signum.pb.edu.pl\/usmiech\/wp-content\/uploads\/2025\/06\/S007-238x300.jpg 238w\" sizes=\"auto, (max-width: 600px) 100vw, 600px\" \/><\/figure>\n\n\n\n<figure class=\"wp-block-image size-large\"><img loading=\"lazy\" decoding=\"async\" width=\"800\" height=\"602\" data-id=\"1201\" src=\"https:\/\/signum.pb.edu.pl\/usmiech\/wp-content\/uploads\/2025\/06\/S008.jpg\" alt=\"8.  Liczba pi na imprezie \" class=\"wp-image-1201\" srcset=\"https:\/\/signum.pb.edu.pl\/usmiech\/wp-content\/uploads\/2025\/06\/S008.jpg 800w, https:\/\/signum.pb.edu.pl\/usmiech\/wp-content\/uploads\/2025\/06\/S008-300x226.jpg 300w, https:\/\/signum.pb.edu.pl\/usmiech\/wp-content\/uploads\/2025\/06\/S008-768x578.jpg 768w\" sizes=\"auto, (max-width: 800px) 100vw, 800px\" \/><\/figure>\n\n\n\n<figure class=\"wp-block-image size-large\"><img loading=\"lazy\" decoding=\"async\" width=\"575\" height=\"800\" data-id=\"1202\" src=\"https:\/\/signum.pb.edu.pl\/usmiech\/wp-content\/uploads\/2025\/06\/S009.jpg\" alt=\"9. Trener Pitagoras: Mistrz Strategii na Boisku\" class=\"wp-image-1202\" srcset=\"https:\/\/signum.pb.edu.pl\/usmiech\/wp-content\/uploads\/2025\/06\/S009.jpg 575w, https:\/\/signum.pb.edu.pl\/usmiech\/wp-content\/uploads\/2025\/06\/S009-216x300.jpg 216w\" sizes=\"auto, (max-width: 575px) 100vw, 575px\" \/><\/figure>\n\n\n\n<figure class=\"wp-block-image size-large\"><img loading=\"lazy\" decoding=\"async\" width=\"800\" height=\"599\" data-id=\"1203\" src=\"https:\/\/signum.pb.edu.pl\/usmiech\/wp-content\/uploads\/2025\/06\/S010.jpg\" alt=\"10. Debata matematyczna\" class=\"wp-image-1203\" srcset=\"https:\/\/signum.pb.edu.pl\/usmiech\/wp-content\/uploads\/2025\/06\/S010.jpg 800w, https:\/\/signum.pb.edu.pl\/usmiech\/wp-content\/uploads\/2025\/06\/S010-300x225.jpg 300w, https:\/\/signum.pb.edu.pl\/usmiech\/wp-content\/uploads\/2025\/06\/S010-768x575.jpg 768w\" sizes=\"auto, (max-width: 800px) 100vw, 800px\" \/><\/figure>\n\n\n\n<figure class=\"wp-block-image size-large\"><img loading=\"lazy\" decoding=\"async\" width=\"800\" height=\"555\" data-id=\"1204\" src=\"https:\/\/signum.pb.edu.pl\/usmiech\/wp-content\/uploads\/2025\/06\/S011.jpg\" alt=\"11. Chytra \u00f3semka\" class=\"wp-image-1204\" srcset=\"https:\/\/signum.pb.edu.pl\/usmiech\/wp-content\/uploads\/2025\/06\/S011.jpg 800w, https:\/\/signum.pb.edu.pl\/usmiech\/wp-content\/uploads\/2025\/06\/S011-300x208.jpg 300w, https:\/\/signum.pb.edu.pl\/usmiech\/wp-content\/uploads\/2025\/06\/S011-768x533.jpg 768w\" sizes=\"auto, (max-width: 800px) 100vw, 800px\" \/><\/figure>\n\n\n\n<figure class=\"wp-block-image size-large\"><img loading=\"lazy\" decoding=\"async\" width=\"735\" height=\"496\" data-id=\"1205\" src=\"https:\/\/signum.pb.edu.pl\/usmiech\/wp-content\/uploads\/2025\/06\/S012.jpg\" alt=\"12. Pi jest tylko jedno!\" class=\"wp-image-1205\" srcset=\"https:\/\/signum.pb.edu.pl\/usmiech\/wp-content\/uploads\/2025\/06\/S012.jpg 735w, https:\/\/signum.pb.edu.pl\/usmiech\/wp-content\/uploads\/2025\/06\/S012-300x202.jpg 300w\" sizes=\"auto, (max-width: 735px) 100vw, 735px\" \/><\/figure>\n\n\n\n<figure class=\"wp-block-image size-large\"><img loading=\"lazy\" decoding=\"async\" width=\"618\" height=\"800\" data-id=\"1206\" src=\"https:\/\/signum.pb.edu.pl\/usmiech\/wp-content\/uploads\/2025\/06\/S013.jpg\" alt=\"13. U\u015bmiechni\u0119te rozmaito\u015bci matematyczne \" class=\"wp-image-1206\" srcset=\"https:\/\/signum.pb.edu.pl\/usmiech\/wp-content\/uploads\/2025\/06\/S013.jpg 618w, https:\/\/signum.pb.edu.pl\/usmiech\/wp-content\/uploads\/2025\/06\/S013-232x300.jpg 232w\" sizes=\"auto, (max-width: 618px) 100vw, 618px\" \/><\/figure>\n\n\n\n<figure class=\"wp-block-image size-large\"><img loading=\"lazy\" decoding=\"async\" width=\"800\" height=\"537\" data-id=\"1207\" src=\"https:\/\/signum.pb.edu.pl\/usmiech\/wp-content\/uploads\/2025\/06\/S014.jpg\" alt=\"14. Kiedy pr\u00f3buj\u0119 uwa\u017ca\u0107 na matmie\" class=\"wp-image-1207\" srcset=\"https:\/\/signum.pb.edu.pl\/usmiech\/wp-content\/uploads\/2025\/06\/S014.jpg 800w, https:\/\/signum.pb.edu.pl\/usmiech\/wp-content\/uploads\/2025\/06\/S014-300x201.jpg 300w, https:\/\/signum.pb.edu.pl\/usmiech\/wp-content\/uploads\/2025\/06\/S014-768x516.jpg 768w\" sizes=\"auto, (max-width: 800px) 100vw, 800px\" \/><\/figure>\n\n\n\n<figure class=\"wp-block-image size-large\"><img loading=\"lazy\" decoding=\"async\" width=\"661\" height=\"478\" data-id=\"1208\" src=\"https:\/\/signum.pb.edu.pl\/usmiech\/wp-content\/uploads\/2025\/06\/S015.jpg\" alt=\"15. Rozmowa wzi\u0119ta z \u017cycia liczb \" class=\"wp-image-1208\" srcset=\"https:\/\/signum.pb.edu.pl\/usmiech\/wp-content\/uploads\/2025\/06\/S015.jpg 661w, https:\/\/signum.pb.edu.pl\/usmiech\/wp-content\/uploads\/2025\/06\/S015-300x217.jpg 300w\" sizes=\"auto, (max-width: 661px) 100vw, 661px\" \/><\/figure>\n\n\n\n<figure class=\"wp-block-image size-large\"><img loading=\"lazy\" decoding=\"async\" width=\"525\" height=\"800\" data-id=\"1209\" src=\"https:\/\/signum.pb.edu.pl\/usmiech\/wp-content\/uploads\/2025\/06\/S016.jpg\" alt=\"16. Twierdzenie Pita Golasa\" class=\"wp-image-1209\" srcset=\"https:\/\/signum.pb.edu.pl\/usmiech\/wp-content\/uploads\/2025\/06\/S016.jpg 525w, https:\/\/signum.pb.edu.pl\/usmiech\/wp-content\/uploads\/2025\/06\/S016-197x300.jpg 197w\" sizes=\"auto, (max-width: 525px) 100vw, 525px\" \/><\/figure>\n\n\n\n<figure class=\"wp-block-image size-large\"><img loading=\"lazy\" decoding=\"async\" width=\"600\" height=\"800\" data-id=\"1210\" src=\"https:\/\/signum.pb.edu.pl\/usmiech\/wp-content\/uploads\/2025\/06\/S017.jpg\" alt=\"17. Matematycy na zakupach\" class=\"wp-image-1210\" srcset=\"https:\/\/signum.pb.edu.pl\/usmiech\/wp-content\/uploads\/2025\/06\/S017.jpg 600w, https:\/\/signum.pb.edu.pl\/usmiech\/wp-content\/uploads\/2025\/06\/S017-225x300.jpg 225w\" sizes=\"auto, (max-width: 600px) 100vw, 600px\" \/><\/figure>\n\n\n\n<figure class=\"wp-block-image size-large\"><img loading=\"lazy\" decoding=\"async\" width=\"800\" height=\"560\" data-id=\"1211\" src=\"https:\/\/signum.pb.edu.pl\/usmiech\/wp-content\/uploads\/2025\/06\/S018.jpg\" alt=\"18. Matematyczny Pirat\" class=\"wp-image-1211\" srcset=\"https:\/\/signum.pb.edu.pl\/usmiech\/wp-content\/uploads\/2025\/06\/S018.jpg 800w, https:\/\/signum.pb.edu.pl\/usmiech\/wp-content\/uploads\/2025\/06\/S018-300x210.jpg 300w, https:\/\/signum.pb.edu.pl\/usmiech\/wp-content\/uploads\/2025\/06\/S018-768x538.jpg 768w\" sizes=\"auto, (max-width: 800px) 100vw, 800px\" \/><\/figure>\n\n\n\n<figure class=\"wp-block-image size-large\"><img loading=\"lazy\" decoding=\"async\" width=\"800\" height=\"600\" data-id=\"1212\" src=\"https:\/\/signum.pb.edu.pl\/usmiech\/wp-content\/uploads\/2025\/06\/S019.jpg\" alt=\"19. Matematyka z u\u015bmiechem!\" class=\"wp-image-1212\" srcset=\"https:\/\/signum.pb.edu.pl\/usmiech\/wp-content\/uploads\/2025\/06\/S019.jpg 800w, https:\/\/signum.pb.edu.pl\/usmiech\/wp-content\/uploads\/2025\/06\/S019-300x225.jpg 300w, https:\/\/signum.pb.edu.pl\/usmiech\/wp-content\/uploads\/2025\/06\/S019-768x576.jpg 768w\" sizes=\"auto, (max-width: 800px) 100vw, 800px\" \/><\/figure>\n\n\n\n<figure class=\"wp-block-image size-large\"><img loading=\"lazy\" decoding=\"async\" width=\"565\" height=\"800\" data-id=\"1213\" src=\"https:\/\/signum.pb.edu.pl\/usmiech\/wp-content\/uploads\/2025\/06\/S020.jpg\" alt=\"20. 9 kr\u0119g\u00f3w piek\u0142a\" class=\"wp-image-1213\" srcset=\"https:\/\/signum.pb.edu.pl\/usmiech\/wp-content\/uploads\/2025\/06\/S020.jpg 565w, https:\/\/signum.pb.edu.pl\/usmiech\/wp-content\/uploads\/2025\/06\/S020-212x300.jpg 212w\" sizes=\"auto, (max-width: 565px) 100vw, 565px\" \/><\/figure>\n\n\n\n<figure class=\"wp-block-image size-large\"><img loading=\"lazy\" decoding=\"async\" width=\"800\" height=\"600\" data-id=\"1214\" src=\"https:\/\/signum.pb.edu.pl\/usmiech\/wp-content\/uploads\/2025\/06\/S021.jpg\" alt=\"21. Przecie\u017c to takie proste!\" class=\"wp-image-1214\" srcset=\"https:\/\/signum.pb.edu.pl\/usmiech\/wp-content\/uploads\/2025\/06\/S021.jpg 800w, https:\/\/signum.pb.edu.pl\/usmiech\/wp-content\/uploads\/2025\/06\/S021-300x225.jpg 300w, https:\/\/signum.pb.edu.pl\/usmiech\/wp-content\/uploads\/2025\/06\/S021-768x576.jpg 768w\" sizes=\"auto, (max-width: 800px) 100vw, 800px\" \/><\/figure>\n\n\n\n<figure class=\"wp-block-image size-large\"><img loading=\"lazy\" decoding=\"async\" width=\"612\" height=\"800\" data-id=\"1215\" src=\"https:\/\/signum.pb.edu.pl\/usmiech\/wp-content\/uploads\/2025\/06\/S022.jpg\" alt=\"22. Jestem Funkcj\u0105\" class=\"wp-image-1215\" srcset=\"https:\/\/signum.pb.edu.pl\/usmiech\/wp-content\/uploads\/2025\/06\/S022.jpg 612w, https:\/\/signum.pb.edu.pl\/usmiech\/wp-content\/uploads\/2025\/06\/S022-230x300.jpg 230w\" sizes=\"auto, (max-width: 612px) 100vw, 612px\" \/><\/figure>\n\n\n\n<figure class=\"wp-block-image size-large\"><img loading=\"lazy\" decoding=\"async\" width=\"556\" height=\"800\" data-id=\"1216\" src=\"https:\/\/signum.pb.edu.pl\/usmiech\/wp-content\/uploads\/2025\/06\/S025.jpg\" alt=\"25. U\u015bmiechni\u0119te rozmaito\u015bci matematyczne\" class=\"wp-image-1216\" srcset=\"https:\/\/signum.pb.edu.pl\/usmiech\/wp-content\/uploads\/2025\/06\/S025.jpg 556w, https:\/\/signum.pb.edu.pl\/usmiech\/wp-content\/uploads\/2025\/06\/S025-209x300.jpg 209w\" sizes=\"auto, (max-width: 556px) 100vw, 556px\" \/><\/figure>\n\n\n\n<figure class=\"wp-block-image size-large\"><img loading=\"lazy\" decoding=\"async\" width=\"800\" height=\"565\" data-id=\"1217\" src=\"https:\/\/signum.pb.edu.pl\/usmiech\/wp-content\/uploads\/2025\/06\/S026.jpg\" alt=\"26. Parzyste problemy\" class=\"wp-image-1217\" srcset=\"https:\/\/signum.pb.edu.pl\/usmiech\/wp-content\/uploads\/2025\/06\/S026.jpg 800w, https:\/\/signum.pb.edu.pl\/usmiech\/wp-content\/uploads\/2025\/06\/S026-300x212.jpg 300w, https:\/\/signum.pb.edu.pl\/usmiech\/wp-content\/uploads\/2025\/06\/S026-768x542.jpg 768w\" sizes=\"auto, (max-width: 800px) 100vw, 800px\" \/><\/figure>\n\n\n\n<figure class=\"wp-block-image size-large\"><img loading=\"lazy\" decoding=\"async\" width=\"565\" height=\"800\" data-id=\"1218\" src=\"https:\/\/signum.pb.edu.pl\/usmiech\/wp-content\/uploads\/2025\/06\/S028.jpg\" alt=\"28. To przecie\u017c proste...\" class=\"wp-image-1218\" srcset=\"https:\/\/signum.pb.edu.pl\/usmiech\/wp-content\/uploads\/2025\/06\/S028.jpg 565w, https:\/\/signum.pb.edu.pl\/usmiech\/wp-content\/uploads\/2025\/06\/S028-212x300.jpg 212w\" sizes=\"auto, (max-width: 565px) 100vw, 565px\" \/><\/figure>\n\n\n\n<figure class=\"wp-block-image size-large\"><img loading=\"lazy\" decoding=\"async\" width=\"610\" height=\"800\" data-id=\"1219\" src=\"https:\/\/signum.pb.edu.pl\/usmiech\/wp-content\/uploads\/2025\/06\/S029.jpg\" alt=\"29. \u015alub linii r\u00f3wnoleg\u0142ych\" class=\"wp-image-1219\" srcset=\"https:\/\/signum.pb.edu.pl\/usmiech\/wp-content\/uploads\/2025\/06\/S029.jpg 610w, https:\/\/signum.pb.edu.pl\/usmiech\/wp-content\/uploads\/2025\/06\/S029-229x300.jpg 229w\" sizes=\"auto, (max-width: 610px) 100vw, 610px\" \/><\/figure>\n\n\n\n<figure class=\"wp-block-image size-large\"><img loading=\"lazy\" decoding=\"async\" width=\"565\" height=\"800\" data-id=\"1220\" src=\"https:\/\/signum.pb.edu.pl\/usmiech\/wp-content\/uploads\/2025\/06\/S030.jpg\" alt=\"30. PRZEDDELTOWE ZA\u0141AMANIE\" class=\"wp-image-1220\" srcset=\"https:\/\/signum.pb.edu.pl\/usmiech\/wp-content\/uploads\/2025\/06\/S030.jpg 565w, https:\/\/signum.pb.edu.pl\/usmiech\/wp-content\/uploads\/2025\/06\/S030-212x300.jpg 212w\" sizes=\"auto, (max-width: 565px) 100vw, 565px\" \/><\/figure>\n\n\n\n<figure class=\"wp-block-image size-large\"><img loading=\"lazy\" decoding=\"async\" width=\"800\" height=\"566\" data-id=\"1221\" src=\"https:\/\/signum.pb.edu.pl\/usmiech\/wp-content\/uploads\/2025\/06\/S031.jpg\" alt=\"31. Wakacje matematyka\" class=\"wp-image-1221\" srcset=\"https:\/\/signum.pb.edu.pl\/usmiech\/wp-content\/uploads\/2025\/06\/S031.jpg 800w, https:\/\/signum.pb.edu.pl\/usmiech\/wp-content\/uploads\/2025\/06\/S031-300x212.jpg 300w, https:\/\/signum.pb.edu.pl\/usmiech\/wp-content\/uploads\/2025\/06\/S031-768x543.jpg 768w\" sizes=\"auto, (max-width: 800px) 100vw, 800px\" \/><\/figure>\n\n\n\n<figure class=\"wp-block-image size-large\"><img loading=\"lazy\" decoding=\"async\" width=\"576\" height=\"800\" data-id=\"1222\" src=\"https:\/\/signum.pb.edu.pl\/usmiech\/wp-content\/uploads\/2025\/06\/S033.jpg\" alt=\"33. Misja &quot;Znajd\u017a X&quot;\" class=\"wp-image-1222\" srcset=\"https:\/\/signum.pb.edu.pl\/usmiech\/wp-content\/uploads\/2025\/06\/S033.jpg 576w, https:\/\/signum.pb.edu.pl\/usmiech\/wp-content\/uploads\/2025\/06\/S033-216x300.jpg 216w\" sizes=\"auto, (max-width: 576px) 100vw, 576px\" \/><\/figure>\n\n\n\n<figure class=\"wp-block-image size-large\"><img loading=\"lazy\" decoding=\"async\" width=\"581\" height=\"800\" data-id=\"1223\" src=\"https:\/\/signum.pb.edu.pl\/usmiech\/wp-content\/uploads\/2025\/06\/S034.jpg\" alt=\"34. POCI\u0104GI \" class=\"wp-image-1223\" srcset=\"https:\/\/signum.pb.edu.pl\/usmiech\/wp-content\/uploads\/2025\/06\/S034.jpg 581w, https:\/\/signum.pb.edu.pl\/usmiech\/wp-content\/uploads\/2025\/06\/S034-218x300.jpg 218w\" sizes=\"auto, (max-width: 581px) 100vw, 581px\" \/><\/figure>\n\n\n\n<figure class=\"wp-block-image size-large\"><img loading=\"lazy\" decoding=\"async\" width=\"800\" height=\"600\" data-id=\"1224\" src=\"https:\/\/signum.pb.edu.pl\/usmiech\/wp-content\/uploads\/2025\/06\/S035.jpg\" alt=\"35. Niewiadoma X i Y\" class=\"wp-image-1224\" srcset=\"https:\/\/signum.pb.edu.pl\/usmiech\/wp-content\/uploads\/2025\/06\/S035.jpg 800w, https:\/\/signum.pb.edu.pl\/usmiech\/wp-content\/uploads\/2025\/06\/S035-300x225.jpg 300w, https:\/\/signum.pb.edu.pl\/usmiech\/wp-content\/uploads\/2025\/06\/S035-768x576.jpg 768w\" sizes=\"auto, (max-width: 800px) 100vw, 800px\" \/><\/figure>\n\n\n\n<figure class=\"wp-block-image size-large\"><img loading=\"lazy\" decoding=\"async\" width=\"535\" height=\"720\" data-id=\"1225\" src=\"https:\/\/signum.pb.edu.pl\/usmiech\/wp-content\/uploads\/2025\/06\/S036.jpg\" alt=\"36. U\u015bmiechni\u0119te rozmaito\u015bci matematyczne\" class=\"wp-image-1225\" srcset=\"https:\/\/signum.pb.edu.pl\/usmiech\/wp-content\/uploads\/2025\/06\/S036.jpg 535w, https:\/\/signum.pb.edu.pl\/usmiech\/wp-content\/uploads\/2025\/06\/S036-223x300.jpg 223w\" sizes=\"auto, (max-width: 535px) 100vw, 535px\" \/><\/figure>\n\n\n\n<figure class=\"wp-block-image size-large\"><img loading=\"lazy\" decoding=\"async\" width=\"1024\" height=\"886\" data-id=\"1258\" src=\"https:\/\/signum.pb.edu.pl\/usmiech\/wp-content\/uploads\/2025\/06\/S037-1-1024x886.jpg\" alt=\"37. Moja relacja z pierwiastkami\" class=\"wp-image-1258\" srcset=\"https:\/\/signum.pb.edu.pl\/usmiech\/wp-content\/uploads\/2025\/06\/S037-1-1024x886.jpg 1024w, https:\/\/signum.pb.edu.pl\/usmiech\/wp-content\/uploads\/2025\/06\/S037-1-300x260.jpg 300w, https:\/\/signum.pb.edu.pl\/usmiech\/wp-content\/uploads\/2025\/06\/S037-1-768x665.jpg 768w, https:\/\/signum.pb.edu.pl\/usmiech\/wp-content\/uploads\/2025\/06\/S037-1-1536x1329.jpg 1536w, https:\/\/signum.pb.edu.pl\/usmiech\/wp-content\/uploads\/2025\/06\/S037-1.jpg 2048w\" sizes=\"auto, (max-width: 1024px) 100vw, 1024px\" \/><\/figure>\n<\/figure>\n","protected":false},"excerpt":{"rendered":"<p>Szko\u0142a podstawowa (klasy 6-8) &nbsp; Szko\u0142a \u015brednia<\/p>\n","protected":false},"author":1,"featured_media":0,"parent":0,"menu_order":0,"comment_status":"closed","ping_status":"closed","template":"","meta":{"footnotes":""},"class_list":["post-1152","page","type-page","status-publish","hentry"],"_links":{"self":[{"href":"https:\/\/signum.pb.edu.pl\/usmiech\/index.php?rest_route=\/wp\/v2\/pages\/1152","targetHints":{"allow":["GET"]}}],"collection":[{"href":"https:\/\/signum.pb.edu.pl\/usmiech\/index.php?rest_route=\/wp\/v2\/pages"}],"about":[{"href":"https:\/\/signum.pb.edu.pl\/usmiech\/index.php?rest_route=\/wp\/v2\/types\/page"}],"author":[{"embeddable":true,"href":"https:\/\/signum.pb.edu.pl\/usmiech\/index.php?rest_route=\/wp\/v2\/users\/1"}],"replies":[{"embeddable":true,"href":"https:\/\/signum.pb.edu.pl\/usmiech\/index.php?rest_route=%2Fwp%2Fv2%2Fcomments&post=1152"}],"version-history":[{"count":22,"href":"https:\/\/signum.pb.edu.pl\/usmiech\/index.php?rest_route=\/wp\/v2\/pages\/1152\/revisions"}],"predecessor-version":[{"id":1264,"href":"https:\/\/signum.pb.edu.pl\/usmiech\/index.php?rest_route=\/wp\/v2\/pages\/1152\/revisions\/1264"}],"wp:attachment":[{"href":"https:\/\/signum.pb.edu.pl\/usmiech\/index.php?rest_route=%2Fwp%2Fv2%2Fmedia&parent=1152"}],"curies":[{"name":"wp","href":"https:\/\/api.w.org\/{rel}","templated":true}]}}