{"id":1106,"date":"2024-06-02T23:48:40","date_gmt":"2024-06-02T21:48:40","guid":{"rendered":"https:\/\/signum.pb.edu.pl\/usmiech\/?page_id=1106"},"modified":"2024-06-11T23:52:16","modified_gmt":"2024-06-11T21:52:16","slug":"nagrodzone-prace-2024","status":"publish","type":"page","link":"https:\/\/signum.pb.edu.pl\/usmiech\/?page_id=1106","title":{"rendered":"Nagrodzone prace 2024"},"content":{"rendered":"<h2 style=\"text-align: center;\"><strong>Szko\u0142a podstawowa (klasy 6-8)<\/strong><\/h2>\n<hr \/><hr \/>\n<h6><strong>I miejsce<\/strong><\/h6>\n<div id=\"attachment_1062\" style=\"width: 310px\" class=\"wp-caption aligncenter\"><a href=\"https:\/\/signum.pb.edu.pl\/usmiech\/wp-content\/uploads\/2024\/05\/P001.jpg\"><img loading=\"lazy\" decoding=\"async\" aria-describedby=\"caption-attachment-1062\" src=\"https:\/\/signum.pb.edu.pl\/usmiech\/wp-content\/uploads\/2024\/05\/P001-300x212.jpg\" alt=\",,Gwiazdkowa niespodzianka&quot; Adam Domian\" width=\"300\" height=\"212\" class=\"wp-image-1062 size-medium\" srcset=\"https:\/\/signum.pb.edu.pl\/usmiech\/wp-content\/uploads\/2024\/05\/P001-300x212.jpg 300w, https:\/\/signum.pb.edu.pl\/usmiech\/wp-content\/uploads\/2024\/05\/P001-768x541.jpg 768w, https:\/\/signum.pb.edu.pl\/usmiech\/wp-content\/uploads\/2024\/05\/P001.jpg 800w\" sizes=\"auto, (max-width: 300px) 100vw, 300px\" \/><\/a><p id=\"caption-attachment-1062\" class=\"wp-caption-text\">,,Gwiazdkowa niespodzianka&#8221; Adam Domian, Szko\u0142a Podstawowa im. Ireny Sendlerowej w Warpunach z siedzib\u0105 w Zyndakach<\/p><\/div>\n<hr \/>\n<h6><strong>II miejsce<\/strong><\/h6>\n<div id=\"attachment_1071\" style=\"width: 228px\" class=\"wp-caption aligncenter\"><a href=\"https:\/\/signum.pb.edu.pl\/usmiech\/wp-content\/uploads\/2024\/05\/P012.jpg\"><img loading=\"lazy\" decoding=\"async\" aria-describedby=\"caption-attachment-1071\" src=\"https:\/\/signum.pb.edu.pl\/usmiech\/wp-content\/uploads\/2024\/05\/P012-218x300.jpg\" alt=\",,My\u015bli o matematyce&quot; Stefaniya\u00a0 Bannova\" width=\"218\" height=\"300\" class=\"wp-image-1071 size-medium\" srcset=\"https:\/\/signum.pb.edu.pl\/usmiech\/wp-content\/uploads\/2024\/05\/P012-218x300.jpg 218w, https:\/\/signum.pb.edu.pl\/usmiech\/wp-content\/uploads\/2024\/05\/P012.jpg 581w\" sizes=\"auto, (max-width: 218px) 100vw, 218px\" \/><\/a><p id=\"caption-attachment-1071\" class=\"wp-caption-text\">,,My\u015bli o matematyce&#8221; Stefaniya\u00a0 Bannova, Szko\u0142a Podstawowa nr 9 \u00a0im. 42 Pu\u0142ku Piechoty w Bia\u0142ymstoku<\/p><\/div>\n<hr \/>\n<h6><strong>III miejsce<\/strong><\/h6>\n<div id=\"attachment_1066\" style=\"width: 310px\" class=\"wp-caption aligncenter\"><a href=\"https:\/\/signum.pb.edu.pl\/usmiech\/wp-content\/uploads\/2024\/05\/P005.jpg\"><img loading=\"lazy\" decoding=\"async\" aria-describedby=\"caption-attachment-1066\" src=\"https:\/\/signum.pb.edu.pl\/usmiech\/wp-content\/uploads\/2024\/05\/P005-300x221.jpg\" alt=\",,Pot\u0119ga do kwadratu&quot; Zofia Koz\u0142owska\" width=\"300\" height=\"221\" class=\"wp-image-1066 size-medium\" srcset=\"https:\/\/signum.pb.edu.pl\/usmiech\/wp-content\/uploads\/2024\/05\/P005-300x221.jpg 300w, https:\/\/signum.pb.edu.pl\/usmiech\/wp-content\/uploads\/2024\/05\/P005-768x564.jpg 768w, https:\/\/signum.pb.edu.pl\/usmiech\/wp-content\/uploads\/2024\/05\/P005.jpg 800w\" sizes=\"auto, (max-width: 300px) 100vw, 300px\" \/><\/a><p id=\"caption-attachment-1066\" class=\"wp-caption-text\">,,Pot\u0119ga do kwadratu&#8221; Zofia Koz\u0142owska, Szko\u0142a Podstawowa Zgromadzenia Si\u00f3str Misjonarek \u015aw. Rodziny w Bia\u0142ymstoku<\/p><\/div>\n<hr \/><hr \/>\n<h2><strong>Szko\u0142a \u015brednia<\/strong><\/h2>\n<hr \/><hr \/>\n<h6><strong>Nagroda<\/strong><\/h6>\n<div id=\"attachment_1092\" style=\"width: 310px\" class=\"wp-caption aligncenter\"><a href=\"https:\/\/signum.pb.edu.pl\/usmiech\/wp-content\/uploads\/2024\/05\/S001.jpg\"><img loading=\"lazy\" decoding=\"async\" aria-describedby=\"caption-attachment-1092\" src=\"https:\/\/signum.pb.edu.pl\/usmiech\/wp-content\/uploads\/2024\/05\/S001-300x212.jpg\" alt=\",,Wzory skr\u00f3conego mno\u017cenia&quot; Julia Sianko\" width=\"300\" height=\"212\" class=\"wp-image-1092 size-medium\" srcset=\"https:\/\/signum.pb.edu.pl\/usmiech\/wp-content\/uploads\/2024\/05\/S001-300x212.jpg 300w, https:\/\/signum.pb.edu.pl\/usmiech\/wp-content\/uploads\/2024\/05\/S001-768x542.jpg 768w, https:\/\/signum.pb.edu.pl\/usmiech\/wp-content\/uploads\/2024\/05\/S001.jpg 800w\" sizes=\"auto, (max-width: 300px) 100vw, 300px\" \/><\/a><p id=\"caption-attachment-1092\" class=\"wp-caption-text\">,,Wzory skr\u00f3conego mno\u017cenia&#8221; Julia Sianko, Akademickie Liceum Og\u00f3lnokszta\u0142c\u0105ce PB w Bia\u0142ymstoku<\/p><\/div>\n<h6><\/h6>\n<hr \/><hr \/>\n\n\n<figure class=\"wp-block-image size-large\"><img loading=\"lazy\" decoding=\"async\" width=\"1024\" height=\"145\" src=\"https:\/\/signum.pb.edu.pl\/usmiech\/wp-content\/uploads\/2023\/06\/BS-logo-1024x145.jpg\" alt=\"\" class=\"wp-image-1041\" srcset=\"https:\/\/signum.pb.edu.pl\/usmiech\/wp-content\/uploads\/2023\/06\/BS-logo-1024x145.jpg 1024w, https:\/\/signum.pb.edu.pl\/usmiech\/wp-content\/uploads\/2023\/06\/BS-logo-300x43.jpg 300w, https:\/\/signum.pb.edu.pl\/usmiech\/wp-content\/uploads\/2023\/06\/BS-logo-768x109.jpg 768w, https:\/\/signum.pb.edu.pl\/usmiech\/wp-content\/uploads\/2023\/06\/BS-logo-1536x218.jpg 1536w, https:\/\/signum.pb.edu.pl\/usmiech\/wp-content\/uploads\/2023\/06\/BS-logo-2048x291.jpg 2048w\" sizes=\"auto, (max-width: 1024px) 100vw, 1024px\" \/><\/figure>\n\n\n<hr>\n<hr>","protected":false},"excerpt":{"rendered":"<p>Szko\u0142a podstawowa (klasy 6-8) I miejsce II miejsce III miejsce Szko\u0142a \u015brednia Nagroda<\/p>\n","protected":false},"author":1,"featured_media":0,"parent":0,"menu_order":0,"comment_status":"closed","ping_status":"closed","template":"","meta":{"footnotes":""},"class_list":["post-1106","page","type-page","status-publish","hentry"],"_links":{"self":[{"href":"https:\/\/signum.pb.edu.pl\/usmiech\/index.php?rest_route=\/wp\/v2\/pages\/1106","targetHints":{"allow":["GET"]}}],"collection":[{"href":"https:\/\/signum.pb.edu.pl\/usmiech\/index.php?rest_route=\/wp\/v2\/pages"}],"about":[{"href":"https:\/\/signum.pb.edu.pl\/usmiech\/index.php?rest_route=\/wp\/v2\/types\/page"}],"author":[{"embeddable":true,"href":"https:\/\/signum.pb.edu.pl\/usmiech\/index.php?rest_route=\/wp\/v2\/users\/1"}],"replies":[{"embeddable":true,"href":"https:\/\/signum.pb.edu.pl\/usmiech\/index.php?rest_route=%2Fwp%2Fv2%2Fcomments&post=1106"}],"version-history":[{"count":11,"href":"https:\/\/signum.pb.edu.pl\/usmiech\/index.php?rest_route=\/wp\/v2\/pages\/1106\/revisions"}],"predecessor-version":[{"id":1140,"href":"https:\/\/signum.pb.edu.pl\/usmiech\/index.php?rest_route=\/wp\/v2\/pages\/1106\/revisions\/1140"}],"wp:attachment":[{"href":"https:\/\/signum.pb.edu.pl\/usmiech\/index.php?rest_route=%2Fwp%2Fv2%2Fmedia&parent=1106"}],"curies":[{"name":"wp","href":"https:\/\/api.w.org\/{rel}","templated":true}]}}