{"id":1058,"date":"2024-05-23T23:09:20","date_gmt":"2024-05-23T21:09:20","guid":{"rendered":"https:\/\/signum.pb.edu.pl\/usmiech\/?page_id=1058"},"modified":"2024-05-23T23:48:25","modified_gmt":"2024-05-23T21:48:25","slug":"nadeslane-prace-2024","status":"publish","type":"page","link":"https:\/\/signum.pb.edu.pl\/usmiech\/?page_id=1058","title":{"rendered":"Nades\u0142ane prace 2024"},"content":{"rendered":"\n<p><\/p>\n\n\n<hr \/>\n<h2 style=\"text-align: center;\"><strong>Szko\u0142a podstawowa (klasy 6-8)<\/strong><\/h2>\n<hr \/>\n\n\n<figure class=\"wp-block-gallery has-nested-images columns-default is-cropped wp-block-gallery-1 is-layout-flex wp-block-gallery-is-layout-flex\">\n<figure class=\"wp-block-image size-large\"><a href=\"https:\/\/signum.pb.edu.pl\/usmiech\/wp-content\/uploads\/2024\/05\/P001.jpg\"><img loading=\"lazy\" decoding=\"async\" width=\"800\" height=\"564\" data-id=\"1062\" src=\"https:\/\/signum.pb.edu.pl\/usmiech\/wp-content\/uploads\/2024\/05\/P001.jpg\" alt=\"1. Gwiazdkowa niespodzianka\" class=\"wp-image-1062\" srcset=\"https:\/\/signum.pb.edu.pl\/usmiech\/wp-content\/uploads\/2024\/05\/P001.jpg 800w, https:\/\/signum.pb.edu.pl\/usmiech\/wp-content\/uploads\/2024\/05\/P001-300x212.jpg 300w, https:\/\/signum.pb.edu.pl\/usmiech\/wp-content\/uploads\/2024\/05\/P001-768x541.jpg 768w\" sizes=\"auto, (max-width: 800px) 100vw, 800px\" \/><\/a><figcaption class=\"wp-element-caption\">1. Gwiazdkowa niespodzianka <\/figcaption><\/figure>\n\n\n\n<figure class=\"wp-block-image size-large\"><a href=\"https:\/\/signum.pb.edu.pl\/usmiech\/wp-content\/uploads\/2024\/05\/P002.jpg\"><img loading=\"lazy\" decoding=\"async\" width=\"800\" height=\"583\" data-id=\"1063\" src=\"https:\/\/signum.pb.edu.pl\/usmiech\/wp-content\/uploads\/2024\/05\/P002.jpg\" alt=\"Ach, te k\u0105ty!\" class=\"wp-image-1063\" srcset=\"https:\/\/signum.pb.edu.pl\/usmiech\/wp-content\/uploads\/2024\/05\/P002.jpg 800w, https:\/\/signum.pb.edu.pl\/usmiech\/wp-content\/uploads\/2024\/05\/P002-300x219.jpg 300w, https:\/\/signum.pb.edu.pl\/usmiech\/wp-content\/uploads\/2024\/05\/P002-768x560.jpg 768w\" sizes=\"auto, (max-width: 800px) 100vw, 800px\" \/><\/a><figcaption class=\"wp-element-caption\">2. Ach, te k\u0105ty!<\/figcaption><\/figure>\n\n\n\n<figure class=\"wp-block-image size-large\"><a href=\"https:\/\/signum.pb.edu.pl\/usmiech\/wp-content\/uploads\/2024\/05\/P003.jpg\"><img loading=\"lazy\" decoding=\"async\" width=\"800\" height=\"531\" data-id=\"1078\" src=\"https:\/\/signum.pb.edu.pl\/usmiech\/wp-content\/uploads\/2024\/05\/P003.jpg\" alt=\"3. Ulubiony str\u00f3j matematyka\" class=\"wp-image-1078\" srcset=\"https:\/\/signum.pb.edu.pl\/usmiech\/wp-content\/uploads\/2024\/05\/P003.jpg 800w, https:\/\/signum.pb.edu.pl\/usmiech\/wp-content\/uploads\/2024\/05\/P003-300x199.jpg 300w, https:\/\/signum.pb.edu.pl\/usmiech\/wp-content\/uploads\/2024\/05\/P003-768x510.jpg 768w, https:\/\/signum.pb.edu.pl\/usmiech\/wp-content\/uploads\/2024\/05\/P003-360x240.jpg 360w\" sizes=\"auto, (max-width: 800px) 100vw, 800px\" \/><\/a><figcaption class=\"wp-element-caption\">3. Ulubiony str\u00f3j matematyka<\/figcaption><\/figure>\n\n\n\n<figure class=\"wp-block-image size-large\"><a href=\"https:\/\/signum.pb.edu.pl\/usmiech\/wp-content\/uploads\/2024\/05\/P004.jpg\"><img loading=\"lazy\" decoding=\"async\" width=\"800\" height=\"558\" data-id=\"1065\" src=\"https:\/\/signum.pb.edu.pl\/usmiech\/wp-content\/uploads\/2024\/05\/P004.jpg\" alt=\"4. Ci\u0105g arytmetyczny Edzia\" class=\"wp-image-1065\" srcset=\"https:\/\/signum.pb.edu.pl\/usmiech\/wp-content\/uploads\/2024\/05\/P004.jpg 800w, https:\/\/signum.pb.edu.pl\/usmiech\/wp-content\/uploads\/2024\/05\/P004-300x209.jpg 300w, https:\/\/signum.pb.edu.pl\/usmiech\/wp-content\/uploads\/2024\/05\/P004-768x536.jpg 768w\" sizes=\"auto, (max-width: 800px) 100vw, 800px\" \/><\/a><figcaption class=\"wp-element-caption\">4. Ci\u0105g arytmetyczny Edzia<\/figcaption><\/figure>\n\n\n\n<figure class=\"wp-block-image size-large\"><a href=\"https:\/\/signum.pb.edu.pl\/usmiech\/wp-content\/uploads\/2024\/05\/P005.jpg\"><img loading=\"lazy\" decoding=\"async\" width=\"800\" height=\"588\" data-id=\"1066\" src=\"https:\/\/signum.pb.edu.pl\/usmiech\/wp-content\/uploads\/2024\/05\/P005.jpg\" alt=\"5. Pot\u0119ga do kwadratu\" class=\"wp-image-1066\" srcset=\"https:\/\/signum.pb.edu.pl\/usmiech\/wp-content\/uploads\/2024\/05\/P005.jpg 800w, https:\/\/signum.pb.edu.pl\/usmiech\/wp-content\/uploads\/2024\/05\/P005-300x221.jpg 300w, https:\/\/signum.pb.edu.pl\/usmiech\/wp-content\/uploads\/2024\/05\/P005-768x564.jpg 768w\" sizes=\"auto, (max-width: 800px) 100vw, 800px\" \/><\/a><figcaption class=\"wp-element-caption\">5. Pot\u0119ga do kwadratu<\/figcaption><\/figure>\n\n\n\n<figure class=\"wp-block-image size-large\"><a href=\"https:\/\/signum.pb.edu.pl\/usmiech\/wp-content\/uploads\/2024\/05\/P007.jpg\"><img loading=\"lazy\" decoding=\"async\" width=\"800\" height=\"581\" data-id=\"1079\" src=\"https:\/\/signum.pb.edu.pl\/usmiech\/wp-content\/uploads\/2024\/05\/P007.jpg\" alt=\"6. \ufeffSmaczna matematyka\" class=\"wp-image-1079\" srcset=\"https:\/\/signum.pb.edu.pl\/usmiech\/wp-content\/uploads\/2024\/05\/P007.jpg 800w, https:\/\/signum.pb.edu.pl\/usmiech\/wp-content\/uploads\/2024\/05\/P007-300x218.jpg 300w, https:\/\/signum.pb.edu.pl\/usmiech\/wp-content\/uploads\/2024\/05\/P007-768x558.jpg 768w\" sizes=\"auto, (max-width: 800px) 100vw, 800px\" \/><\/a><figcaption class=\"wp-element-caption\">6. \ufeffSmaczna matematyka<\/figcaption><\/figure>\n\n\n\n<figure class=\"wp-block-image size-large\"><a href=\"https:\/\/signum.pb.edu.pl\/usmiech\/wp-content\/uploads\/2024\/05\/P009.jpg\"><img loading=\"lazy\" decoding=\"async\" width=\"800\" height=\"562\" data-id=\"1069\" src=\"https:\/\/signum.pb.edu.pl\/usmiech\/wp-content\/uploads\/2024\/05\/P009.jpg\" alt=\"7. PIstacje\" class=\"wp-image-1069\" srcset=\"https:\/\/signum.pb.edu.pl\/usmiech\/wp-content\/uploads\/2024\/05\/P009.jpg 800w, https:\/\/signum.pb.edu.pl\/usmiech\/wp-content\/uploads\/2024\/05\/P009-300x211.jpg 300w, https:\/\/signum.pb.edu.pl\/usmiech\/wp-content\/uploads\/2024\/05\/P009-768x540.jpg 768w\" sizes=\"auto, (max-width: 800px) 100vw, 800px\" \/><\/a><figcaption class=\"wp-element-caption\">7. PIstacje<\/figcaption><\/figure>\n\n\n\n<figure class=\"wp-block-image size-large\"><a href=\"https:\/\/signum.pb.edu.pl\/usmiech\/wp-content\/uploads\/2024\/05\/P010.jpg\"><img loading=\"lazy\" decoding=\"async\" width=\"800\" height=\"598\" data-id=\"1070\" src=\"https:\/\/signum.pb.edu.pl\/usmiech\/wp-content\/uploads\/2024\/05\/P010.jpg\" alt=\"8. Matura z matematyki \" class=\"wp-image-1070\" srcset=\"https:\/\/signum.pb.edu.pl\/usmiech\/wp-content\/uploads\/2024\/05\/P010.jpg 800w, https:\/\/signum.pb.edu.pl\/usmiech\/wp-content\/uploads\/2024\/05\/P010-300x224.jpg 300w, https:\/\/signum.pb.edu.pl\/usmiech\/wp-content\/uploads\/2024\/05\/P010-768x574.jpg 768w\" sizes=\"auto, (max-width: 800px) 100vw, 800px\" \/><\/a><figcaption class=\"wp-element-caption\">8. Matura z matematyki <\/figcaption><\/figure>\n\n\n\n<figure class=\"wp-block-image size-large\"><a href=\"https:\/\/signum.pb.edu.pl\/usmiech\/wp-content\/uploads\/2024\/05\/P012.jpg\"><img loading=\"lazy\" decoding=\"async\" width=\"581\" height=\"800\" data-id=\"1071\" src=\"https:\/\/signum.pb.edu.pl\/usmiech\/wp-content\/uploads\/2024\/05\/P012.jpg\" alt=\"9. My\u015bli o matematyce\" class=\"wp-image-1071\" srcset=\"https:\/\/signum.pb.edu.pl\/usmiech\/wp-content\/uploads\/2024\/05\/P012.jpg 581w, https:\/\/signum.pb.edu.pl\/usmiech\/wp-content\/uploads\/2024\/05\/P012-218x300.jpg 218w\" sizes=\"auto, (max-width: 581px) 100vw, 581px\" \/><\/a><figcaption class=\"wp-element-caption\">9. My\u015bli o matematyce<\/figcaption><\/figure>\n<\/figure>\n\n\n<hr \/><hr \/>\n<h2 style=\"text-align: center;\"><strong>Szko\u0142a \u015brednia<\/strong><\/h2>\n<hr \/>\n<h2><\/h2>\n\n\n<figure class=\"wp-block-gallery has-nested-images columns-default is-cropped wp-block-gallery-2 is-layout-flex wp-block-gallery-is-layout-flex\">\n<figure class=\"wp-block-image size-large\"><a href=\"https:\/\/signum.pb.edu.pl\/usmiech\/wp-content\/uploads\/2024\/05\/S001.jpg\"><img loading=\"lazy\" decoding=\"async\" width=\"800\" height=\"565\" data-id=\"1092\" src=\"https:\/\/signum.pb.edu.pl\/usmiech\/wp-content\/uploads\/2024\/05\/S001.jpg\" alt=\"1. Wzory skr\u00f3conego mno\u017cenia\" class=\"wp-image-1092\" srcset=\"https:\/\/signum.pb.edu.pl\/usmiech\/wp-content\/uploads\/2024\/05\/S001.jpg 800w, https:\/\/signum.pb.edu.pl\/usmiech\/wp-content\/uploads\/2024\/05\/S001-300x212.jpg 300w, https:\/\/signum.pb.edu.pl\/usmiech\/wp-content\/uploads\/2024\/05\/S001-768x542.jpg 768w\" sizes=\"auto, (max-width: 800px) 100vw, 800px\" \/><\/a><figcaption class=\"wp-element-caption\">1. Wzory skr\u00f3conego mno\u017cenia<\/figcaption><\/figure>\n\n\n\n<figure class=\"wp-block-image size-large\"><a href=\"https:\/\/signum.pb.edu.pl\/usmiech\/wp-content\/uploads\/2024\/05\/S002.jpg\"><img loading=\"lazy\" decoding=\"async\" width=\"800\" height=\"616\" data-id=\"1093\" src=\"https:\/\/signum.pb.edu.pl\/usmiech\/wp-content\/uploads\/2024\/05\/S002.jpg\" alt=\"2. Iloczyn zbior\u00f3w\" class=\"wp-image-1093\" srcset=\"https:\/\/signum.pb.edu.pl\/usmiech\/wp-content\/uploads\/2024\/05\/S002.jpg 800w, https:\/\/signum.pb.edu.pl\/usmiech\/wp-content\/uploads\/2024\/05\/S002-300x231.jpg 300w, https:\/\/signum.pb.edu.pl\/usmiech\/wp-content\/uploads\/2024\/05\/S002-768x591.jpg 768w\" sizes=\"auto, (max-width: 800px) 100vw, 800px\" \/><\/a><figcaption class=\"wp-element-caption\">2. Iloczyn zbior\u00f3w<\/figcaption><\/figure>\n\n\n\n<figure class=\"wp-block-image size-large\"><a href=\"https:\/\/signum.pb.edu.pl\/usmiech\/wp-content\/uploads\/2024\/05\/S003.jpg\"><img loading=\"lazy\" decoding=\"async\" width=\"565\" height=\"800\" data-id=\"1094\" src=\"https:\/\/signum.pb.edu.pl\/usmiech\/wp-content\/uploads\/2024\/05\/S003.jpg\" alt=\"3. Licz\u0119, wi\u0119c jestem\" class=\"wp-image-1094\" srcset=\"https:\/\/signum.pb.edu.pl\/usmiech\/wp-content\/uploads\/2024\/05\/S003.jpg 565w, https:\/\/signum.pb.edu.pl\/usmiech\/wp-content\/uploads\/2024\/05\/S003-212x300.jpg 212w\" sizes=\"auto, (max-width: 565px) 100vw, 565px\" \/><\/a><figcaption class=\"wp-element-caption\">3. Licz\u0119, wi\u0119c jestem<\/figcaption><\/figure>\n\n\n\n<figure class=\"wp-block-image size-large\"><a href=\"https:\/\/signum.pb.edu.pl\/usmiech\/wp-content\/uploads\/2024\/05\/S004.jpg\"><img loading=\"lazy\" decoding=\"async\" width=\"800\" height=\"570\" data-id=\"1095\" src=\"https:\/\/signum.pb.edu.pl\/usmiech\/wp-content\/uploads\/2024\/05\/S004.jpg\" alt=\"4. Ucze\u0144 na poprawce\" class=\"wp-image-1095\" srcset=\"https:\/\/signum.pb.edu.pl\/usmiech\/wp-content\/uploads\/2024\/05\/S004.jpg 800w, https:\/\/signum.pb.edu.pl\/usmiech\/wp-content\/uploads\/2024\/05\/S004-300x214.jpg 300w, https:\/\/signum.pb.edu.pl\/usmiech\/wp-content\/uploads\/2024\/05\/S004-768x547.jpg 768w\" sizes=\"auto, (max-width: 800px) 100vw, 800px\" \/><\/a><figcaption class=\"wp-element-caption\">4. Ucze\u0144 na poprawce<\/figcaption><\/figure>\n<\/figure>\n","protected":false},"excerpt":{"rendered":"<p>Szko\u0142a podstawowa (klasy 6-8) Szko\u0142a \u015brednia<\/p>\n","protected":false},"author":1,"featured_media":0,"parent":0,"menu_order":0,"comment_status":"closed","ping_status":"closed","template":"","meta":{"footnotes":""},"class_list":["post-1058","page","type-page","status-publish","hentry"],"_links":{"self":[{"href":"https:\/\/signum.pb.edu.pl\/usmiech\/index.php?rest_route=\/wp\/v2\/pages\/1058","targetHints":{"allow":["GET"]}}],"collection":[{"href":"https:\/\/signum.pb.edu.pl\/usmiech\/index.php?rest_route=\/wp\/v2\/pages"}],"about":[{"href":"https:\/\/signum.pb.edu.pl\/usmiech\/index.php?rest_route=\/wp\/v2\/types\/page"}],"author":[{"embeddable":true,"href":"https:\/\/signum.pb.edu.pl\/usmiech\/index.php?rest_route=\/wp\/v2\/users\/1"}],"replies":[{"embeddable":true,"href":"https:\/\/signum.pb.edu.pl\/usmiech\/index.php?rest_route=%2Fwp%2Fv2%2Fcomments&post=1058"}],"version-history":[{"count":16,"href":"https:\/\/signum.pb.edu.pl\/usmiech\/index.php?rest_route=\/wp\/v2\/pages\/1058\/revisions"}],"predecessor-version":[{"id":1102,"href":"https:\/\/signum.pb.edu.pl\/usmiech\/index.php?rest_route=\/wp\/v2\/pages\/1058\/revisions\/1102"}],"wp:attachment":[{"href":"https:\/\/signum.pb.edu.pl\/usmiech\/index.php?rest_route=%2Fwp%2Fv2%2Fmedia&parent=1058"}],"curies":[{"name":"wp","href":"https:\/\/api.w.org\/{rel}","templated":true}]}}