{"id":906,"date":"2021-03-23T21:59:41","date_gmt":"2021-03-23T20:59:41","guid":{"rendered":"https:\/\/signum.pb.edu.pl\/konkurs\/?page_id=906"},"modified":"2023-03-31T16:03:46","modified_gmt":"2023-03-31T14:03:46","slug":"deklaracja-dostepnosci","status":"publish","type":"page","link":"https:\/\/signum.pb.edu.pl\/konkurs\/?page_id=906","title":{"rendered":"Deklaracja dost\u0119pno\u015bci"},"content":{"rendered":"<div style=\"padding: 5mm;\">\n<div class=\"row\">\n<div class=\"col-xs-12\">\n<h1>Deklaracja dost\u0119pno\u015bci<\/h1>\n<\/div>\n<\/div>\n<div>\n<h2 id=\"a11y-deklaracja\">Deklaracja dost\u0119pno\u015bci serwisu signum.pb.edu.pl<\/h2>\n<p id=\"a11y-wstep\"><span id=\"a11y-podmiot\">Politechnika Bia\u0142ostocka<\/span> zobowi\u0105zuje si\u0119 zapewni\u0107 dost\u0119pno\u015b\u0107 serwisu internetowego signum.pb.edu.pl zgodnie z ustaw\u0105 z dnia 4 kwietnia 2019 r. o dost\u0119pno\u015bci cyfrowej stron internetowych i aplikacji mobilnych podmiot\u00f3w publicznych. O\u015bwiadczenie w sprawie dost\u0119pno\u015bci ma zastosowanie do <a id=\"a11y-url\" title=\"Otworzy si\u0119 w nowej karcie\" href=\"https:\/\/signum.pb.edu.pl\/\" target=\"_blank\" rel=\"noopener noreferrer\">serwisu internetowego signum.pb.edu.pl<\/a>.<\/p>\n<p>Data publikacji serwisu internetowego: <span id=\"a11y-data-publikacja\">2017-11-27<\/span>.<\/p>\n<p>Data ostatniej du\u017cej aktualizacji: <span id=\"a11y-data-aktualizacja\">2017-11-27<\/span>.<\/p>\n<p>Serwis internetowy jest cz\u0119\u015bciowo zgodny z ustaw\u0105 o dost\u0119pno\u015bci cyfrowej stron internetowych i aplikacji mobilnych podmiot\u00f3w publicznych z powodu poni\u017cszych niezgodno\u015bci lub wy\u0142\u0105cze\u0144.<\/p>\n<ul>\n<li>Nie wszystkie dokumenty udost\u0119pnione do pobrania s\u0105 dost\u0119pne cyfrowo. Aktualnie trwaj\u0105 prace nad konwersj\u0105 plik\u00f3w WORD i PDF do wersji dost\u0119pnych cyfrowo.<\/li>\n<li>Ze wzgl\u0119du na du\u017c\u0105 liczb\u0119 stron www serwisu, mo\u017ce zdarzy\u0107 si\u0119 sytuacja, \u017ce do fotografii oraz grafik nie dodano tekst\u00f3w alternatywnych.<\/li>\n<li>Mo\u017ce si\u0119 zdarzy\u0107, \u017ce elementy, kt\u00f3rych klikni\u0119cie powoduje uruchomienie linku w nowym oknie \/ karcie przegl\u0105darki internetowej nie informuj\u0105 o tym.<\/li>\n<li>Udost\u0119pniane filmy, opublikowane przed wej\u015bciem w \u017cycie ustawy o dost\u0119pno\u015bci cyfrowej, nie maj\u0105 audiodeskrypcji oraz napis\u00f3w rozszerzonych (dla nies\u0142ysz\u0105cych).<\/li>\n<li>Mo\u017ce si\u0119 zdarzy\u0107, \u017ce w archiwalnych wpisach z kategorii: Aktualno\u015bci, Polecamy, Konkursy, Osi\u0105gni\u0119cia, nag\u0142\u00f3wki s\u0105 u\u017cyte niehierarchicznie, w znacznikach nag\u0142\u00f3wk\u00f3w (h1, h2 itd.) jest wstawiona du\u017ca ilo\u015b\u0107 tekstu, teksty alternatywne dla fotografii w galeriach zdj\u0119\u0107 powtarzaj\u0105 si\u0119.<\/li>\n<li>Mapy s\u0105 wy\u0142\u0105czone z obowi\u0105zku zapewnienia dost\u0119pno\u015bci. Dane teleadresowe Politechniki Bia\u0142ostockiej oraz jej poszczeg\u00f3lnych wydzia\u0142\u00f3w s\u0105 dost\u0119pne w formie tekstowej na stronie www <em>Kontakt \/ Dane teleadresowe<\/em>.<\/li>\n<\/ul>\n<p>O\u015bwiadczenie sporz\u0105dzono dnia <span id=\"a11y-data-sporzadzenie\">2020-09-18<\/span>. Deklaracj\u0119 sporz\u0105dzono na podstawie samooceny.<\/p>\n<p>Deklaracja zosta\u0142a ostatnio poddana przegl\u0105dowi i aktualizacji dnia: <span id=\"a11y-data-deklaracja-przeglad\">2021-03-23.<\/span><\/p>\n<p>Na serwisie internetowym mo\u017cna korzysta\u0107 ze standardowych skr\u00f3t\u00f3w klawiszowych.<\/p>\n<h3 id=\"a11y-kontakt\">Informacje zwrotne i dane kontaktowe<\/h3>\n<p>W przypadku problem\u00f3w z dost\u0119pno\u015bci\u0105 strony internetowej prosimy o kontakt. Osob\u0105 odpowiedzialn\u0105 jest <span id=\"a11y-osoba\">Tomasz Jastrz\u0119bski<\/span>, adres poczty elektronicznej <a id=\"a11y-email\" href=\"mailto:niepelnosprawni@pb.edu.pl\">niepelnosprawni@pb.edu.pl<\/a>. Kontaktowa\u0107 mo\u017cna si\u0119 tak\u017ce dzwoni\u0105c na numer telefonu <span id=\"a11y-telefon\">501 032 551<\/span>. T\u0105 sam\u0105 drog\u0105 mo\u017cna sk\u0142ada\u0107 wnioski o udost\u0119pnienie informacji niedost\u0119pnej oraz sk\u0142ada\u0107 skargi na brak zapewnienia dost\u0119pno\u015bci.<\/p>\n<div id=\"a11y-procedura\">\n<p>Ka\u017cdy ma prawo do wyst\u0105pienia z \u017c\u0105daniem zapewnienia dost\u0119pno\u015bci cyfrowej strony internetowej, aplikacji mobilnej lub jakiego\u015b ich elementu. Mo\u017cna tak\u017ce za\u017c\u0105da\u0107 udost\u0119pnienia informacji w formach alternatywnych, na przyk\u0142ad odczytanie niedost\u0119pnego cyfrowo dokumentu, opisania zawarto\u015bci filmu bez audiodeskrypcji itp. \u017b\u0105danie powinno zawiera\u0107 dane osoby zg\u0142aszaj\u0105cej \u017c\u0105danie, wskazanie, o kt\u00f3r\u0105 stron\u0119 internetow\u0105 lub aplikacj\u0119 mobiln\u0105 chodzi oraz spos\u00f3b kontaktu. Je\u017celi osoba \u017c\u0105daj\u0105ca zg\u0142asza potrzeb\u0119 otrzymania informacji w formie alternatywnej, powinna tak\u017ce okre\u015bli\u0107 form\u0119 tej informacji.<\/p>\n<p>Podmiot publiczny powinien zrealizowa\u0107 \u017c\u0105danie niezw\u0142ocznie i nie p\u00f3\u017aniej, ni\u017c w ci\u0105gu 7 dni. Je\u017celi dotrzymanie tego terminu nie jest mo\u017cliwe, podmiot publiczny niezw\u0142ocznie informuje o tym, kiedy realizacja \u017c\u0105dania b\u0119dzie mo\u017cliwa, przy czym termin ten nie mo\u017ce by\u0107 d\u0142u\u017cszy ni\u017c 2 miesi\u0105ce. Je\u017celi zapewnienie dost\u0119pno\u015bci nie jest mo\u017cliwe, podmiot publiczny mo\u017ce zaproponowa\u0107 alternatywny spos\u00f3b dost\u0119pu do informacji.<\/p>\n<p>W przypadku, gdy podmiot odm\u00f3wi realizacji \u017c\u0105dania zapewnienia dost\u0119pno\u015bci lub alternatywnego dost\u0119pu do informacji, mo\u017cna z\u0142o\u017cy\u0107 skarg\u0119 na takie dzia\u0142anie.<\/p>\n<p>Po wyczerpaniu wszystkich mo\u017cliwo\u015bci skarg\u0119 mo\u017cna przes\u0142a\u0107 tak\u017ce do <a title=\"Otworzy si\u0119 w nowej karcie\" href=\"https:\/\/www.rpo.gov.pl\/content\/jak-zglosic-sie-do-rzecznika-praw-obywatelskich\" target=\"_blank\" rel=\"noopener noreferrer\">Rzecznika Praw Obywatelskich<\/a>.<\/p>\n<\/div>\n<h3 id=\"a11y-architektura\">Dost\u0119pno\u015b\u0107 architektoniczna<\/h3>\n<p><a title=\"Otworzy si\u0119 w nowej karcie\" href=\"https:\/\/pb.edu.pl\/dostepnosc-cyfrowa\/deklaracja-dostepnosci\/deklaracja-dostepnosci-architektonicznej-budynkow-politechniki-bialostockiej\/\" target=\"_blank\" rel=\"noopener noreferrer\">Szczeg\u00f3\u0142owe informacje dotycz\u0105ce dost\u0119pno\u015bci architektonicznej budynk\u00f3w Politechniki Bia\u0142ostockiej<\/a>.<\/p>\n<\/div>\n<\/div>\n","protected":false},"excerpt":{"rendered":"<p>Deklaracja dost\u0119pno\u015bci Deklaracja dost\u0119pno\u015bci serwisu signum.pb.edu.pl Politechnika Bia\u0142ostocka zobowi\u0105zuje si\u0119 zapewni\u0107 dost\u0119pno\u015b\u0107 serwisu internetowego signum.pb.edu.pl zgodnie z ustaw\u0105 z dnia 4 kwietnia 2019 r. o dost\u0119pno\u015bci cyfrowej stron internetowych i aplikacji mobilnych podmiot\u00f3w publicznych. O\u015bwiadczenie w sprawie dost\u0119pno\u015bci ma zastosowanie do serwisu internetowego signum.pb.edu.pl. Data publikacji serwisu internetowego: 2017-11-27. Data ostatniej du\u017cej aktualizacji: 2017-11-27. Serwis [&hellip;]<\/p>\n","protected":false},"author":1,"featured_media":0,"parent":0,"menu_order":16,"comment_status":"closed","ping_status":"closed","template":"","meta":{"ngg_post_thumbnail":0,"footnotes":""},"class_list":["post-906","page","type-page","status-publish","hentry"],"_links":{"self":[{"href":"https:\/\/signum.pb.edu.pl\/konkurs\/index.php?rest_route=\/wp\/v2\/pages\/906","targetHints":{"allow":["GET"]}}],"collection":[{"href":"https:\/\/signum.pb.edu.pl\/konkurs\/index.php?rest_route=\/wp\/v2\/pages"}],"about":[{"href":"https:\/\/signum.pb.edu.pl\/konkurs\/index.php?rest_route=\/wp\/v2\/types\/page"}],"author":[{"embeddable":true,"href":"https:\/\/signum.pb.edu.pl\/konkurs\/index.php?rest_route=\/wp\/v2\/users\/1"}],"replies":[{"embeddable":true,"href":"https:\/\/signum.pb.edu.pl\/konkurs\/index.php?rest_route=%2Fwp%2Fv2%2Fcomments&post=906"}],"version-history":[{"count":2,"href":"https:\/\/signum.pb.edu.pl\/konkurs\/index.php?rest_route=\/wp\/v2\/pages\/906\/revisions"}],"predecessor-version":[{"id":909,"href":"https:\/\/signum.pb.edu.pl\/konkurs\/index.php?rest_route=\/wp\/v2\/pages\/906\/revisions\/909"}],"wp:attachment":[{"href":"https:\/\/signum.pb.edu.pl\/konkurs\/index.php?rest_route=%2Fwp%2Fv2%2Fmedia&parent=906"}],"curies":[{"name":"wp","href":"https:\/\/api.w.org\/{rel}","templated":true}]}}