{"id":616,"date":"2019-12-17T11:47:54","date_gmt":"2019-12-17T10:47:54","guid":{"rendered":"http:\/\/signum.pb.edu.pl\/konkurs\/?page_id=616"},"modified":"2023-03-31T16:04:01","modified_gmt":"2023-03-31T14:04:01","slug":"rodo","status":"publish","type":"page","link":"https:\/\/signum.pb.edu.pl\/konkurs\/?page_id=616","title":{"rendered":"Rodo"},"content":{"rendered":"<div class=\"cont-ent\" tabindex=\"0\">\n<p>&nbsp;<\/p>\n<p class=\"has-text-align-center\" tabindex=\"0\"><strong>Informacja Administratora w zwi\u0105zku z przetwarzaniem danych w celu organizacji konkursu \u201eMatematyka stosowana\u201d \u2013 zgodnie z art. 14 ust. 1 Rozporz\u0105dzenia Parlamentu Europejskiego i Rady (UE) 2016\/679 z dnia 27 kwietnia 2016 r. w sprawie ochrony os\u00f3b fizycznych w zwi\u0105zku z przetwarzaniem danych osobowych i w sprawie swobodnego przep\u0142ywu takich danych oraz uchylenia dyrektywy 95\/46\/WE (zwanego dalej RODO)<\/strong><\/p>\n<ol>\n<li tabindex=\"0\">Administratorem Pani\/Pana danych osobowych jest Politechnika Bia\u0142ostocka, ul. Wiejska 45A, 15-351 Bia\u0142ystok (zwana dalej Uczelni\u0105), tel.: 85 746 90 00,&nbsp;<a href=\"http:\/\/www.pb.edu.pl\/\">www.pb.edu.pl<\/a>, e-mail: rektorat@pb.edu.pl;<\/li>\n<li tabindex=\"0\">Administrator, zgodnie z art. 37 ust. 1 lit. a) RODO, powo\u0142a\u0142 Inspektora Ochrony Danych, z kt\u00f3rym w sprawach zwi\u0105zanych z przetwarzaniem danych osobowych, mo\u017ce si\u0119 Pani\/Pan kontaktowa\u0107 za pomoc\u0105 poczty elektronicznej pod adresem:&nbsp;<a href=\"mailto:iod@pb.edu.pl\" target=\"_blank\" rel=\"noreferrer noopener\">iod@pb.edu.pl<\/a>.<\/li>\n<li tabindex=\"0\">Pani \/ Pana dane osobowe b\u0119d\u0105 przetwarzane w zwi\u0105zku z uczestnictwem w konkursie \u201eMatematyka stosowana\u201d \u2013 na podstawie art. 6 ust. 1 lit. e RODO.<\/li>\n<li tabindex=\"0\">Odbiorcami Pani\/Pana danych osobowych mog\u0105 by\u0107 podmioty uprawnione na podstawie przepis\u00f3w prawa. W przypadku laureat\u00f3w konkursu w zakresie imienia, nazwiska, nazwy szko\u0142y oraz wizerunku tak\u017ce u\u017cytkownicy stron internetowych Administratora, na kt\u00f3rych zostan\u0105 podane wyniki konkursu&nbsp;<a href=\"https:\/\/signum.pb.bialystok.pl\/konkurs\/\">(signum.pb.edu.pl\/konkurs\/&nbsp;<\/a>).<\/li>\n<li tabindex=\"0\">Pani\/Pana dane osobowe b\u0119d\u0105 przechowywane do ko\u0144ca roku kalendarzowego nast\u0119puj\u0105cego po roku, w kt\u00f3rym zako\u0144czy\u0142 si\u0119 konkurs. W przypadku laureat\u00f3w konkursu dane osobowe b\u0119d\u0105 przechowywane zgodnie z przepisami prawa dotycz\u0105cymi archiwizacji.<\/li>\n<li tabindex=\"0\">Przys\u0142uguje Pani\/Panu prawo dost\u0119pu do tre\u015bci swoich danych oraz z zastrze\u017ceniem przepis\u00f3w prawa przys\u0142uguje Pani\/Panu prawo do:\n<ol>\n<li tabindex=\"0\">sprostowania danych;<\/li>\n<li tabindex=\"0\">usuni\u0119cia danych;<\/li>\n<li tabindex=\"0\">ograniczenia przetwarzania danych;<\/li>\n<li tabindex=\"0\">przenoszenia danych;<\/li>\n<li tabindex=\"0\">wniesienia sprzeciwu wobec przetwarzania danych osobowych;<\/li>\n<\/ol>\n<p>Realizacja wy\u017cej wymienionych praw odbywa si\u0119 poprzez z\u0142o\u017cenie pisemnego podania do Uczelni.<\/li>\n<li tabindex=\"0\">Przys\u0142uguje Pani\/Panu prawo do wniesienia skargi do organu nadzorczego \u2013 Prezesa Urz\u0119du Ochrony Danych Osobowych, gdy uzna Pani\/Pan, \u017ce przetwarzanie danych osobowych narusza powszechnie obowi\u0105zuj\u0105ce przepisy w tym zakresie.<\/li>\n<li tabindex=\"0\">Podanie danych osobowych jest niezb\u0119dne do wzi\u0119cia udzia\u0142u w konkursie. Konsekwencj\u0105 ich niepodania b\u0119dzie brak mo\u017cliwo\u015bci wzi\u0119cia udzia\u0142u w konkursie.<\/li>\n<li tabindex=\"0\">Dane osobowe nie b\u0119d\u0105 wykorzystywane do zautomatyzowanego podejmowania decyzji ani profilowania, o kt\u00f3rym mowa w art. 22.<\/li>\n<li tabindex=\"0\">\n<p tabindex=\"-1\">&nbsp;<\/p>\n<p class=\"has-text-align-center\" tabindex=\"0\"><strong> Dodatkowa informacja Administratora w zwi\u0105zku z przetwarzaniem danych w celu organizacji konkursu \u201eMatematyka stosowana\u201d przeznaczona dla nauczyciela\/opiekuna merytorycznego uczestnika konkursu <\/strong><\/p>\n<\/li>\n<li tabindex=\"0\">Pani\/Pana dane pozyskano od uczestnika konkursu \u201eMatematyka stosowana\u201d.<\/li>\n<li tabindex=\"0\">Pani\/Pana dane osobowe przetwarzane b\u0119d\u0105 w celu organizacji konkursu, w zwi\u0105zku ze wskazaniem Pani\/Pana osoby jako nauczyciela\/opiekuna merytorycznego uczestnika konkursu \u2013 na podstawie art. 6 ust 1 lit. e RODO.<\/li>\n<li tabindex=\"0\">Pani\/Pana dane osobowe kt\u00f3re przetwarzamy to: imi\u0119\/imiona, nazwisko, telefon kontaktowy, adres e-mail, nazwa szko\u0142y, adres szko\u0142y.<\/li>\n<\/ol>\n<\/div>\n","protected":false},"excerpt":{"rendered":"<p>&nbsp; Informacja Administratora w zwi\u0105zku z przetwarzaniem danych w celu organizacji konkursu \u201eMatematyka stosowana\u201d \u2013 zgodnie z art. 14 ust. 1 Rozporz\u0105dzenia Parlamentu Europejskiego i Rady (UE) 2016\/679 z dnia 27 kwietnia 2016 r. w sprawie ochrony os\u00f3b fizycznych w zwi\u0105zku z przetwarzaniem danych osobowych i w sprawie swobodnego przep\u0142ywu takich danych oraz uchylenia dyrektywy [&hellip;]<\/p>\n","protected":false},"author":1,"featured_media":0,"parent":0,"menu_order":17,"comment_status":"closed","ping_status":"closed","template":"","meta":{"ngg_post_thumbnail":0,"footnotes":""},"class_list":["post-616","page","type-page","status-publish","hentry"],"_links":{"self":[{"href":"https:\/\/signum.pb.edu.pl\/konkurs\/index.php?rest_route=\/wp\/v2\/pages\/616","targetHints":{"allow":["GET"]}}],"collection":[{"href":"https:\/\/signum.pb.edu.pl\/konkurs\/index.php?rest_route=\/wp\/v2\/pages"}],"about":[{"href":"https:\/\/signum.pb.edu.pl\/konkurs\/index.php?rest_route=\/wp\/v2\/types\/page"}],"author":[{"embeddable":true,"href":"https:\/\/signum.pb.edu.pl\/konkurs\/index.php?rest_route=\/wp\/v2\/users\/1"}],"replies":[{"embeddable":true,"href":"https:\/\/signum.pb.edu.pl\/konkurs\/index.php?rest_route=%2Fwp%2Fv2%2Fcomments&post=616"}],"version-history":[{"count":24,"href":"https:\/\/signum.pb.edu.pl\/konkurs\/index.php?rest_route=\/wp\/v2\/pages\/616\/revisions"}],"predecessor-version":[{"id":908,"href":"https:\/\/signum.pb.edu.pl\/konkurs\/index.php?rest_route=\/wp\/v2\/pages\/616\/revisions\/908"}],"wp:attachment":[{"href":"https:\/\/signum.pb.edu.pl\/konkurs\/index.php?rest_route=%2Fwp%2Fv2%2Fmedia&parent=616"}],"curies":[{"name":"wp","href":"https:\/\/api.w.org\/{rel}","templated":true}]}}