{"id":493,"date":"2019-02-12T18:06:51","date_gmt":"2019-02-12T17:06:51","guid":{"rendered":"http:\/\/signum.pb.edu.pl\/konkurs\/?page_id=493"},"modified":"2026-03-05T22:51:55","modified_gmt":"2026-03-05T21:51:55","slug":"emulator-casio","status":"publish","type":"page","link":"https:\/\/signum.pb.edu.pl\/konkurs\/?page_id=493","title":{"rendered":"Emulator CASIO"},"content":{"rendered":"\r\n<div class=\"cont-ent\" style=\"font-size: medium;\">\r\n<p><a style=\"background:#edede3;padding: 5px;\" href=\"https:\/\/signum.pb.edu.pl\/konkurs\/wp-content\/uploads\/2019\/02\/fx-991CEX_sub_200_2b.zip\">Emulator kalkulatora CASIO fx-991 CEX<\/a><\/p>\r\n<p><br><a style=\"background:#edede3;padding: 5px;\" href=\"https:\/\/signum.pb.edu.pl\/konkurs\/wp-content\/uploads\/2021\/03\/CASIo-fx-991ce-x_w2.pdf\">Instrukcja obs\u0142ugi (skr\u00f3cona)<\/a><\/p>\r\n<p><br><a style=\"background:#edede3;padding: 5px;\" href=\"https:\/\/signum.pb.edu.pl\/konkurs\/wp-content\/uploads\/2021\/03\/image2019-02-18-084113.pdf\">Instrukcja obs\u0142ugi (pe\u0142na)<\/a><\/p>\r\n<\/div>\r\n\r\n\r\n\r\n<p>&nbsp;<\/p>\r\n","protected":false},"excerpt":{"rendered":"<p>Emulator kalkulatora CASIO fx-991 CEX Instrukcja obs\u0142ugi (skr\u00f3cona) Instrukcja obs\u0142ugi (pe\u0142na) &nbsp;<\/p>\n","protected":false},"author":1,"featured_media":0,"parent":0,"menu_order":14,"comment_status":"closed","ping_status":"closed","template":"","meta":{"ngg_post_thumbnail":0,"footnotes":""},"class_list":["post-493","page","type-page","status-publish","hentry"],"_links":{"self":[{"href":"https:\/\/signum.pb.edu.pl\/konkurs\/index.php?rest_route=\/wp\/v2\/pages\/493","targetHints":{"allow":["GET"]}}],"collection":[{"href":"https:\/\/signum.pb.edu.pl\/konkurs\/index.php?rest_route=\/wp\/v2\/pages"}],"about":[{"href":"https:\/\/signum.pb.edu.pl\/konkurs\/index.php?rest_route=\/wp\/v2\/types\/page"}],"author":[{"embeddable":true,"href":"https:\/\/signum.pb.edu.pl\/konkurs\/index.php?rest_route=\/wp\/v2\/users\/1"}],"replies":[{"embeddable":true,"href":"https:\/\/signum.pb.edu.pl\/konkurs\/index.php?rest_route=%2Fwp%2Fv2%2Fcomments&post=493"}],"version-history":[{"count":19,"href":"https:\/\/signum.pb.edu.pl\/konkurs\/index.php?rest_route=\/wp\/v2\/pages\/493\/revisions"}],"predecessor-version":[{"id":1284,"href":"https:\/\/signum.pb.edu.pl\/konkurs\/index.php?rest_route=\/wp\/v2\/pages\/493\/revisions\/1284"}],"wp:attachment":[{"href":"https:\/\/signum.pb.edu.pl\/konkurs\/index.php?rest_route=%2Fwp%2Fv2%2Fmedia&parent=493"}],"curies":[{"name":"wp","href":"https:\/\/api.w.org\/{rel}","templated":true}]}}