{"id":36,"date":"2015-12-09T10:35:10","date_gmt":"2015-12-09T09:35:10","guid":{"rendered":"https:\/\/signum.pb.edu.pl\/konkurs\/?page_id=36"},"modified":"2026-02-10T15:00:06","modified_gmt":"2026-02-10T14:00:06","slug":"zagadnienia","status":"publish","type":"page","link":"https:\/\/signum.pb.edu.pl\/konkurs\/?page_id=36","title":{"rendered":"Zagadnienia"},"content":{"rendered":"<h4 style=\"text-align: right;\"><a title=\"Obowi\u0105zuj\u0105ce zagadnienia (PDF, wersja dost\u0119pna cyfrowo, 167KB)\" href=\"https:\/\/signum.pb.edu.pl\/konkurs\/wp-content\/uploads\/2026\/02\/Obowiazujace_zagadnienia_Matematyka_stosowana_2025-2026.pdf\"><img loading=\"lazy\" decoding=\"async\" class=\"alignnone size-full wp-image-71\" src=\"http:\/\/signum.pb.edu.pl\/konkurs\/wp-content\/uploads\/2016\/11\/ico_pdf.png\" alt=\"Obowi\u0105zuj\u0105ce zagadnienia (PDF, wersja dost\u0119pna cyfrowo, 57KB)\" width=\"64\" height=\"64\"><\/a><\/h4>\n<h4 style=\"text-align: center;\">Obowi\u0105zuj\u0105ce zagadnienia w konkursie pt.<\/h4>\n<h3 style=\"text-align: center;\"><span style=\"color: #3366ff;\">\u201eMATEMATYKA STOSOWANA\u201d<\/span><\/h3>\n<div style=\"font-size: medium;\">\n<p style=\"text-align: justify;\">Zadania fina\u0142owe oraz quiz mog\u0105 zawiera\u0107 zagadnienia realizowane w nast\u0119puj\u0105cych dzia\u0142ach matematyki obowi\u0105zuj\u0105cych w podstawie programowej szko\u0142y ponadpodstawowej:<\/p>\n<ul>\n<li>funkcja liniowa,<\/li>\n<li>funkcja kwadratowa,<\/li>\n<li>wielomiany,<\/li>\n<li>funkcje wymierne,<\/li>\n<li>funkcje wyk\u0142adnicze,<\/li>\n<li>funkcje logarytmiczne,<\/li>\n<li>funkcje trygonometryczne,<\/li>\n<li>pochodne,<\/li>\n<li>ekstrema funkcji,<\/li>\n<li>planimetria,<\/li>\n<li>kombinatoryka,<\/li>\n<li>statystyczne opracowanie danych,<\/li>\n<li>uk\u0142ady r\u00f3wna\u0144 w praktyce,<\/li>\n<li>zadania z kontekstem praktycznym<\/li>\n<\/ul>\n<p style=\"text-align: justify;\">oraz zagadnienia matematyczne wykraczaj\u0105ce poza podstaw\u0119 programow\u0105 szko\u0142y ponadpodstawowej:<\/p>\n<ul>\n<li>rachunek b\u0142\u0119d\u00f3w,<\/li>\n<li>liczby zespolone w zakresie 4 podstawowych dzia\u0142a\u0144 arytmetycznych (dodawanie, odejmowanie, mno\u017cenie i dzielenie), odwrotno\u015b\u0107 liczby zespolonej, sprz\u0119\u017cenie oraz posta\u0107 algebraiczna, trygonometryczna i wyk\u0142adnicza,<\/li>\n<li>macierze i podstawowe dzia\u0142ania na macierzach.<\/li>\n<\/ul>\n<p>Trzy ostatnie zagadnienia zostan\u0105 poprzedzone wprowadzaj\u0105cym wyk\u0142adem w terminie p\u00f3\u017aniejszym, podanym w stosownym komunikacie w lutym. B\u0119dzie to mia\u0142o miejsce po zamkni\u0119ciu rejestracji, ale przed I etapem konkursu.<\/p>\n<p style=\"text-align: justify;\">Ponadto niezb\u0119dna b\u0119dzie znajomo\u015b\u0107 j\u0119zyka angielskiego na poziomie podstawowym.<\/p>\n<p style=\"text-align: center;\"><i>W przypadku pyta\u0144 prosimy o kontakt mailowy (podaj\u0105c w temacie \u201eKonkurs \u2013 Matematyka stosowana\u201d)<br \/>\n<\/i><\/p>\n<\/div>\n","protected":false},"excerpt":{"rendered":"<p>Obowi\u0105zuj\u0105ce zagadnienia w konkursie pt. \u201eMATEMATYKA STOSOWANA\u201d Zadania fina\u0142owe oraz quiz mog\u0105 zawiera\u0107 zagadnienia realizowane w nast\u0119puj\u0105cych dzia\u0142ach matematyki obowi\u0105zuj\u0105cych w podstawie programowej szko\u0142y ponadpodstawowej: funkcja liniowa, funkcja kwadratowa, wielomiany, funkcje wymierne, funkcje wyk\u0142adnicze, funkcje logarytmiczne, funkcje trygonometryczne, pochodne, ekstrema funkcji, planimetria, kombinatoryka, statystyczne opracowanie danych, uk\u0142ady r\u00f3wna\u0144 w praktyce, zadania z kontekstem praktycznym oraz [&hellip;]<\/p>\n","protected":false},"author":1,"featured_media":0,"parent":0,"menu_order":10,"comment_status":"closed","ping_status":"closed","template":"","meta":{"ngg_post_thumbnail":0,"footnotes":""},"class_list":["post-36","page","type-page","status-publish","hentry"],"_links":{"self":[{"href":"https:\/\/signum.pb.edu.pl\/konkurs\/index.php?rest_route=\/wp\/v2\/pages\/36","targetHints":{"allow":["GET"]}}],"collection":[{"href":"https:\/\/signum.pb.edu.pl\/konkurs\/index.php?rest_route=\/wp\/v2\/pages"}],"about":[{"href":"https:\/\/signum.pb.edu.pl\/konkurs\/index.php?rest_route=\/wp\/v2\/types\/page"}],"author":[{"embeddable":true,"href":"https:\/\/signum.pb.edu.pl\/konkurs\/index.php?rest_route=\/wp\/v2\/users\/1"}],"replies":[{"embeddable":true,"href":"https:\/\/signum.pb.edu.pl\/konkurs\/index.php?rest_route=%2Fwp%2Fv2%2Fcomments&post=36"}],"version-history":[{"count":25,"href":"https:\/\/signum.pb.edu.pl\/konkurs\/index.php?rest_route=\/wp\/v2\/pages\/36\/revisions"}],"predecessor-version":[{"id":1329,"href":"https:\/\/signum.pb.edu.pl\/konkurs\/index.php?rest_route=\/wp\/v2\/pages\/36\/revisions\/1329"}],"wp:attachment":[{"href":"https:\/\/signum.pb.edu.pl\/konkurs\/index.php?rest_route=%2Fwp%2Fv2%2Fmedia&parent=36"}],"curies":[{"name":"wp","href":"https:\/\/api.w.org\/{rel}","templated":true}]}}