{"id":30,"date":"2015-12-09T10:17:11","date_gmt":"2015-12-09T09:17:11","guid":{"rendered":"https:\/\/signum.pb.edu.pl\/konkurs\/?page_id=30"},"modified":"2026-02-10T14:39:17","modified_gmt":"2026-02-10T13:39:17","slug":"strona-glowna","status":"publish","type":"page","link":"https:\/\/signum.pb.edu.pl\/konkurs\/","title":{"rendered":"Start"},"content":{"rendered":"<div class=\"cont-ent\">\n<div id=\"main\" style=\"text-align: justify; font-size: medium;\">\n<p style=\"text-align: left;\">Konkurs \u201eMatematyka stosowana\u201d jest konkursem o indeks na <b>dowolny kierunek<\/b> studi\u00f3w dziennych prowadzony na Politechnice Bia\u0142ostockiej. W roku szkolnym 2025\/2026 odb\u0119dzie si\u0119 XI edycja tego konkursu.<\/p>\n<p style=\"text-align: left;\">Organizatorem jest Centrum Popularyzacji Matematyki SIGNUM dzia\u0142aj\u0105ce przy Wydziale Informatyki PB. W przeprowadzeniu konkursu uczestnicz\u0105 wszystkie Wydzia\u0142y Politechniki Bia\u0142ostockiej oraz Studium J\u0119zyk\u00f3w Obcych.<\/p>\n<p style=\"text-align: center; font-weight: bold; color: red;\">Rejestracja uczestnik\u00f3w ko\u0144czy si\u0119 22. lutego 2026 r.<\/p>\n<p style=\"text-align: center;\"><style type='text\/css'>\n\t\t\t#prezentacja-2020pjc-slideshow .frs-timer { display: none !important; }\n\t\t\t\t\t\n\t\t\t\n\t\t\t\t\n\t\t\t#prezentacja-2020pjc-slideshow .frs-slider-nav { display:none !important; }\t\n\t\t\t#prezentacja-2020pjc .frs-wrapper .frs-caption {\n\t\t\t\tdisplay:none;\n\t\t\t}\n\t\t\t#prezentacja-2020pjc-slideshow .frs-caption h4, #prezentacja-2020pjc-slideshow .frs-caption-inner h4{\n\t\t\t\tfont-size:22px;\n\t\t\t    margin:0px;\t\t\n\t\t\t}\n\t\t\t#prezentacja-2020pjc-slideshow .frs-caption p, #prezentacja-2020pjc-slideshow .frs-caption-inner p{\n\t\t\t    margin:0px;\t\t\n\t\t\t    font-size:16px;\n\t\t\t}\n\t\t\t.frs-slideshow-container span.frs-caption {\n\t\t\t\theight: 0px !important;\n\t\t\t\tposition: absolute;\n\t\t\t}\n\t\t\t.frs-caption-content div h1, .frs-caption-content div h2, .frs-caption-content div h3, .frs-caption-content div h4, .frs-caption-content div p {\n\t\t\t\tcolor: inherit !important;\n\t\t\t\ttext-align: inherit !important;\n\t\t\t\tline-height: 1.5;\n\t\t\t}\n\t\t\t\n\t\t<\/style><style>.frs-slideshow-container#prezentacja-2020pjc {\r\n\tmargin-top: 25px;\r\n\tmargin-bottom: 75px;\r\n}<\/style><!-- Slideshow generated using Fluid-Responsive-Slideshow, https:\/\/www.tonjoostudio.com\/addons\/fluid-responsive-slideshow\/ -->\n\t\t<script type='text\/javascript'>\n\t\t\tjQuery(document).ready(function($) {\n\t\t\t\t$('#prezentacja-2020pjc').frs({\n\t\t\t\t\tanimation : 'horizontal-slide', \/\/ horizontal-slide, vertical-slide, fade\n\t\t\t\t\tanimationSpeed :  800, \/\/ how fast animtions are\n\t\t\t\t\ttimer :  true, \/\/ true or false to have the timer\n\t\t\t\t\tadvanceSpeed :   5000, \/\/ if timer is enabled, time between transitions\n\t\t\t\t\tpauseOnHover : true, \/\/ if you hover pauses the slider\n\t\t\t\t\tstartClockOnMouseOut :  true, \/\/ if clock should start on MouseOut\n\t\t\t\t\tstartClockOnMouseOutAfter :  800, \/\/ how long after MouseOut should the timer start again\n\t\t\t\t\tdirectionalNav : true, \/\/ manual advancing directional navs\n\t\t\t\t\tcaptions : true, \/\/ do you want captions?\n\t\t\t\t\tcaptionAnimation : 'fade', \/\/ fade, slideOpen, none\n\t\t\t\t\tcaptionAnimationSpeed : 800, \/\/ if so how quickly should they animate in\n\t\t\t\t\tbullets :  true, \/\/ true or false to activate the bullet navigation\n\t\t\t\t\tbulletThumbs : true, \/\/ thumbnails for the bullets\n\t\t\t\t\tbulletThumbLocation : '', \/\/ location from this file where thumbs will be\n\t\t\t\t\tnavigationSmallTreshold:  false,\n\t\t\t\t\tnavigationSmall: 600,\n\t\t\t\t\tskinClass: 'frs-skin-default',\n\t\t\t\t\twidth: 960,\n\t\t\t\t\theight: 720,\n\t\t\t\t\tfullWidth: true,\n\t\t\t\t\tminHeight: 300,\n\t\t\t\t\tmaxHeight: 0,\n\t\t\t\t\tsbullets: false,\n\t\t\t\t\tsbulletsItemWidth: 200,\n\t\t\t\t\tcontinousSliding: false,\n\t\t\t\t\tjsOnly: false\n\t\t\t\t});\t\t\n\t\t\t\t\t\t\n\t\t\t\t\/**\n\t\t\t\t * touchSwipe\n\t\t\t\t *\/\n\t\t\t\t$('#prezentacja-2020pjc-slideshow .frs-slide-img').swipe( \n\t\t\t\t{\n\t\t\t        swipeLeft:function(event, direction, distance, duration, fingerCount) {\n\t\t\t\t\t\t$('#prezentacja-2020pjc-slideshow .frs-slider-nav .frs-arrow-right').click();\t\t\t\t\t\t\n\t\t\t\t\t},\n\n\t\t\t\t\tswipeRight:function(event, direction, distance, duration, fingerCount) {\n\t\t\t\t\t\t$('#prezentacja-2020pjc-slideshow .frs-slider-nav .frs-arrow-left').click();\n\t\t\t\t\t},\n\n\t\t\t        triggerOnTouchLeave:true\n\t\t\t    });\n\t\t\t})\t\t\n\t\t<\/script>\n\t\t<!--[if lt IE 9]>\n\t\t\t<style type='text\/css'>\n\t\t\t#prezentacja-2020pjc-slideshow .frs-timer { display: none !important; }\n\t\t\t#prezentacja-2020pjc-slideshow div.caption { background:transparent; filter:progid:DXImageTransform.Microsoft.gradient(startColorstr=#99000000,endColorstr=#99000000);zoom: 1; }\n\t\t\t<\/style>\n\t\t<![endif]--><div class='frs-slideshow-container' id='prezentacja-2020pjc'><div class='frs-slide-img-wrapper' style='display:none;'><div class='frs-slide-img' style = 'display:none;background:#000000' ><img tabindex='0' alt='Prezentacja: slajd 1 z 26: Logo konkursu.' src='https:\/\/signum.pb.edu.pl\/konkurs\/wp-content\/uploads\/2026\/02\/Slajd1.jpg' \/><\/div><div class='frs-slide-img' style = 'display:none;background:#000000' ><img tabindex='0' alt='Prezentacja: slajd 2 z 26: informacja dost\u0119pna pod linkiem Instrukcja.' src='https:\/\/signum.pb.edu.pl\/konkurs\/wp-content\/uploads\/2026\/02\/Slajd2.jpg' \/><\/div><div class='frs-slide-img' style = 'display:none;background:#000000' ><img tabindex='0' alt='Prezentacja: slajd 3 z 26: informacja dost\u0119pna pod linkiem Start.' src='https:\/\/signum.pb.edu.pl\/konkurs\/wp-content\/uploads\/2026\/02\/Slajd3.jpg' \/><\/div><div class='frs-slide-img' style = 'display:none;background:#000000' ><img tabindex='0' alt='Prezentacja: slajd 4 z 26: informacja dost\u0119pna pod linkiem Start.' src='https:\/\/signum.pb.edu.pl\/konkurs\/wp-content\/uploads\/2026\/02\/Slajd4.jpg' \/><\/div><div class='frs-slide-img' style = 'display:none;background:#000000' ><img tabindex='0' alt='Prezentacja: slajd 5 z 26: informacja dost\u0119pna pod linkiem Instrukcja.' src='https:\/\/signum.pb.edu.pl\/konkurs\/wp-content\/uploads\/2026\/02\/Slajd5.jpg' \/><\/div><div class='frs-slide-img' style = 'display:none;background:#000000' ><img tabindex='0' alt='Prezentacja: slajd 6 z 26: informacja dost\u0119pna pod linkiem Instrukcja.' src='https:\/\/signum.pb.edu.pl\/konkurs\/wp-content\/uploads\/2026\/02\/Slajd6.jpg' \/><\/div><div class='frs-slide-img' style = 'display:none;background:#000000' ><img tabindex='0' alt='Prezentacja: slajd 7 z 26: informacja dost\u0119pna pod linkiem Instrukcja.' src='https:\/\/signum.pb.edu.pl\/konkurs\/wp-content\/uploads\/2026\/02\/Slajd7.jpg' \/><\/div><div class='frs-slide-img' style = 'display:none;background:#000000' ><img tabindex='0' alt='Prezentacja: slajd 8 z 26: informacja dost\u0119pna pod linkiem Instrukcja.' src='https:\/\/signum.pb.edu.pl\/konkurs\/wp-content\/uploads\/2026\/02\/Slajd8.jpg' \/><\/div><div class='frs-slide-img' style = 'display:none;background:#000000' ><img tabindex='0' alt='Prezentacja: slajd 9 z 26: zdj\u0119cie archiwalne z drugiego etapu konkursu na Wydziale Architektury.' src='https:\/\/signum.pb.edu.pl\/konkurs\/wp-content\/uploads\/2026\/02\/Slajd9.jpg' \/><\/div><div class='frs-slide-img' style = 'display:none;background:#000000' ><img tabindex='0' alt='Prezentacja: slajd 10 z 26: zdj\u0119cie archiwalne z drugiego etapu konkursu na Wydziale Architektury. Dw\u00f3ch uczestnik\u00f3w konkursu siedzi przy stoliku i rozwi\u0105zuje na kartkach zadanie.' src='https:\/\/signum.pb.edu.pl\/konkurs\/wp-content\/uploads\/2026\/02\/Slajd10.jpg' \/><\/div><div class='frs-slide-img' style = 'display:none;background:#000000' ><img tabindex='0' alt='Prezentacja: slajd 11 z 26: zdj\u0119cie archiwalne z drugiego etapu konkursu na Wydziale Budownictwa i Nauk o \u015arodowisku. Dwie uczestniczki konkursu rozwi\u0105zuj\u0105 zadanie korzystaj\u0105c z odpowiednich przyrz\u0105d\u00f3w.' src='https:\/\/signum.pb.edu.pl\/konkurs\/wp-content\/uploads\/2026\/02\/Slajd11.jpg' \/><\/div><div class='frs-slide-img' style = 'display:none;background:#000000' ><img tabindex='0' alt='Prezentacja: slajd 12 z 26: zdj\u0119cie archiwalne z drugiego etapu konkursu na Wydziale Budownictwa i Nauk o \u015arodowisku. Dwie dru\u017cyny rozwi\u0105zuj\u0105 zadanie korzystaj\u0105c z odpowiednich przyrz\u0105d\u00f3w.' src='https:\/\/signum.pb.edu.pl\/konkurs\/wp-content\/uploads\/2026\/02\/Slajd12.jpg' \/><\/div><div class='frs-slide-img' style = 'display:none;background:#000000' ><img tabindex='0' alt='Prezentacja: slajd 13 z 26: zdj\u0119cie archiwalne z drugiego etapu konkursu na Wydziale Elektrycznym. Dwie dru\u017cyny rozwi\u0105zuj\u0105 zadanie korzystaj\u0105c z odpowiednich przyrz\u0105d\u00f3w.' src='https:\/\/signum.pb.edu.pl\/konkurs\/wp-content\/uploads\/2026\/02\/Slajd13.jpg' \/><\/div><div class='frs-slide-img' style = 'display:none;background:#000000' ><img tabindex='0' alt='Prezentacja: slajd 14 z 26: zdj\u0119cie archiwalne z drugiego etapu konkursu na Wydziale Elektrycznym. Dw\u00f3ch uczestnik\u00f3w rozwi\u0105zuje zadanie korzystaj\u0105c z odpowiednich przyrz\u0105d\u00f3w.' src='https:\/\/signum.pb.edu.pl\/konkurs\/wp-content\/uploads\/2026\/02\/Slajd14.jpg' \/><\/div><div class='frs-slide-img' style = 'display:none;background:#000000' ><img tabindex='0' alt='Prezentacja: slajd 15 z 26: zdj\u0119cie archiwalne z drugiego etapu konkursu na Wydziale Informatyki. Trzy dru\u017cyny rozwi\u0105zuj\u0105 zadanie w pracowni komputerowej.' src='https:\/\/signum.pb.edu.pl\/konkurs\/wp-content\/uploads\/2026\/02\/Slajd15.jpg' \/><\/div><div class='frs-slide-img' style = 'display:none;background:#000000' ><img tabindex='0' alt='Prezentacja: slajd 16 z 26: zdj\u0119cie archiwalne z drugiego etapu konkursu na Wydziale Informatyki. Dwie dru\u017cyny rozwi\u0105zuj\u0105 zadanie w pracowni komputerowej.' src='https:\/\/signum.pb.edu.pl\/konkurs\/wp-content\/uploads\/2026\/02\/Slajd16.jpg' \/><\/div><div class='frs-slide-img' style = 'display:none;background:#000000' ><img tabindex='0' alt='Prezentacja: slajd 17 z 26: zdj\u0119cie archiwalne z drugiego etapu konkursu na Wydziale Mechanicznym. Dwie dru\u017cyny rozwi\u0105zuj\u0105 zadanie korzystaj\u0105c z odpowiednich przyrz\u0105d\u00f3w.' src='https:\/\/signum.pb.edu.pl\/konkurs\/wp-content\/uploads\/2026\/02\/Slajd17.jpg' \/><\/div><div class='frs-slide-img' style = 'display:none;background:#000000' ><img tabindex='0' alt='Prezentacja: slajd 18 z 26: zdj\u0119cie archiwalne z drugiego etapu konkursu na Wydziale Mechanicznym. Dwie dru\u017cyny rozwi\u0105zuj\u0105 zadanie korzystaj\u0105c z odpowiednich przyrz\u0105d\u00f3w.' src='https:\/\/signum.pb.edu.pl\/konkurs\/wp-content\/uploads\/2026\/02\/Slajd18.jpg' \/><\/div><div class='frs-slide-img' style = 'display:none;background:#000000' ><img tabindex='0' alt='Prezentacja: slajd 19 z 26: zdj\u0119cie archiwalne z drugiego etapu konkursu na Wydziale In\u017cynierii Zarz\u0105dzania. Dru\u017cyna rozwi\u0105zuje zadanie w pracowni komputerowej.' src='https:\/\/signum.pb.edu.pl\/konkurs\/wp-content\/uploads\/2026\/02\/Slajd19.jpg' \/><\/div><div class='frs-slide-img' style = 'display:none;background:#000000' ><img tabindex='0' alt='Prezentacja: slajd 20 z 26: zdj\u0119cie archiwalne z drugiego etapu konkursu na Wydziale In\u017cynierii Zarz\u0105dzania. Trzy dru\u017cyny rozwi\u0105zuj\u0105 zadanie w pracowni komputerowej.' src='https:\/\/signum.pb.edu.pl\/konkurs\/wp-content\/uploads\/2026\/02\/Slajd20.jpg' \/><\/div><div class='frs-slide-img' style = 'display:none;background:#000000' ><img tabindex='0' alt='Prezentacja: slajd 21 z 26: zdj\u0119cie archiwalne z drugiego etapu konkursu w Studium J\u0119zyk\u00f3w Obcych. Dru\u017cyna rozwi\u0105zuje zadanie na kartkach.' src='https:\/\/signum.pb.edu.pl\/konkurs\/wp-content\/uploads\/2026\/02\/Slajd21.jpg' \/><\/div><div class='frs-slide-img' style = 'display:none;background:#000000' ><img tabindex='0' alt='Prezentacja: slajd 22 z 26: zdj\u0119cie archiwalne z drugiego etapu konkursu w Studium J\u0119zyk\u00f3w Obcych. Kilka dru\u017cyn rozwi\u0105zuje zadanie na kartkach.' src='https:\/\/signum.pb.edu.pl\/konkurs\/wp-content\/uploads\/2026\/02\/Slajd22.jpg' \/><\/div><div class='frs-slide-img' style = 'display:none;background:#000000' ><img tabindex='0' alt='Prezentacja: slajd 23 z 26: informacja dost\u0119pna pod linkiem O konkursie.' src='https:\/\/signum.pb.edu.pl\/konkurs\/wp-content\/uploads\/2026\/02\/Slajd23.jpg' \/><\/div><div class='frs-slide-img' style = 'display:none;background:#000000' ><img tabindex='0' alt='Prezentacja: slajd 24 z 26: informacja dost\u0119pna pod linkiem O konkursie.' src='https:\/\/signum.pb.edu.pl\/konkurs\/wp-content\/uploads\/2026\/02\/Slajd24.jpg' \/><\/div><div class='frs-slide-img' style = 'display:none;background:#000000' ><img tabindex='0' alt='Prezentacja: slajd 25 z 26: informacja dost\u0119pna pod linkiem Instrukcja.' src='https:\/\/signum.pb.edu.pl\/konkurs\/wp-content\/uploads\/2026\/02\/Slajd25.jpg' \/><\/div><div class='frs-slide-img' style = 'display:none;background:#000000' ><img tabindex='0' alt='Prezentacja: slajd 26 z 26: Napis: kontakt: signum@pb.edu.pl' src='https:\/\/signum.pb.edu.pl\/konkurs\/wp-content\/uploads\/2026\/02\/Slajd26.jpg' \/><\/div><\/div><\/div><script type='text\/javascript'>jQuery(document).ready(function($){})<\/script><\/p>\n<\/div>\n<\/div>\n","protected":false},"excerpt":{"rendered":"<p>Konkurs \u201eMatematyka stosowana\u201d jest konkursem o indeks na dowolny kierunek studi\u00f3w dziennych prowadzony na Politechnice Bia\u0142ostockiej. W roku szkolnym 2025\/2026 odb\u0119dzie si\u0119 XI edycja tego konkursu. Organizatorem jest Centrum Popularyzacji Matematyki SIGNUM dzia\u0142aj\u0105ce przy Wydziale Informatyki PB. W przeprowadzeniu konkursu uczestnicz\u0105 wszystkie Wydzia\u0142y Politechniki Bia\u0142ostockiej oraz Studium J\u0119zyk\u00f3w Obcych. Rejestracja uczestnik\u00f3w ko\u0144czy si\u0119 22. lutego [&hellip;]<\/p>\n","protected":false},"author":1,"featured_media":0,"parent":0,"menu_order":0,"comment_status":"closed","ping_status":"closed","template":"","meta":{"ngg_post_thumbnail":0,"footnotes":""},"class_list":["post-30","page","type-page","status-publish","hentry"],"_links":{"self":[{"href":"https:\/\/signum.pb.edu.pl\/konkurs\/index.php?rest_route=\/wp\/v2\/pages\/30","targetHints":{"allow":["GET"]}}],"collection":[{"href":"https:\/\/signum.pb.edu.pl\/konkurs\/index.php?rest_route=\/wp\/v2\/pages"}],"about":[{"href":"https:\/\/signum.pb.edu.pl\/konkurs\/index.php?rest_route=\/wp\/v2\/types\/page"}],"author":[{"embeddable":true,"href":"https:\/\/signum.pb.edu.pl\/konkurs\/index.php?rest_route=\/wp\/v2\/users\/1"}],"replies":[{"embeddable":true,"href":"https:\/\/signum.pb.edu.pl\/konkurs\/index.php?rest_route=%2Fwp%2Fv2%2Fcomments&post=30"}],"version-history":[{"count":54,"href":"https:\/\/signum.pb.edu.pl\/konkurs\/index.php?rest_route=\/wp\/v2\/pages\/30\/revisions"}],"predecessor-version":[{"id":1322,"href":"https:\/\/signum.pb.edu.pl\/konkurs\/index.php?rest_route=\/wp\/v2\/pages\/30\/revisions\/1322"}],"wp:attachment":[{"href":"https:\/\/signum.pb.edu.pl\/konkurs\/index.php?rest_route=%2Fwp%2Fv2%2Fmedia&parent=30"}],"curies":[{"name":"wp","href":"https:\/\/api.w.org\/{rel}","templated":true}]}}